{"id":9510,"date":"2023-10-16T15:55:13","date_gmt":"2023-10-16T15:55:13","guid":{"rendered":"https:\/\/evocaecuador.com\/producto\/body-mapale-8760\/"},"modified":"2025-10-13T01:00:42","modified_gmt":"2025-10-13T01:00:42","slug":"body-mapale-8760","status":"publish","type":"product","link":"https:\/\/evocaecuador.com\/en\/product\/body-mapale-8760\/","title":{"rendered":"Body Mapal\u00e9 8760"},"content":{"rendered":"<p>Combina este rom\u00e1ntico encaje floral con la atrevida sensualidad de este dise\u00f1o de copa abierta.<br \/>\nTirantes ajustables, ligueros incorporados, tanga a juego.<br \/>\nConjunto  n\u00famero 8760<\/p>","protected":false},"excerpt":{"rendered":"<ul>\n<li> Combina este rom\u00e1ntico encaje floral con la atrevida sensualidad de este dise\u00f1o de copa abierta.  <\/li>\n<li> Tirantes ajustables, ligueros incorporados, tanga a juego.  <\/li>\n<li> Conjunto  n\u00famero 8760 <\/li>\n<\/ul>","protected":false},"featured_media":11490,"comment_status":"open","ping_status":"closed","template":"","meta":{"_joinchat":[]},"etheme_brands":[{"term_id":109,"name":"Mapal\u00e9","slug":"mapale","term_group":0,"term_taxonomy_id":109,"taxonomy":"brand","description":"M\u00e1xima Seducci\u00f3n","parent":0,"count":31,"filter":"raw"}],"product_brand":[],"product_cat":[103],"product_tag":[],"class_list":{"0":"post-9510","1":"product","2":"type-product","3":"status-publish","4":"has-post-thumbnail","6":"brand-mapale","7":"product_cat-bodys","9":"first","10":"instock","11":"taxable","12":"shipping-taxable","13":"purchasable","14":"product-type-variable"},"_links":{"self":[{"href":"https:\/\/evocaecuador.com\/en\/wp-json\/wp\/v2\/product\/9510","targetHints":{"allow":["GET"]}}],"collection":[{"href":"https:\/\/evocaecuador.com\/en\/wp-json\/wp\/v2\/product"}],"about":[{"href":"https:\/\/evocaecuador.com\/en\/wp-json\/wp\/v2\/types\/product"}],"replies":[{"embeddable":true,"href":"https:\/\/evocaecuador.com\/en\/wp-json\/wp\/v2\/comments?post=9510"}],"version-history":[{"count":1,"href":"https:\/\/evocaecuador.com\/en\/wp-json\/wp\/v2\/product\/9510\/revisions"}],"predecessor-version":[{"id":9812,"href":"https:\/\/evocaecuador.com\/en\/wp-json\/wp\/v2\/product\/9510\/revisions\/9812"}],"wp:featuredmedia":[{"embeddable":true,"href":"https:\/\/evocaecuador.com\/en\/wp-json\/wp\/v2\/media\/11490"}],"wp:attachment":[{"href":"https:\/\/evocaecuador.com\/en\/wp-json\/wp\/v2\/media?parent=9510"}],"wp:term":[{"taxonomy":"brand","embeddable":true,"href":"https:\/\/evocaecuador.com\/en\/wp-json\/wp\/v2\/etheme_brands?post=9510"},{"taxonomy":"product_brand","embeddable":true,"href":"https:\/\/evocaecuador.com\/en\/wp-json\/wp\/v2\/product_brand?post=9510"},{"taxonomy":"product_cat","embeddable":true,"href":"https:\/\/evocaecuador.com\/en\/wp-json\/wp\/v2\/product_cat?post=9510"},{"taxonomy":"product_tag","embeddable":true,"href":"https:\/\/evocaecuador.com\/en\/wp-json\/wp\/v2\/product_tag?post=9510"}],"curies":[{"name":"wp","href":"https:\/\/api.w.org\/{rel}","templated":true}]}}