{"id":9483,"date":"2023-10-13T18:13:01","date_gmt":"2023-10-13T18:13:01","guid":{"rendered":"https:\/\/evocaecuador.com\/producto\/body-mapale-8759\/"},"modified":"2025-10-13T01:00:42","modified_gmt":"2025-10-13T01:00:42","slug":"body-mapale-8759","status":"publish","type":"product","link":"https:\/\/evocaecuador.com\/en\/product\/body-mapale-8759\/","title":{"rendered":"Body Mapal\u00e9 8759"},"content":{"rendered":"<p>Una silueta cl\u00e1sica llena de descaro y romance. Encaje floral transparente, detalles de cordones y volantes.<br \/>\nTirantes ajustables y cierre ajustable en entrepierna.<br \/>\nN\u00famero de body  8759<\/p>","protected":false},"excerpt":{"rendered":"<ul>\n<li> Una silueta cl\u00e1sica llena de descaro y romance. Encaje floral transparente, detalles de cordones y volantes.  <\/li>\n<li> Tirantes ajustables y cierre ajustable en entrepierna.  <\/li>\n<li> N\u00famero de body  8759 <\/li>\n<\/ul>","protected":false},"featured_media":11489,"comment_status":"open","ping_status":"closed","template":"","meta":{"_joinchat":[]},"etheme_brands":[{"term_id":109,"name":"Mapal\u00e9","slug":"mapale","term_group":0,"term_taxonomy_id":109,"taxonomy":"brand","description":"M\u00e1xima Seducci\u00f3n","parent":0,"count":31,"filter":"raw"}],"product_brand":[],"product_cat":[103],"product_tag":[],"class_list":{"0":"post-9483","1":"product","2":"type-product","3":"status-publish","4":"has-post-thumbnail","6":"brand-mapale","7":"product_cat-bodys","9":"first","10":"instock","11":"taxable","12":"shipping-taxable","13":"purchasable","14":"product-type-variable"},"_links":{"self":[{"href":"https:\/\/evocaecuador.com\/en\/wp-json\/wp\/v2\/product\/9483","targetHints":{"allow":["GET"]}}],"collection":[{"href":"https:\/\/evocaecuador.com\/en\/wp-json\/wp\/v2\/product"}],"about":[{"href":"https:\/\/evocaecuador.com\/en\/wp-json\/wp\/v2\/types\/product"}],"replies":[{"embeddable":true,"href":"https:\/\/evocaecuador.com\/en\/wp-json\/wp\/v2\/comments?post=9483"}],"version-history":[{"count":1,"href":"https:\/\/evocaecuador.com\/en\/wp-json\/wp\/v2\/product\/9483\/revisions"}],"predecessor-version":[{"id":9813,"href":"https:\/\/evocaecuador.com\/en\/wp-json\/wp\/v2\/product\/9483\/revisions\/9813"}],"wp:featuredmedia":[{"embeddable":true,"href":"https:\/\/evocaecuador.com\/en\/wp-json\/wp\/v2\/media\/11489"}],"wp:attachment":[{"href":"https:\/\/evocaecuador.com\/en\/wp-json\/wp\/v2\/media?parent=9483"}],"wp:term":[{"taxonomy":"brand","embeddable":true,"href":"https:\/\/evocaecuador.com\/en\/wp-json\/wp\/v2\/etheme_brands?post=9483"},{"taxonomy":"product_brand","embeddable":true,"href":"https:\/\/evocaecuador.com\/en\/wp-json\/wp\/v2\/product_brand?post=9483"},{"taxonomy":"product_cat","embeddable":true,"href":"https:\/\/evocaecuador.com\/en\/wp-json\/wp\/v2\/product_cat?post=9483"},{"taxonomy":"product_tag","embeddable":true,"href":"https:\/\/evocaecuador.com\/en\/wp-json\/wp\/v2\/product_tag?post=9483"}],"curies":[{"name":"wp","href":"https:\/\/api.w.org\/{rel}","templated":true}]}}