{"id":9469,"date":"2023-10-13T17:50:02","date_gmt":"2023-10-13T17:50:02","guid":{"rendered":"https:\/\/evocaecuador.com\/producto\/body-mapale-8755\/"},"modified":"2025-10-13T01:00:42","modified_gmt":"2025-10-13T01:00:42","slug":"body-mapale-8755","status":"publish","type":"product","link":"https:\/\/evocaecuador.com\/en\/product\/body-mapale-8755\/","title":{"rendered":"Body Mapal\u00e9 8755"},"content":{"rendered":"<p>Un conjunto de dos piezas que te ofrece comodidad y seguridad sin renunciar a la sensualidad.<br \/>\nCopas con aro para mayor soporte, tirantes ajustables, espalda con cordones, ligueros incorporados y tanga a juego.<br \/>\nN\u00famero de Body 8755<\/p>","protected":false},"excerpt":{"rendered":"<ul>\n<li> Un conjunto de dos piezas que te ofrece comodidad y seguridad sin renunciar a la sensualidad.  <\/li>\n<li> Copas con aro para mayor soporte, tirantes ajustables, espalda con cordones, ligueros incorporados y tanga a juego.  <\/li>\n<li> N\u00famero de Body 8755 <\/li>\n<\/ul>","protected":false},"featured_media":11466,"comment_status":"open","ping_status":"closed","template":"","meta":{"_joinchat":[]},"etheme_brands":[{"term_id":109,"name":"Mapal\u00e9","slug":"mapale","term_group":0,"term_taxonomy_id":109,"taxonomy":"brand","description":"M\u00e1xima Seducci\u00f3n","parent":0,"count":31,"filter":"raw"}],"product_brand":[],"product_cat":[103],"product_tag":[],"class_list":{"0":"post-9469","1":"product","2":"type-product","3":"status-publish","4":"has-post-thumbnail","6":"brand-mapale","7":"product_cat-bodys","9":"first","10":"instock","11":"taxable","12":"shipping-taxable","13":"purchasable","14":"product-type-variable"},"_links":{"self":[{"href":"https:\/\/evocaecuador.com\/en\/wp-json\/wp\/v2\/product\/9469","targetHints":{"allow":["GET"]}}],"collection":[{"href":"https:\/\/evocaecuador.com\/en\/wp-json\/wp\/v2\/product"}],"about":[{"href":"https:\/\/evocaecuador.com\/en\/wp-json\/wp\/v2\/types\/product"}],"replies":[{"embeddable":true,"href":"https:\/\/evocaecuador.com\/en\/wp-json\/wp\/v2\/comments?post=9469"}],"version-history":[{"count":1,"href":"https:\/\/evocaecuador.com\/en\/wp-json\/wp\/v2\/product\/9469\/revisions"}],"predecessor-version":[{"id":9814,"href":"https:\/\/evocaecuador.com\/en\/wp-json\/wp\/v2\/product\/9469\/revisions\/9814"}],"wp:featuredmedia":[{"embeddable":true,"href":"https:\/\/evocaecuador.com\/en\/wp-json\/wp\/v2\/media\/11466"}],"wp:attachment":[{"href":"https:\/\/evocaecuador.com\/en\/wp-json\/wp\/v2\/media?parent=9469"}],"wp:term":[{"taxonomy":"brand","embeddable":true,"href":"https:\/\/evocaecuador.com\/en\/wp-json\/wp\/v2\/etheme_brands?post=9469"},{"taxonomy":"product_brand","embeddable":true,"href":"https:\/\/evocaecuador.com\/en\/wp-json\/wp\/v2\/product_brand?post=9469"},{"taxonomy":"product_cat","embeddable":true,"href":"https:\/\/evocaecuador.com\/en\/wp-json\/wp\/v2\/product_cat?post=9469"},{"taxonomy":"product_tag","embeddable":true,"href":"https:\/\/evocaecuador.com\/en\/wp-json\/wp\/v2\/product_tag?post=9469"}],"curies":[{"name":"wp","href":"https:\/\/api.w.org\/{rel}","templated":true}]}}