{"id":9448,"date":"2023-10-13T16:14:17","date_gmt":"2023-10-13T16:14:17","guid":{"rendered":"https:\/\/evocaecuador.com\/producto\/conjunto-mapale-8735\/"},"modified":"2025-10-13T01:00:42","modified_gmt":"2025-10-13T01:00:42","slug":"conjunto-mapale-8735","status":"publish","type":"product","link":"https:\/\/evocaecuador.com\/en\/product\/conjunto-mapale-8735\/","title":{"rendered":"Conjunto Mapal\u00e9 8735"},"content":{"rendered":"<p>Un conjunto atrevido y sensual con una explosi\u00f3n de color.<br \/>\nTop de encaje floral con aros continuos, dise\u00f1o debajo del pecho y tirantes ajustables.<br \/>\nTanga a juego.<br \/>\nReferencia n\u00famero 8735<\/p>","protected":false},"excerpt":{"rendered":"<ul>\n<li> Un conjunto atrevido y sensual con una explosi\u00f3n de color.  <\/li>\n<li> Top de encaje floral con aros continuos, dise\u00f1o debajo del pecho y tirantes ajustables.  <\/li>\n<li> Tanga a juego.  <\/li>\n<li> Referencia n\u00famero 8735 <\/li>\n<\/ul>","protected":false},"featured_media":11339,"comment_status":"open","ping_status":"closed","template":"","meta":{"_joinchat":[]},"etheme_brands":[{"term_id":109,"name":"Mapal\u00e9","slug":"mapale","term_group":0,"term_taxonomy_id":109,"taxonomy":"brand","description":"M\u00e1xima Seducci\u00f3n","parent":0,"count":31,"filter":"raw"}],"product_brand":[],"product_cat":[98],"product_tag":[],"class_list":{"0":"post-9448","1":"product","2":"type-product","3":"status-publish","4":"has-post-thumbnail","6":"brand-mapale","7":"product_cat-conjuntos","9":"first","10":"instock","11":"taxable","12":"shipping-taxable","13":"purchasable","14":"product-type-variable"},"_links":{"self":[{"href":"https:\/\/evocaecuador.com\/en\/wp-json\/wp\/v2\/product\/9448","targetHints":{"allow":["GET"]}}],"collection":[{"href":"https:\/\/evocaecuador.com\/en\/wp-json\/wp\/v2\/product"}],"about":[{"href":"https:\/\/evocaecuador.com\/en\/wp-json\/wp\/v2\/types\/product"}],"replies":[{"embeddable":true,"href":"https:\/\/evocaecuador.com\/en\/wp-json\/wp\/v2\/comments?post=9448"}],"version-history":[{"count":1,"href":"https:\/\/evocaecuador.com\/en\/wp-json\/wp\/v2\/product\/9448\/revisions"}],"predecessor-version":[{"id":9523,"href":"https:\/\/evocaecuador.com\/en\/wp-json\/wp\/v2\/product\/9448\/revisions\/9523"}],"wp:featuredmedia":[{"embeddable":true,"href":"https:\/\/evocaecuador.com\/en\/wp-json\/wp\/v2\/media\/11339"}],"wp:attachment":[{"href":"https:\/\/evocaecuador.com\/en\/wp-json\/wp\/v2\/media?parent=9448"}],"wp:term":[{"taxonomy":"brand","embeddable":true,"href":"https:\/\/evocaecuador.com\/en\/wp-json\/wp\/v2\/etheme_brands?post=9448"},{"taxonomy":"product_brand","embeddable":true,"href":"https:\/\/evocaecuador.com\/en\/wp-json\/wp\/v2\/product_brand?post=9448"},{"taxonomy":"product_cat","embeddable":true,"href":"https:\/\/evocaecuador.com\/en\/wp-json\/wp\/v2\/product_cat?post=9448"},{"taxonomy":"product_tag","embeddable":true,"href":"https:\/\/evocaecuador.com\/en\/wp-json\/wp\/v2\/product_tag?post=9448"}],"curies":[{"name":"wp","href":"https:\/\/api.w.org\/{rel}","templated":true}]}}