{"id":9436,"date":"2023-10-13T15:37:21","date_gmt":"2023-10-13T15:37:21","guid":{"rendered":"https:\/\/evocaecuador.com\/producto\/conjunto-mapale-8743\/"},"modified":"2025-10-13T01:00:42","modified_gmt":"2025-10-13T01:00:42","slug":"conjunto-mapale-8743","status":"publish","type":"product","link":"https:\/\/evocaecuador.com\/en\/product\/conjunto-mapale-8743\/","title":{"rendered":"Conjunto Mapal\u00e9 8743"},"content":{"rendered":"<p>Conjunto de tres piezas de encaje y rejilla a rayas.<br \/>\nTop de tri\u00e1ngulo, braguita a juego con espalda abierta y liguero.<br \/>\nHecho en Colombia Conjunto 8743<\/p>","protected":false},"excerpt":{"rendered":"<ul>\n<li> Conjunto de tres piezas de encaje y rejilla a rayas.  <\/li>\n<li> Top de tri\u00e1ngulo, braguita a juego con espalda abierta y liguero. <\/li>\n<li> Hecho en Colombia Conjunto 8743 <\/li>\n<\/ul>","protected":false},"featured_media":11374,"comment_status":"open","ping_status":"closed","template":"","meta":{"_joinchat":[]},"etheme_brands":[{"term_id":109,"name":"Mapal\u00e9","slug":"mapale","term_group":0,"term_taxonomy_id":109,"taxonomy":"brand","description":"M\u00e1xima Seducci\u00f3n","parent":0,"count":31,"filter":"raw"}],"product_brand":[],"product_cat":[98],"product_tag":[],"class_list":{"0":"post-9436","1":"product","2":"type-product","3":"status-publish","4":"has-post-thumbnail","6":"brand-mapale","7":"product_cat-conjuntos","9":"first","10":"instock","11":"taxable","12":"shipping-taxable","13":"product-type-variable"},"_links":{"self":[{"href":"https:\/\/evocaecuador.com\/en\/wp-json\/wp\/v2\/product\/9436","targetHints":{"allow":["GET"]}}],"collection":[{"href":"https:\/\/evocaecuador.com\/en\/wp-json\/wp\/v2\/product"}],"about":[{"href":"https:\/\/evocaecuador.com\/en\/wp-json\/wp\/v2\/types\/product"}],"replies":[{"embeddable":true,"href":"https:\/\/evocaecuador.com\/en\/wp-json\/wp\/v2\/comments?post=9436"}],"version-history":[{"count":1,"href":"https:\/\/evocaecuador.com\/en\/wp-json\/wp\/v2\/product\/9436\/revisions"}],"predecessor-version":[{"id":9588,"href":"https:\/\/evocaecuador.com\/en\/wp-json\/wp\/v2\/product\/9436\/revisions\/9588"}],"wp:featuredmedia":[{"embeddable":true,"href":"https:\/\/evocaecuador.com\/en\/wp-json\/wp\/v2\/media\/11374"}],"wp:attachment":[{"href":"https:\/\/evocaecuador.com\/en\/wp-json\/wp\/v2\/media?parent=9436"}],"wp:term":[{"taxonomy":"brand","embeddable":true,"href":"https:\/\/evocaecuador.com\/en\/wp-json\/wp\/v2\/etheme_brands?post=9436"},{"taxonomy":"product_brand","embeddable":true,"href":"https:\/\/evocaecuador.com\/en\/wp-json\/wp\/v2\/product_brand?post=9436"},{"taxonomy":"product_cat","embeddable":true,"href":"https:\/\/evocaecuador.com\/en\/wp-json\/wp\/v2\/product_cat?post=9436"},{"taxonomy":"product_tag","embeddable":true,"href":"https:\/\/evocaecuador.com\/en\/wp-json\/wp\/v2\/product_tag?post=9436"}],"curies":[{"name":"wp","href":"https:\/\/api.w.org\/{rel}","templated":true}]}}