{"id":9428,"date":"2023-10-13T15:19:23","date_gmt":"2023-10-13T15:19:23","guid":{"rendered":"https:\/\/evocaecuador.com\/producto\/body-mapale-8745\/"},"modified":"2025-10-13T01:00:43","modified_gmt":"2025-10-13T01:00:43","slug":"body-mapale-8745","status":"publish","type":"product","link":"https:\/\/evocaecuador.com\/en\/product\/body-mapale-8745\/","title":{"rendered":"Body Mapal\u00e9 8745"},"content":{"rendered":"<p>Si\u00e9ntete sensual y segura con este favorecedor body de encaje y malla.<br \/>\nCon aro para mayor soporte, tirantes ajustables, dise\u00f1o de tiras en la espalda y cierre ajustable en la entrepierna.<br \/>\nHecho en Colombia Body 8745<\/p>","protected":false},"excerpt":{"rendered":"<ul>\n<li> Si\u00e9ntete sensual y segura con este favorecedor body de encaje y malla.  <\/li>\n<li> Con aro para mayor soporte, tirantes ajustables, dise\u00f1o de tiras en la espalda y cierre ajustable en la entrepierna. <\/li>\n<li> Hecho en Colombia Body 8745 <\/li>\n<\/ul>","protected":false},"featured_media":11370,"comment_status":"open","ping_status":"closed","template":"","meta":{"_joinchat":[]},"etheme_brands":[{"term_id":109,"name":"Mapal\u00e9","slug":"mapale","term_group":0,"term_taxonomy_id":109,"taxonomy":"brand","description":"M\u00e1xima Seducci\u00f3n","parent":0,"count":31,"filter":"raw"}],"product_brand":[],"product_cat":[103],"product_tag":[],"class_list":{"0":"post-9428","1":"product","2":"type-product","3":"status-publish","4":"has-post-thumbnail","6":"brand-mapale","7":"product_cat-bodys","9":"first","10":"instock","11":"taxable","12":"shipping-taxable","13":"purchasable","14":"product-type-variable"},"_links":{"self":[{"href":"https:\/\/evocaecuador.com\/en\/wp-json\/wp\/v2\/product\/9428","targetHints":{"allow":["GET"]}}],"collection":[{"href":"https:\/\/evocaecuador.com\/en\/wp-json\/wp\/v2\/product"}],"about":[{"href":"https:\/\/evocaecuador.com\/en\/wp-json\/wp\/v2\/types\/product"}],"replies":[{"embeddable":true,"href":"https:\/\/evocaecuador.com\/en\/wp-json\/wp\/v2\/comments?post=9428"}],"version-history":[{"count":1,"href":"https:\/\/evocaecuador.com\/en\/wp-json\/wp\/v2\/product\/9428\/revisions"}],"predecessor-version":[{"id":9586,"href":"https:\/\/evocaecuador.com\/en\/wp-json\/wp\/v2\/product\/9428\/revisions\/9586"}],"wp:featuredmedia":[{"embeddable":true,"href":"https:\/\/evocaecuador.com\/en\/wp-json\/wp\/v2\/media\/11370"}],"wp:attachment":[{"href":"https:\/\/evocaecuador.com\/en\/wp-json\/wp\/v2\/media?parent=9428"}],"wp:term":[{"taxonomy":"brand","embeddable":true,"href":"https:\/\/evocaecuador.com\/en\/wp-json\/wp\/v2\/etheme_brands?post=9428"},{"taxonomy":"product_brand","embeddable":true,"href":"https:\/\/evocaecuador.com\/en\/wp-json\/wp\/v2\/product_brand?post=9428"},{"taxonomy":"product_cat","embeddable":true,"href":"https:\/\/evocaecuador.com\/en\/wp-json\/wp\/v2\/product_cat?post=9428"},{"taxonomy":"product_tag","embeddable":true,"href":"https:\/\/evocaecuador.com\/en\/wp-json\/wp\/v2\/product_tag?post=9428"}],"curies":[{"name":"wp","href":"https:\/\/api.w.org\/{rel}","templated":true}]}}