{"id":9398,"date":"2023-10-13T00:10:09","date_gmt":"2023-10-13T00:10:09","guid":{"rendered":"https:\/\/evocaecuador.com\/producto\/body-mapale-8674\/"},"modified":"2025-10-13T01:00:47","modified_gmt":"2025-10-13T01:00:47","slug":"body-mapale-8674","status":"publish","type":"product","link":"https:\/\/evocaecuador.com\/en\/product\/body-mapale-8674\/","title":{"rendered":"Body Mapal\u00e9 8674"},"content":{"rendered":"<p>Ser\u00e1s su sue\u00f1o hecho realidad con este body de malla a rayas y aros de encaje floral.<br \/>\nTirantes ajustables, incluye liguero y ligueros.<br \/>\nHecho en Colombia<\/p>","protected":false},"excerpt":{"rendered":"<ul>\n<li> Ser\u00e1s su sue\u00f1o hecho realidad con este body de malla a rayas y aros de encaje floral.  <\/li>\n<li> Tirantes ajustables, incluye liguero y ligueros. <\/li>\n<li> Hecho en Colombia <\/li>\n<\/ul>","protected":false},"featured_media":11422,"comment_status":"open","ping_status":"closed","template":"","meta":{"_joinchat":[]},"etheme_brands":[{"term_id":109,"name":"Mapal\u00e9","slug":"mapale","term_group":0,"term_taxonomy_id":109,"taxonomy":"brand","description":"M\u00e1xima Seducci\u00f3n","parent":0,"count":31,"filter":"raw"}],"product_brand":[],"product_cat":[103],"product_tag":[],"class_list":{"0":"post-9398","1":"product","2":"type-product","3":"status-publish","4":"has-post-thumbnail","6":"brand-mapale","7":"product_cat-bodys","9":"first","10":"instock","11":"taxable","12":"shipping-taxable","13":"purchasable","14":"product-type-variable"},"_links":{"self":[{"href":"https:\/\/evocaecuador.com\/en\/wp-json\/wp\/v2\/product\/9398","targetHints":{"allow":["GET"]}}],"collection":[{"href":"https:\/\/evocaecuador.com\/en\/wp-json\/wp\/v2\/product"}],"about":[{"href":"https:\/\/evocaecuador.com\/en\/wp-json\/wp\/v2\/types\/product"}],"replies":[{"embeddable":true,"href":"https:\/\/evocaecuador.com\/en\/wp-json\/wp\/v2\/comments?post=9398"}],"version-history":[{"count":2,"href":"https:\/\/evocaecuador.com\/en\/wp-json\/wp\/v2\/product\/9398\/revisions"}],"predecessor-version":[{"id":9587,"href":"https:\/\/evocaecuador.com\/en\/wp-json\/wp\/v2\/product\/9398\/revisions\/9587"}],"wp:featuredmedia":[{"embeddable":true,"href":"https:\/\/evocaecuador.com\/en\/wp-json\/wp\/v2\/media\/11422"}],"wp:attachment":[{"href":"https:\/\/evocaecuador.com\/en\/wp-json\/wp\/v2\/media?parent=9398"}],"wp:term":[{"taxonomy":"brand","embeddable":true,"href":"https:\/\/evocaecuador.com\/en\/wp-json\/wp\/v2\/etheme_brands?post=9398"},{"taxonomy":"product_brand","embeddable":true,"href":"https:\/\/evocaecuador.com\/en\/wp-json\/wp\/v2\/product_brand?post=9398"},{"taxonomy":"product_cat","embeddable":true,"href":"https:\/\/evocaecuador.com\/en\/wp-json\/wp\/v2\/product_cat?post=9398"},{"taxonomy":"product_tag","embeddable":true,"href":"https:\/\/evocaecuador.com\/en\/wp-json\/wp\/v2\/product_tag?post=9398"}],"curies":[{"name":"wp","href":"https:\/\/api.w.org\/{rel}","templated":true}]}}