{"id":9389,"date":"2023-10-12T23:19:48","date_gmt":"2023-10-12T23:19:48","guid":{"rendered":"https:\/\/evocaecuador.com\/producto\/conjunto-mapale-8671\/"},"modified":"2025-10-13T00:59:00","modified_gmt":"2025-10-13T00:59:00","slug":"conjunto-mapale-8671","status":"publish","type":"product","link":"https:\/\/evocaecuador.com\/en\/product\/conjunto-mapale-8671\/","title":{"rendered":"Conjunto Mapal\u00e9 8671"},"content":{"rendered":"<p>Enam\u00f3rate de este coqueto conjunto de dos piezas en malla a rayas y encaje floral con delicados botones de raso.<br \/>\nTirantes ajustables, cobertura de tanga.<\/p>","protected":false},"excerpt":{"rendered":"<ul>\n<li> Enam\u00f3rate de este coqueto conjunto de dos piezas en malla a rayas y encaje floral con delicados botones de raso.  <\/li>\n<li> Tirantes ajustables, cobertura de tanga. <\/li>\n<\/ul>","protected":false},"featured_media":11401,"comment_status":"open","ping_status":"closed","template":"","meta":{"_joinchat":[]},"etheme_brands":[{"term_id":109,"name":"Mapal\u00e9","slug":"mapale","term_group":0,"term_taxonomy_id":109,"taxonomy":"brand","description":"M\u00e1xima Seducci\u00f3n","parent":0,"count":31,"filter":"raw"}],"product_brand":[],"product_cat":[98],"product_tag":[],"class_list":{"0":"post-9389","1":"product","2":"type-product","3":"status-publish","4":"has-post-thumbnail","6":"brand-mapale","7":"product_cat-conjuntos","9":"first","10":"instock","11":"taxable","12":"shipping-taxable","13":"purchasable","14":"product-type-variable"},"_links":{"self":[{"href":"https:\/\/evocaecuador.com\/en\/wp-json\/wp\/v2\/product\/9389","targetHints":{"allow":["GET"]}}],"collection":[{"href":"https:\/\/evocaecuador.com\/en\/wp-json\/wp\/v2\/product"}],"about":[{"href":"https:\/\/evocaecuador.com\/en\/wp-json\/wp\/v2\/types\/product"}],"replies":[{"embeddable":true,"href":"https:\/\/evocaecuador.com\/en\/wp-json\/wp\/v2\/comments?post=9389"}],"version-history":[{"count":1,"href":"https:\/\/evocaecuador.com\/en\/wp-json\/wp\/v2\/product\/9389\/revisions"}],"predecessor-version":[{"id":9410,"href":"https:\/\/evocaecuador.com\/en\/wp-json\/wp\/v2\/product\/9389\/revisions\/9410"}],"wp:featuredmedia":[{"embeddable":true,"href":"https:\/\/evocaecuador.com\/en\/wp-json\/wp\/v2\/media\/11401"}],"wp:attachment":[{"href":"https:\/\/evocaecuador.com\/en\/wp-json\/wp\/v2\/media?parent=9389"}],"wp:term":[{"taxonomy":"brand","embeddable":true,"href":"https:\/\/evocaecuador.com\/en\/wp-json\/wp\/v2\/etheme_brands?post=9389"},{"taxonomy":"product_brand","embeddable":true,"href":"https:\/\/evocaecuador.com\/en\/wp-json\/wp\/v2\/product_brand?post=9389"},{"taxonomy":"product_cat","embeddable":true,"href":"https:\/\/evocaecuador.com\/en\/wp-json\/wp\/v2\/product_cat?post=9389"},{"taxonomy":"product_tag","embeddable":true,"href":"https:\/\/evocaecuador.com\/en\/wp-json\/wp\/v2\/product_tag?post=9389"}],"curies":[{"name":"wp","href":"https:\/\/api.w.org\/{rel}","templated":true}]}}