{"id":9373,"date":"2023-10-12T22:03:12","date_gmt":"2023-10-12T22:03:12","guid":{"rendered":"https:\/\/evocaecuador.com\/producto\/conjunto-mapale-7492\/"},"modified":"2025-10-13T00:59:01","modified_gmt":"2025-10-13T00:59:01","slug":"conjunto-mapale-7492","status":"publish","type":"product","link":"https:\/\/evocaecuador.com\/en\/product\/conjunto-mapale-7492\/","title":{"rendered":"Conjunto Mapal\u00e9 7492"},"content":{"rendered":"<p>Puedes tener un conjunto de dos piezas cl\u00e1sico y rom\u00e1ntico o convertirlo en un babydoll si quieres m\u00e1s cobertura.<br \/>\nTop con aros y tirantes ajustables extra\u00edbles, tanga a juego y falda extra\u00edble de malla de topos.<br \/>\nElaborado en Colombia.<br \/>\nConjunto 7492<\/p>","protected":false},"excerpt":{"rendered":"<ul>\n<li> Puedes tener un conjunto de dos piezas cl\u00e1sico y rom\u00e1ntico o convertirlo en un babydoll si quieres m\u00e1s cobertura.  <\/li>\n<li> Top con aros y tirantes ajustables extra\u00edbles, tanga a juego y falda extra\u00edble de malla de topos.  <\/li>\n<li> Elaborado en Colombia. <\/li>\n<li> Conjunto 7492 <\/li>\n<\/ul>","protected":false},"featured_media":11423,"comment_status":"open","ping_status":"closed","template":"","meta":{"_joinchat":[]},"etheme_brands":[{"term_id":109,"name":"Mapal\u00e9","slug":"mapale","term_group":0,"term_taxonomy_id":109,"taxonomy":"brand","description":"M\u00e1xima Seducci\u00f3n","parent":0,"count":31,"filter":"raw"}],"product_brand":[],"product_cat":[102],"product_tag":[],"class_list":{"0":"post-9373","1":"product","2":"type-product","3":"status-publish","4":"has-post-thumbnail","6":"brand-mapale","7":"product_cat-babydolls","9":"first","10":"instock","11":"taxable","12":"shipping-taxable","13":"purchasable","14":"product-type-variable"},"_links":{"self":[{"href":"https:\/\/evocaecuador.com\/en\/wp-json\/wp\/v2\/product\/9373","targetHints":{"allow":["GET"]}}],"collection":[{"href":"https:\/\/evocaecuador.com\/en\/wp-json\/wp\/v2\/product"}],"about":[{"href":"https:\/\/evocaecuador.com\/en\/wp-json\/wp\/v2\/types\/product"}],"replies":[{"embeddable":true,"href":"https:\/\/evocaecuador.com\/en\/wp-json\/wp\/v2\/comments?post=9373"}],"version-history":[{"count":2,"href":"https:\/\/evocaecuador.com\/en\/wp-json\/wp\/v2\/product\/9373\/revisions"}],"predecessor-version":[{"id":9590,"href":"https:\/\/evocaecuador.com\/en\/wp-json\/wp\/v2\/product\/9373\/revisions\/9590"}],"wp:featuredmedia":[{"embeddable":true,"href":"https:\/\/evocaecuador.com\/en\/wp-json\/wp\/v2\/media\/11423"}],"wp:attachment":[{"href":"https:\/\/evocaecuador.com\/en\/wp-json\/wp\/v2\/media?parent=9373"}],"wp:term":[{"taxonomy":"brand","embeddable":true,"href":"https:\/\/evocaecuador.com\/en\/wp-json\/wp\/v2\/etheme_brands?post=9373"},{"taxonomy":"product_brand","embeddable":true,"href":"https:\/\/evocaecuador.com\/en\/wp-json\/wp\/v2\/product_brand?post=9373"},{"taxonomy":"product_cat","embeddable":true,"href":"https:\/\/evocaecuador.com\/en\/wp-json\/wp\/v2\/product_cat?post=9373"},{"taxonomy":"product_tag","embeddable":true,"href":"https:\/\/evocaecuador.com\/en\/wp-json\/wp\/v2\/product_tag?post=9373"}],"curies":[{"name":"wp","href":"https:\/\/api.w.org\/{rel}","templated":true}]}}