{"id":9363,"date":"2023-10-12T21:37:43","date_gmt":"2023-10-12T21:37:43","guid":{"rendered":"https:\/\/evocaecuador.com\/producto\/babydoll-mapale-7487\/"},"modified":"2025-10-13T00:59:01","modified_gmt":"2025-10-13T00:59:01","slug":"babydoll-mapale-7487","status":"publish","type":"product","link":"https:\/\/evocaecuador.com\/en\/product\/babydoll-mapale-7487\/","title":{"rendered":"BabyDoll Mapal\u00e9 7487"},"content":{"rendered":"<p>Acogedor babydoll de malla y encaje con dise\u00f1o de abertura lateral<br \/>\nTirantes ajustables y tanga a juego. Fluido.<br \/>\nHecho en Colombia<br \/>\nBabyDoll 7487<\/p>","protected":false},"excerpt":{"rendered":"<ul>\n<li> Acogedor babydoll de malla y encaje con dise\u00f1o de abertura lateral <\/li>\n<li> Tirantes ajustables y tanga a juego. Fluido. <\/li>\n<li> Hecho en Colombia <\/li>\n<li> BabyDoll 7487 <\/li>\n<\/ul>","protected":false},"featured_media":9357,"comment_status":"open","ping_status":"closed","template":"","meta":{"_joinchat":[]},"etheme_brands":[{"term_id":109,"name":"Mapal\u00e9","slug":"mapale","term_group":0,"term_taxonomy_id":109,"taxonomy":"brand","description":"M\u00e1xima Seducci\u00f3n","parent":0,"count":31,"filter":"raw"}],"product_brand":[],"product_cat":[102],"product_tag":[],"class_list":{"0":"post-9363","1":"product","2":"type-product","3":"status-publish","4":"has-post-thumbnail","6":"brand-mapale","7":"product_cat-babydolls","9":"first","10":"instock","11":"taxable","12":"shipping-taxable","13":"purchasable","14":"product-type-variable"},"_links":{"self":[{"href":"https:\/\/evocaecuador.com\/en\/wp-json\/wp\/v2\/product\/9363","targetHints":{"allow":["GET"]}}],"collection":[{"href":"https:\/\/evocaecuador.com\/en\/wp-json\/wp\/v2\/product"}],"about":[{"href":"https:\/\/evocaecuador.com\/en\/wp-json\/wp\/v2\/types\/product"}],"replies":[{"embeddable":true,"href":"https:\/\/evocaecuador.com\/en\/wp-json\/wp\/v2\/comments?post=9363"}],"version-history":[{"count":2,"href":"https:\/\/evocaecuador.com\/en\/wp-json\/wp\/v2\/product\/9363\/revisions"}],"predecessor-version":[{"id":9591,"href":"https:\/\/evocaecuador.com\/en\/wp-json\/wp\/v2\/product\/9363\/revisions\/9591"}],"wp:featuredmedia":[{"embeddable":true,"href":"https:\/\/evocaecuador.com\/en\/wp-json\/wp\/v2\/media\/9357"}],"wp:attachment":[{"href":"https:\/\/evocaecuador.com\/en\/wp-json\/wp\/v2\/media?parent=9363"}],"wp:term":[{"taxonomy":"brand","embeddable":true,"href":"https:\/\/evocaecuador.com\/en\/wp-json\/wp\/v2\/etheme_brands?post=9363"},{"taxonomy":"product_brand","embeddable":true,"href":"https:\/\/evocaecuador.com\/en\/wp-json\/wp\/v2\/product_brand?post=9363"},{"taxonomy":"product_cat","embeddable":true,"href":"https:\/\/evocaecuador.com\/en\/wp-json\/wp\/v2\/product_cat?post=9363"},{"taxonomy":"product_tag","embeddable":true,"href":"https:\/\/evocaecuador.com\/en\/wp-json\/wp\/v2\/product_tag?post=9363"}],"curies":[{"name":"wp","href":"https:\/\/api.w.org\/{rel}","templated":true}]}}