{"id":9331,"date":"2023-10-11T21:54:49","date_gmt":"2023-10-11T21:54:49","guid":{"rendered":"https:\/\/evocaecuador.com\/producto\/conjunto-mapale-8732\/"},"modified":"2025-10-13T00:59:01","modified_gmt":"2025-10-13T00:59:01","slug":"conjunto-mapale-8732","status":"publish","type":"product","link":"https:\/\/evocaecuador.com\/en\/product\/conjunto-mapale-8732\/","title":{"rendered":"Conjunto Mapal\u00e9 8732"},"content":{"rendered":"<p>Un conjunto estructurado y muy sensual en encaje floral con un sutil toque de brillo. Top con aros y tirantes ajustables, braguita a juego con dise\u00f1o de espalda abierta.<br \/>\nConjunto Mapal\u00e9 8732<br \/>\nHecho en COLOMBIA<\/p>","protected":false},"excerpt":{"rendered":"<ul>\n<li> Un conjunto estructurado y muy sensual en encaje floral con un sutil toque de brillo. Top con aros y tirantes ajustables, braguita a juego con dise\u00f1o de espalda abierta.  <\/li>\n<li> Conjunto Mapal\u00e9 8732 <\/li>\n<li> Hecho en COLOMBIA <\/li>\n<\/ul>","protected":false},"featured_media":9343,"comment_status":"open","ping_status":"closed","template":"","meta":{"_joinchat":[]},"etheme_brands":[{"term_id":109,"name":"Mapal\u00e9","slug":"mapale","term_group":0,"term_taxonomy_id":109,"taxonomy":"brand","description":"M\u00e1xima Seducci\u00f3n","parent":0,"count":31,"filter":"raw"}],"product_brand":[],"product_cat":[98],"product_tag":[],"class_list":{"0":"post-9331","1":"product","2":"type-product","3":"status-publish","4":"has-post-thumbnail","6":"brand-mapale","7":"product_cat-conjuntos","9":"first","10":"instock","11":"taxable","12":"shipping-taxable","13":"purchasable","14":"product-type-variable"},"_links":{"self":[{"href":"https:\/\/evocaecuador.com\/en\/wp-json\/wp\/v2\/product\/9331","targetHints":{"allow":["GET"]}}],"collection":[{"href":"https:\/\/evocaecuador.com\/en\/wp-json\/wp\/v2\/product"}],"about":[{"href":"https:\/\/evocaecuador.com\/en\/wp-json\/wp\/v2\/types\/product"}],"replies":[{"embeddable":true,"href":"https:\/\/evocaecuador.com\/en\/wp-json\/wp\/v2\/comments?post=9331"}],"version-history":[{"count":1,"href":"https:\/\/evocaecuador.com\/en\/wp-json\/wp\/v2\/product\/9331\/revisions"}],"predecessor-version":[{"id":9415,"href":"https:\/\/evocaecuador.com\/en\/wp-json\/wp\/v2\/product\/9331\/revisions\/9415"}],"wp:featuredmedia":[{"embeddable":true,"href":"https:\/\/evocaecuador.com\/en\/wp-json\/wp\/v2\/media\/9343"}],"wp:attachment":[{"href":"https:\/\/evocaecuador.com\/en\/wp-json\/wp\/v2\/media?parent=9331"}],"wp:term":[{"taxonomy":"brand","embeddable":true,"href":"https:\/\/evocaecuador.com\/en\/wp-json\/wp\/v2\/etheme_brands?post=9331"},{"taxonomy":"product_brand","embeddable":true,"href":"https:\/\/evocaecuador.com\/en\/wp-json\/wp\/v2\/product_brand?post=9331"},{"taxonomy":"product_cat","embeddable":true,"href":"https:\/\/evocaecuador.com\/en\/wp-json\/wp\/v2\/product_cat?post=9331"},{"taxonomy":"product_tag","embeddable":true,"href":"https:\/\/evocaecuador.com\/en\/wp-json\/wp\/v2\/product_tag?post=9331"}],"curies":[{"name":"wp","href":"https:\/\/api.w.org\/{rel}","templated":true}]}}