{"id":8060,"date":"2023-08-22T01:25:25","date_gmt":"2023-08-22T01:25:25","guid":{"rendered":"https:\/\/evocaecuador.com\/producto\/delirio-truza\/"},"modified":"2025-10-13T21:29:16","modified_gmt":"2025-10-13T21:29:16","slug":"delirio-truza","status":"publish","type":"product","link":"https:\/\/evocaecuador.com\/en\/product\/delirio-truza\/","title":{"rendered":"Tanga Rosalia Delirio"},"content":{"rendered":"<p>Panty con dise\u00f1o sexy en posterior elaborado en encaje suave<br \/>\nDetalle de tiras en cintura.<br \/>\nCon protecci\u00f3n de algod\u00f3n en la zona \u00edntima<br \/>\nElabora en poliamida y encaje<br \/>\nImportado desde Colombia<\/p>","protected":false},"excerpt":{"rendered":"<ul>\n<li>Panty con dise\u00f1o sexy en posterior elaborado en encaje suave<\/li>\n<li>Detalle de tiras en cintura.<\/li>\n<li>Con protecci\u00f3n de algod\u00f3n en la zona \u00edntima<\/li>\n<li>Elabora en poliamida y encaje<\/li>\n<li>Importado desde Colombia<\/li>\n<\/ul>","protected":false},"featured_media":8054,"comment_status":"open","ping_status":"closed","template":"","meta":{"_joinchat":[]},"etheme_brands":[{"term_id":107,"name":"Rosalia","slug":"rosalia","term_group":0,"term_taxonomy_id":107,"taxonomy":"brand","description":"Lencer\u00eda \u00fanica para mujeres diferentes","parent":0,"count":89,"filter":"raw"}],"product_brand":[],"product_cat":[100],"product_tag":[],"class_list":{"0":"post-8060","1":"product","2":"type-product","3":"status-publish","4":"has-post-thumbnail","6":"brand-rosalia","7":"product_cat-tangas","9":"first","10":"instock","11":"taxable","12":"shipping-taxable","13":"purchasable","14":"product-type-variable"},"_links":{"self":[{"href":"https:\/\/evocaecuador.com\/en\/wp-json\/wp\/v2\/product\/8060","targetHints":{"allow":["GET"]}}],"collection":[{"href":"https:\/\/evocaecuador.com\/en\/wp-json\/wp\/v2\/product"}],"about":[{"href":"https:\/\/evocaecuador.com\/en\/wp-json\/wp\/v2\/types\/product"}],"replies":[{"embeddable":true,"href":"https:\/\/evocaecuador.com\/en\/wp-json\/wp\/v2\/comments?post=8060"}],"version-history":[{"count":6,"href":"https:\/\/evocaecuador.com\/en\/wp-json\/wp\/v2\/product\/8060\/revisions"}],"predecessor-version":[{"id":11655,"href":"https:\/\/evocaecuador.com\/en\/wp-json\/wp\/v2\/product\/8060\/revisions\/11655"}],"wp:featuredmedia":[{"embeddable":true,"href":"https:\/\/evocaecuador.com\/en\/wp-json\/wp\/v2\/media\/8054"}],"wp:attachment":[{"href":"https:\/\/evocaecuador.com\/en\/wp-json\/wp\/v2\/media?parent=8060"}],"wp:term":[{"taxonomy":"brand","embeddable":true,"href":"https:\/\/evocaecuador.com\/en\/wp-json\/wp\/v2\/etheme_brands?post=8060"},{"taxonomy":"product_brand","embeddable":true,"href":"https:\/\/evocaecuador.com\/en\/wp-json\/wp\/v2\/product_brand?post=8060"},{"taxonomy":"product_cat","embeddable":true,"href":"https:\/\/evocaecuador.com\/en\/wp-json\/wp\/v2\/product_cat?post=8060"},{"taxonomy":"product_tag","embeddable":true,"href":"https:\/\/evocaecuador.com\/en\/wp-json\/wp\/v2\/product_tag?post=8060"}],"curies":[{"name":"wp","href":"https:\/\/api.w.org\/{rel}","templated":true}]}}