{"id":7960,"date":"2023-08-22T00:13:47","date_gmt":"2023-08-22T00:13:47","guid":{"rendered":"https:\/\/evocaecuador.com\/producto\/bombay-brasier\/"},"modified":"2025-10-13T00:43:43","modified_gmt":"2025-10-13T00:43:43","slug":"bombay-brasier","status":"publish","type":"product","link":"https:\/\/evocaecuador.com\/en\/product\/bombay-brasier\/","title":{"rendered":"Brasier Rosalia Bombay"},"content":{"rendered":"<p>Brasier de varilla elaborado en encaje exclusivo de pesta\u00f1as y tull el\u00e1stico.<br \/>\nCopa sin relleno con una modelaci\u00f3n perfectamente natural y fresca.<br \/>\nSilueta envolvente, con dise\u00f1o que cruza en frente con transparencias delicadas que estilizan tu silueta.<br \/>\nTiene abrochadura en espalda con tres niveles de graduaci\u00f3n. Las tiras del dise\u00f1o en contorno poseen un accesorio que permiten graduar seg\u00fan tu necesidad.<br \/>\nCargaderas con diferentes usos: pueden graduarse al cuello (espalda escotada), cruzado o convencional.<\/p>","protected":false},"excerpt":{"rendered":"<ul>\n<li>Brasier de varilla elaborado en encaje exclusivo de pesta\u00f1as y tull el\u00e1stico.<\/li>\n<li>Copa sin relleno con una modelaci\u00f3n perfectamente natural y fresca.<\/li>\n<li>Silueta envolvente, con dise\u00f1o que cruza en frente con transparencias delicadas que estilizan tu silueta.<\/li>\n<li>Tiene abrochadura en espalda con tres niveles de graduaci\u00f3n. Las tiras del dise\u00f1o en contorno poseen un accesorio que permiten graduar seg\u00fan tu necesidad.<\/li>\n<li>Cargaderas con diferentes usos: pueden graduarse al cuello (espalda escotada), cruzado o convencional.<\/li>\n<\/ul>","protected":false},"featured_media":7959,"comment_status":"open","ping_status":"closed","template":"","meta":{"_joinchat":[]},"etheme_brands":[{"term_id":107,"name":"Rosalia","slug":"rosalia","term_group":0,"term_taxonomy_id":107,"taxonomy":"brand","description":"Lencer\u00eda \u00fanica para mujeres diferentes","parent":0,"count":89,"filter":"raw"}],"product_brand":[],"product_cat":[99],"product_tag":[],"class_list":{"0":"post-7960","1":"product","2":"type-product","3":"status-publish","4":"has-post-thumbnail","6":"brand-rosalia","7":"product_cat-brasieres","9":"first","10":"instock","11":"taxable","12":"shipping-taxable","13":"purchasable","14":"product-type-variable"},"_links":{"self":[{"href":"https:\/\/evocaecuador.com\/en\/wp-json\/wp\/v2\/product\/7960","targetHints":{"allow":["GET"]}}],"collection":[{"href":"https:\/\/evocaecuador.com\/en\/wp-json\/wp\/v2\/product"}],"about":[{"href":"https:\/\/evocaecuador.com\/en\/wp-json\/wp\/v2\/types\/product"}],"replies":[{"embeddable":true,"href":"https:\/\/evocaecuador.com\/en\/wp-json\/wp\/v2\/comments?post=7960"}],"version-history":[{"count":5,"href":"https:\/\/evocaecuador.com\/en\/wp-json\/wp\/v2\/product\/7960\/revisions"}],"predecessor-version":[{"id":11212,"href":"https:\/\/evocaecuador.com\/en\/wp-json\/wp\/v2\/product\/7960\/revisions\/11212"}],"wp:featuredmedia":[{"embeddable":true,"href":"https:\/\/evocaecuador.com\/en\/wp-json\/wp\/v2\/media\/7959"}],"wp:attachment":[{"href":"https:\/\/evocaecuador.com\/en\/wp-json\/wp\/v2\/media?parent=7960"}],"wp:term":[{"taxonomy":"brand","embeddable":true,"href":"https:\/\/evocaecuador.com\/en\/wp-json\/wp\/v2\/etheme_brands?post=7960"},{"taxonomy":"product_brand","embeddable":true,"href":"https:\/\/evocaecuador.com\/en\/wp-json\/wp\/v2\/product_brand?post=7960"},{"taxonomy":"product_cat","embeddable":true,"href":"https:\/\/evocaecuador.com\/en\/wp-json\/wp\/v2\/product_cat?post=7960"},{"taxonomy":"product_tag","embeddable":true,"href":"https:\/\/evocaecuador.com\/en\/wp-json\/wp\/v2\/product_tag?post=7960"}],"curies":[{"name":"wp","href":"https:\/\/api.w.org\/{rel}","templated":true}]}}