{"id":7934,"date":"2023-08-21T23:49:07","date_gmt":"2023-08-21T23:49:07","guid":{"rendered":"https:\/\/evocaecuador.com\/producto\/luciana-brasier\/"},"modified":"2025-10-13T00:43:47","modified_gmt":"2025-10-13T00:43:47","slug":"luciana-brasier","status":"publish","type":"product","link":"https:\/\/evocaecuador.com\/en\/product\/luciana-brasier\/","title":{"rendered":"Brasier Rosalia Luciana"},"content":{"rendered":"<p>Brasier monocopa elaborado en Poliamida Spandex (m\u00e1ximo confort y calidad).<br \/>\n\u00daltima tecnolog\u00eda de copas suaves con excelente transpiraci\u00f3n y horma para m\u00e1xima comodidad.<br \/>\nIdeal para sentirte c\u00f3moda y sexy al mismo tiempo.<br \/>\nDise\u00f1o de la espalda en encaje ultra suave y delicado.<br \/>\nLaterales de tiras para que lo exhibas con camisas de sisas escotadas.<\/p>","protected":false},"excerpt":{"rendered":"<ul>\n<li>Brasier monocopa elaborado en Poliamida Spandex (m\u00e1ximo confort y calidad).<\/li>\n<li>\u00daltima tecnolog\u00eda de copas suaves con excelente transpiraci\u00f3n y horma para m\u00e1xima comodidad.<\/li>\n<li>Ideal para sentirte c\u00f3moda y sexy al mismo tiempo.<\/li>\n<li>Dise\u00f1o de la espalda en encaje ultra suave y delicado.<\/li>\n<li>Laterales de tiras para que lo exhibas con camisas de sisas escotadas.<\/li>\n<\/ul>","protected":false},"featured_media":10335,"comment_status":"open","ping_status":"closed","template":"","meta":{"_joinchat":[]},"etheme_brands":[{"term_id":107,"name":"Rosalia","slug":"rosalia","term_group":0,"term_taxonomy_id":107,"taxonomy":"brand","description":"Lencer\u00eda \u00fanica para mujeres diferentes","parent":0,"count":89,"filter":"raw"}],"product_brand":[],"product_cat":[99],"product_tag":[],"class_list":{"0":"post-7934","1":"product","2":"type-product","3":"status-publish","4":"has-post-thumbnail","6":"brand-rosalia","7":"product_cat-brasieres","9":"first","10":"instock","11":"taxable","12":"shipping-taxable","13":"purchasable","14":"product-type-variable"},"_links":{"self":[{"href":"https:\/\/evocaecuador.com\/en\/wp-json\/wp\/v2\/product\/7934","targetHints":{"allow":["GET"]}}],"collection":[{"href":"https:\/\/evocaecuador.com\/en\/wp-json\/wp\/v2\/product"}],"about":[{"href":"https:\/\/evocaecuador.com\/en\/wp-json\/wp\/v2\/types\/product"}],"replies":[{"embeddable":true,"href":"https:\/\/evocaecuador.com\/en\/wp-json\/wp\/v2\/comments?post=7934"}],"version-history":[{"count":5,"href":"https:\/\/evocaecuador.com\/en\/wp-json\/wp\/v2\/product\/7934\/revisions"}],"predecessor-version":[{"id":11215,"href":"https:\/\/evocaecuador.com\/en\/wp-json\/wp\/v2\/product\/7934\/revisions\/11215"}],"wp:featuredmedia":[{"embeddable":true,"href":"https:\/\/evocaecuador.com\/en\/wp-json\/wp\/v2\/media\/10335"}],"wp:attachment":[{"href":"https:\/\/evocaecuador.com\/en\/wp-json\/wp\/v2\/media?parent=7934"}],"wp:term":[{"taxonomy":"brand","embeddable":true,"href":"https:\/\/evocaecuador.com\/en\/wp-json\/wp\/v2\/etheme_brands?post=7934"},{"taxonomy":"product_brand","embeddable":true,"href":"https:\/\/evocaecuador.com\/en\/wp-json\/wp\/v2\/product_brand?post=7934"},{"taxonomy":"product_cat","embeddable":true,"href":"https:\/\/evocaecuador.com\/en\/wp-json\/wp\/v2\/product_cat?post=7934"},{"taxonomy":"product_tag","embeddable":true,"href":"https:\/\/evocaecuador.com\/en\/wp-json\/wp\/v2\/product_tag?post=7934"}],"curies":[{"name":"wp","href":"https:\/\/api.w.org\/{rel}","templated":true}]}}