{"id":7856,"date":"2023-08-21T20:37:58","date_gmt":"2023-08-21T20:37:58","guid":{"rendered":"https:\/\/evocaecuador.com\/producto\/padua-corse\/"},"modified":"2025-10-13T20:46:26","modified_gmt":"2025-10-13T20:46:26","slug":"padua-corse","status":"publish","type":"product","link":"https:\/\/evocaecuador.com\/en\/product\/padua-corse\/","title":{"rendered":"Cors\u00e9 Rosalia Padua"},"content":{"rendered":"<p>Nueva silueta Cors\u00e9t, elaborada en tull el\u00e1stico, blonda floral y encaje exclusivo de pesta\u00f1as en frente y copas.<br \/>\nCopas sin espuma, con escote profundo y varilla interna que permite recoger el busto de manera natural.<br \/>\nEspalda con abrochadura de 3 niveles de graduaci\u00f3n. Escote profundo que permite confort al usarlo y quitarlo.<br \/>\nEste cors\u00e9 tiene unas ligas incluidas que complementan el look sexy con accesorios que permiten adaptar tu medida con comodidad.<br \/>\nPanty super c\u00f3modo, elaborado en blonda y tull el\u00e1stico. Tiene un posterior con dise\u00f1o especial que imita una brasilera sexy tipo hilo que realza tu figura y le da el toque rom\u00e1ntico a tu momento especial.<\/p>","protected":false},"excerpt":{"rendered":"<ul>\n<li>Nueva silueta Cors\u00e9t, elaborada en tull el\u00e1stico, blonda floral y encaje exclusivo de pesta\u00f1as en frente y copas.<\/li>\n<li>Copas sin espuma, con escote profundo y varilla interna que permite recoger el busto de manera natural.<\/li>\n<li>Espalda con abrochadura de 3 niveles de graduaci\u00f3n. Escote profundo que permite confort al usarlo y quitarlo.<\/li>\n<li>Este cors\u00e9 tiene unas ligas incluidas que complementan el look sexy con accesorios que permiten adaptar tu medida con comodidad.<\/li>\n<li>Panty super c\u00f3modo, elaborado en blonda y tull el\u00e1stico. Tiene un posterior con dise\u00f1o especial que imita una brasilera sexy tipo hilo que realza tu figura y le da el toque rom\u00e1ntico a tu momento especial.<\/li>\n<\/ul>","protected":false},"featured_media":7852,"comment_status":"open","ping_status":"closed","template":"","meta":{"_joinchat":[]},"etheme_brands":[{"term_id":107,"name":"Rosalia","slug":"rosalia","term_group":0,"term_taxonomy_id":107,"taxonomy":"brand","description":"Lencer\u00eda \u00fanica para mujeres diferentes","parent":0,"count":89,"filter":"raw"}],"product_brand":[],"product_cat":[101],"product_tag":[],"class_list":{"0":"post-7856","1":"product","2":"type-product","3":"status-publish","4":"has-post-thumbnail","6":"brand-rosalia","7":"product_cat-sexy-night","9":"first","10":"instock","11":"taxable","12":"shipping-taxable","13":"product-type-variable"},"_links":{"self":[{"href":"https:\/\/evocaecuador.com\/en\/wp-json\/wp\/v2\/product\/7856","targetHints":{"allow":["GET"]}}],"collection":[{"href":"https:\/\/evocaecuador.com\/en\/wp-json\/wp\/v2\/product"}],"about":[{"href":"https:\/\/evocaecuador.com\/en\/wp-json\/wp\/v2\/types\/product"}],"replies":[{"embeddable":true,"href":"https:\/\/evocaecuador.com\/en\/wp-json\/wp\/v2\/comments?post=7856"}],"version-history":[{"count":5,"href":"https:\/\/evocaecuador.com\/en\/wp-json\/wp\/v2\/product\/7856\/revisions"}],"predecessor-version":[{"id":11218,"href":"https:\/\/evocaecuador.com\/en\/wp-json\/wp\/v2\/product\/7856\/revisions\/11218"}],"wp:featuredmedia":[{"embeddable":true,"href":"https:\/\/evocaecuador.com\/en\/wp-json\/wp\/v2\/media\/7852"}],"wp:attachment":[{"href":"https:\/\/evocaecuador.com\/en\/wp-json\/wp\/v2\/media?parent=7856"}],"wp:term":[{"taxonomy":"brand","embeddable":true,"href":"https:\/\/evocaecuador.com\/en\/wp-json\/wp\/v2\/etheme_brands?post=7856"},{"taxonomy":"product_brand","embeddable":true,"href":"https:\/\/evocaecuador.com\/en\/wp-json\/wp\/v2\/product_brand?post=7856"},{"taxonomy":"product_cat","embeddable":true,"href":"https:\/\/evocaecuador.com\/en\/wp-json\/wp\/v2\/product_cat?post=7856"},{"taxonomy":"product_tag","embeddable":true,"href":"https:\/\/evocaecuador.com\/en\/wp-json\/wp\/v2\/product_tag?post=7856"}],"curies":[{"name":"wp","href":"https:\/\/api.w.org\/{rel}","templated":true}]}}