{"id":7398,"date":"2023-08-15T15:24:47","date_gmt":"2023-08-15T15:24:47","guid":{"rendered":"https:\/\/evocaecuador.com\/producto\/salida-de-cama-11996\/"},"modified":"2025-10-13T01:45:33","modified_gmt":"2025-10-13T01:45:33","slug":"salida-de-cama-11996","status":"publish","type":"product","link":"https:\/\/evocaecuador.com\/en\/product\/salida-de-cama-11996\/","title":{"rendered":"Salida de Cama Prov\u00f3came 11996"},"content":{"rendered":"<p>Kimono en blonda con detalles en sat\u00edn, tiene cintur\u00f3n para amarrar en cintura.<\/p>","protected":false},"excerpt":{"rendered":"<ul>\n<li> Kimono en blonda con detalles en sat\u00edn, tiene cintur\u00f3n para amarrar en cintura. <\/li>\n<\/ul>","protected":false},"featured_media":7396,"comment_status":"open","ping_status":"closed","template":"","meta":{"_joinchat":[]},"etheme_brands":[{"term_id":108,"name":"Prov\u00f3came","slug":"provocame","term_group":0,"term_taxonomy_id":108,"taxonomy":"brand","description":"Pijamas para el mejor descanso","parent":0,"count":70,"filter":"raw"}],"product_brand":[],"product_cat":[104],"product_tag":[],"class_list":{"0":"post-7398","1":"product","2":"type-product","3":"status-publish","4":"has-post-thumbnail","6":"brand-provocame","7":"product_cat-pijamas","9":"first","10":"instock","11":"taxable","12":"shipping-taxable","13":"purchasable","14":"product-type-variable"},"_links":{"self":[{"href":"https:\/\/evocaecuador.com\/en\/wp-json\/wp\/v2\/product\/7398","targetHints":{"allow":["GET"]}}],"collection":[{"href":"https:\/\/evocaecuador.com\/en\/wp-json\/wp\/v2\/product"}],"about":[{"href":"https:\/\/evocaecuador.com\/en\/wp-json\/wp\/v2\/types\/product"}],"replies":[{"embeddable":true,"href":"https:\/\/evocaecuador.com\/en\/wp-json\/wp\/v2\/comments?post=7398"}],"version-history":[{"count":2,"href":"https:\/\/evocaecuador.com\/en\/wp-json\/wp\/v2\/product\/7398\/revisions"}],"predecessor-version":[{"id":9891,"href":"https:\/\/evocaecuador.com\/en\/wp-json\/wp\/v2\/product\/7398\/revisions\/9891"}],"wp:featuredmedia":[{"embeddable":true,"href":"https:\/\/evocaecuador.com\/en\/wp-json\/wp\/v2\/media\/7396"}],"wp:attachment":[{"href":"https:\/\/evocaecuador.com\/en\/wp-json\/wp\/v2\/media?parent=7398"}],"wp:term":[{"taxonomy":"brand","embeddable":true,"href":"https:\/\/evocaecuador.com\/en\/wp-json\/wp\/v2\/etheme_brands?post=7398"},{"taxonomy":"product_brand","embeddable":true,"href":"https:\/\/evocaecuador.com\/en\/wp-json\/wp\/v2\/product_brand?post=7398"},{"taxonomy":"product_cat","embeddable":true,"href":"https:\/\/evocaecuador.com\/en\/wp-json\/wp\/v2\/product_cat?post=7398"},{"taxonomy":"product_tag","embeddable":true,"href":"https:\/\/evocaecuador.com\/en\/wp-json\/wp\/v2\/product_tag?post=7398"}],"curies":[{"name":"wp","href":"https:\/\/api.w.org\/{rel}","templated":true}]}}