{"id":7358,"date":"2023-08-11T03:31:11","date_gmt":"2023-08-11T03:31:11","guid":{"rendered":"https:\/\/evocaecuador.com\/producto\/conjunto-8221\/"},"modified":"2025-10-13T20:53:36","modified_gmt":"2025-10-13T20:53:36","slug":"conjunto-8221","status":"publish","type":"product","link":"https:\/\/evocaecuador.com\/en\/product\/conjunto-8221\/","title":{"rendered":"Conjunto 8221"},"content":{"rendered":"<p>Conjunto de tres piezas. Incluye un sost\u00e9n, una tanga y un liguero. La liga y la tanga cuentan con dise\u00f1os de corazones sexys, perfectos para una ocasi\u00f3n rom\u00e1ntica. El top tiene lazos decorativos, tirantes ajustables y un clip en la espalda.  Art\u00edculo n.\u00ba 8221<\/p>","protected":false},"excerpt":{"rendered":"<ul>\n<li> Conjunto de tres piezas. Incluye un sost\u00e9n, una tanga y un liguero. La liga y la tanga cuentan con dise\u00f1os de corazones sexys, perfectos para una ocasi\u00f3n rom\u00e1ntica. El top tiene lazos decorativos, tirantes ajustables y un clip en la espalda.  Art\u00edculo n.\u00ba 8221 <\/li>\n<\/ul>","protected":false},"featured_media":9141,"comment_status":"open","ping_status":"closed","template":"","meta":{"_joinchat":[]},"etheme_brands":[{"term_id":109,"name":"Mapal\u00e9","slug":"mapale","term_group":0,"term_taxonomy_id":109,"taxonomy":"brand","description":"M\u00e1xima Seducci\u00f3n","parent":0,"count":31,"filter":"raw"}],"product_brand":[],"product_cat":[98],"product_tag":[],"class_list":{"0":"post-7358","1":"product","2":"type-product","3":"status-publish","4":"has-post-thumbnail","6":"brand-mapale","7":"product_cat-conjuntos","9":"first","10":"instock","11":"taxable","12":"shipping-taxable","13":"product-type-variable"},"_links":{"self":[{"href":"https:\/\/evocaecuador.com\/en\/wp-json\/wp\/v2\/product\/7358","targetHints":{"allow":["GET"]}}],"collection":[{"href":"https:\/\/evocaecuador.com\/en\/wp-json\/wp\/v2\/product"}],"about":[{"href":"https:\/\/evocaecuador.com\/en\/wp-json\/wp\/v2\/types\/product"}],"replies":[{"embeddable":true,"href":"https:\/\/evocaecuador.com\/en\/wp-json\/wp\/v2\/comments?post=7358"}],"version-history":[{"count":1,"href":"https:\/\/evocaecuador.com\/en\/wp-json\/wp\/v2\/product\/7358\/revisions"}],"predecessor-version":[{"id":8595,"href":"https:\/\/evocaecuador.com\/en\/wp-json\/wp\/v2\/product\/7358\/revisions\/8595"}],"wp:featuredmedia":[{"embeddable":true,"href":"https:\/\/evocaecuador.com\/en\/wp-json\/wp\/v2\/media\/9141"}],"wp:attachment":[{"href":"https:\/\/evocaecuador.com\/en\/wp-json\/wp\/v2\/media?parent=7358"}],"wp:term":[{"taxonomy":"brand","embeddable":true,"href":"https:\/\/evocaecuador.com\/en\/wp-json\/wp\/v2\/etheme_brands?post=7358"},{"taxonomy":"product_brand","embeddable":true,"href":"https:\/\/evocaecuador.com\/en\/wp-json\/wp\/v2\/product_brand?post=7358"},{"taxonomy":"product_cat","embeddable":true,"href":"https:\/\/evocaecuador.com\/en\/wp-json\/wp\/v2\/product_cat?post=7358"},{"taxonomy":"product_tag","embeddable":true,"href":"https:\/\/evocaecuador.com\/en\/wp-json\/wp\/v2\/product_tag?post=7358"}],"curies":[{"name":"wp","href":"https:\/\/api.w.org\/{rel}","templated":true}]}}