{"id":7351,"date":"2023-08-11T03:19:02","date_gmt":"2023-08-11T03:19:02","guid":{"rendered":"https:\/\/evocaecuador.com\/producto\/salida-de-cama-7495\/"},"modified":"2025-10-13T00:59:01","modified_gmt":"2025-10-13T00:59:01","slug":"salida-de-cama-7495","status":"publish","type":"product","link":"https:\/\/evocaecuador.com\/en\/product\/salida-de-cama-7495\/","title":{"rendered":"Salida de Cama Mapal\u00e9 7495"},"content":{"rendered":"<p>Una bata sofisticada llena de feminidad y seducci\u00f3n. Cintur\u00f3n de raso, estilo fluido.<br \/>\nSalida de cama.\u00ba 7495<\/p>","protected":false},"excerpt":{"rendered":"<ul>\n<li> Una bata sofisticada llena de feminidad y seducci\u00f3n. Cintur\u00f3n de raso, estilo fluido.  <\/li>\n<li> Salida de cama.\u00ba 7495 <\/li>\n<\/ul>","protected":false},"featured_media":9045,"comment_status":"open","ping_status":"closed","template":"","meta":{"_joinchat":[]},"etheme_brands":[{"term_id":109,"name":"Mapal\u00e9","slug":"mapale","term_group":0,"term_taxonomy_id":109,"taxonomy":"brand","description":"M\u00e1xima Seducci\u00f3n","parent":0,"count":31,"filter":"raw"}],"product_brand":[],"product_cat":[102],"product_tag":[],"class_list":{"0":"post-7351","1":"product","2":"type-product","3":"status-publish","4":"has-post-thumbnail","6":"brand-mapale","7":"product_cat-babydolls","9":"first","10":"instock","11":"taxable","12":"shipping-taxable","13":"purchasable","14":"product-type-variable"},"_links":{"self":[{"href":"https:\/\/evocaecuador.com\/en\/wp-json\/wp\/v2\/product\/7351","targetHints":{"allow":["GET"]}}],"collection":[{"href":"https:\/\/evocaecuador.com\/en\/wp-json\/wp\/v2\/product"}],"about":[{"href":"https:\/\/evocaecuador.com\/en\/wp-json\/wp\/v2\/types\/product"}],"replies":[{"embeddable":true,"href":"https:\/\/evocaecuador.com\/en\/wp-json\/wp\/v2\/comments?post=7351"}],"version-history":[{"count":2,"href":"https:\/\/evocaecuador.com\/en\/wp-json\/wp\/v2\/product\/7351\/revisions"}],"predecessor-version":[{"id":9638,"href":"https:\/\/evocaecuador.com\/en\/wp-json\/wp\/v2\/product\/7351\/revisions\/9638"}],"wp:featuredmedia":[{"embeddable":true,"href":"https:\/\/evocaecuador.com\/en\/wp-json\/wp\/v2\/media\/9045"}],"wp:attachment":[{"href":"https:\/\/evocaecuador.com\/en\/wp-json\/wp\/v2\/media?parent=7351"}],"wp:term":[{"taxonomy":"brand","embeddable":true,"href":"https:\/\/evocaecuador.com\/en\/wp-json\/wp\/v2\/etheme_brands?post=7351"},{"taxonomy":"product_brand","embeddable":true,"href":"https:\/\/evocaecuador.com\/en\/wp-json\/wp\/v2\/product_brand?post=7351"},{"taxonomy":"product_cat","embeddable":true,"href":"https:\/\/evocaecuador.com\/en\/wp-json\/wp\/v2\/product_cat?post=7351"},{"taxonomy":"product_tag","embeddable":true,"href":"https:\/\/evocaecuador.com\/en\/wp-json\/wp\/v2\/product_tag?post=7351"}],"curies":[{"name":"wp","href":"https:\/\/api.w.org\/{rel}","templated":true}]}}