{"id":7337,"date":"2023-08-11T03:01:41","date_gmt":"2023-08-11T03:01:41","guid":{"rendered":"https:\/\/evocaecuador.com\/producto\/babydoll-7491\/"},"modified":"2025-10-13T00:59:01","modified_gmt":"2025-10-13T00:59:01","slug":"babydoll-7491","status":"publish","type":"product","link":"https:\/\/evocaecuador.com\/en\/product\/babydoll-7491\/","title":{"rendered":"BabyDoll Mapal\u00e9 7491"},"content":{"rendered":"<p>Babydoll en malla de puntos y encaje floral con dise\u00f1o de copa abierta, tirantes ajustables y detalle de cinta de raso en el bajo.<br \/>\nTanga a juego, Flowy.<br \/>\nBabyDoll \u00ba 7491<br \/>\nHecho en Colombia<\/p>","protected":false},"excerpt":{"rendered":"<ul>\n<li> Babydoll en malla de puntos y encaje floral con dise\u00f1o de copa abierta, tirantes ajustables y detalle de cinta de raso en el bajo.  <\/li>\n<li> Tanga a juego, Flowy. <\/li>\n<li> BabyDoll \u00ba 7491 <\/li>\n<li> Hecho en Colombia <\/li>\n<\/ul>","protected":false},"featured_media":7333,"comment_status":"open","ping_status":"closed","template":"","meta":{"_joinchat":[]},"etheme_brands":[{"term_id":109,"name":"Mapal\u00e9","slug":"mapale","term_group":0,"term_taxonomy_id":109,"taxonomy":"brand","description":"M\u00e1xima Seducci\u00f3n","parent":0,"count":31,"filter":"raw"}],"product_brand":[],"product_cat":[102],"product_tag":[],"class_list":{"0":"post-7337","1":"product","2":"type-product","3":"status-publish","4":"has-post-thumbnail","6":"brand-mapale","7":"product_cat-babydolls","9":"first","10":"instock","11":"taxable","12":"shipping-taxable","13":"purchasable","14":"product-type-variable"},"_links":{"self":[{"href":"https:\/\/evocaecuador.com\/en\/wp-json\/wp\/v2\/product\/7337","targetHints":{"allow":["GET"]}}],"collection":[{"href":"https:\/\/evocaecuador.com\/en\/wp-json\/wp\/v2\/product"}],"about":[{"href":"https:\/\/evocaecuador.com\/en\/wp-json\/wp\/v2\/types\/product"}],"replies":[{"embeddable":true,"href":"https:\/\/evocaecuador.com\/en\/wp-json\/wp\/v2\/comments?post=7337"}],"version-history":[{"count":2,"href":"https:\/\/evocaecuador.com\/en\/wp-json\/wp\/v2\/product\/7337\/revisions"}],"predecessor-version":[{"id":9640,"href":"https:\/\/evocaecuador.com\/en\/wp-json\/wp\/v2\/product\/7337\/revisions\/9640"}],"wp:featuredmedia":[{"embeddable":true,"href":"https:\/\/evocaecuador.com\/en\/wp-json\/wp\/v2\/media\/7333"}],"wp:attachment":[{"href":"https:\/\/evocaecuador.com\/en\/wp-json\/wp\/v2\/media?parent=7337"}],"wp:term":[{"taxonomy":"brand","embeddable":true,"href":"https:\/\/evocaecuador.com\/en\/wp-json\/wp\/v2\/etheme_brands?post=7337"},{"taxonomy":"product_brand","embeddable":true,"href":"https:\/\/evocaecuador.com\/en\/wp-json\/wp\/v2\/product_brand?post=7337"},{"taxonomy":"product_cat","embeddable":true,"href":"https:\/\/evocaecuador.com\/en\/wp-json\/wp\/v2\/product_cat?post=7337"},{"taxonomy":"product_tag","embeddable":true,"href":"https:\/\/evocaecuador.com\/en\/wp-json\/wp\/v2\/product_tag?post=7337"}],"curies":[{"name":"wp","href":"https:\/\/api.w.org\/{rel}","templated":true}]}}