{"id":7323,"date":"2023-08-11T02:43:08","date_gmt":"2023-08-11T02:43:08","guid":{"rendered":"https:\/\/evocaecuador.com\/producto\/babydoll-7489\/"},"modified":"2025-10-13T01:00:47","modified_gmt":"2025-10-13T01:00:47","slug":"babydoll-7489","status":"publish","type":"product","link":"https:\/\/evocaecuador.com\/en\/product\/babydoll-7489\/","title":{"rendered":"BabyDoll Mapal\u00e9 7489"},"content":{"rendered":"<p>Un babydoll vers\u00e1til que se transforma en un conjunto de dos piezas.<br \/>\nFalda de rejilla desmontable, top de encaje con dise\u00f1o entrecruzado y tanga a juego.<br \/>\n Tirantes ajustables, BabyDoll \u00ba 7489<\/p>","protected":false},"excerpt":{"rendered":"<ul>\n<li> Un babydoll vers\u00e1til que se transforma en un conjunto de dos piezas.  <\/li>\n<li> Falda de rejilla desmontable, top de encaje con dise\u00f1o entrecruzado y tanga a juego. <\/li>\n<li>  Tirantes ajustables, BabyDoll \u00ba 7489 <\/li>\n<\/ul>","protected":false},"featured_media":7319,"comment_status":"open","ping_status":"closed","template":"","meta":{"_joinchat":[]},"etheme_brands":[{"term_id":109,"name":"Mapal\u00e9","slug":"mapale","term_group":0,"term_taxonomy_id":109,"taxonomy":"brand","description":"M\u00e1xima Seducci\u00f3n","parent":0,"count":31,"filter":"raw"}],"product_brand":[],"product_cat":[102],"product_tag":[],"class_list":{"0":"post-7323","1":"product","2":"type-product","3":"status-publish","4":"has-post-thumbnail","6":"brand-mapale","7":"product_cat-babydolls","9":"first","10":"instock","11":"taxable","12":"shipping-taxable","13":"purchasable","14":"product-type-variable"},"_links":{"self":[{"href":"https:\/\/evocaecuador.com\/en\/wp-json\/wp\/v2\/product\/7323","targetHints":{"allow":["GET"]}}],"collection":[{"href":"https:\/\/evocaecuador.com\/en\/wp-json\/wp\/v2\/product"}],"about":[{"href":"https:\/\/evocaecuador.com\/en\/wp-json\/wp\/v2\/types\/product"}],"replies":[{"embeddable":true,"href":"https:\/\/evocaecuador.com\/en\/wp-json\/wp\/v2\/comments?post=7323"}],"version-history":[{"count":2,"href":"https:\/\/evocaecuador.com\/en\/wp-json\/wp\/v2\/product\/7323\/revisions"}],"predecessor-version":[{"id":9642,"href":"https:\/\/evocaecuador.com\/en\/wp-json\/wp\/v2\/product\/7323\/revisions\/9642"}],"wp:featuredmedia":[{"embeddable":true,"href":"https:\/\/evocaecuador.com\/en\/wp-json\/wp\/v2\/media\/7319"}],"wp:attachment":[{"href":"https:\/\/evocaecuador.com\/en\/wp-json\/wp\/v2\/media?parent=7323"}],"wp:term":[{"taxonomy":"brand","embeddable":true,"href":"https:\/\/evocaecuador.com\/en\/wp-json\/wp\/v2\/etheme_brands?post=7323"},{"taxonomy":"product_brand","embeddable":true,"href":"https:\/\/evocaecuador.com\/en\/wp-json\/wp\/v2\/product_brand?post=7323"},{"taxonomy":"product_cat","embeddable":true,"href":"https:\/\/evocaecuador.com\/en\/wp-json\/wp\/v2\/product_cat?post=7323"},{"taxonomy":"product_tag","embeddable":true,"href":"https:\/\/evocaecuador.com\/en\/wp-json\/wp\/v2\/product_tag?post=7323"}],"curies":[{"name":"wp","href":"https:\/\/api.w.org\/{rel}","templated":true}]}}