{"id":7316,"date":"2023-08-11T02:24:51","date_gmt":"2023-08-11T02:24:51","guid":{"rendered":"https:\/\/evocaecuador.com\/producto\/babydoll-7485\/"},"modified":"2025-10-13T01:00:47","modified_gmt":"2025-10-13T01:00:47","slug":"babydoll-7485","status":"publish","type":"product","link":"https:\/\/evocaecuador.com\/en\/product\/babydoll-7485\/","title":{"rendered":"BabyDoll Mapal\u00e9 7485"},"content":{"rendered":"<p>Delicado babydoll de malla transparente con detalles de puntilla<br \/>\nAros continuos para mayor sujeci\u00f3n<br \/>\nAbertura frontal, tirantes ajustables y tanga a juego.<br \/>\nBabyDoll 7485<br \/>\nHecho en Colombia<\/p>","protected":false},"excerpt":{"rendered":"<ul>\n<li> Delicado babydoll de malla transparente con detalles de puntilla <\/li>\n<li> Aros continuos para mayor sujeci\u00f3n <\/li>\n<li> Abertura frontal, tirantes ajustables y tanga a juego.  <\/li>\n<li> BabyDoll 7485 <\/li>\n<li> Hecho en Colombia <\/li>\n<\/ul>","protected":false},"featured_media":7312,"comment_status":"open","ping_status":"closed","template":"","meta":{"_joinchat":[]},"etheme_brands":[{"term_id":109,"name":"Mapal\u00e9","slug":"mapale","term_group":0,"term_taxonomy_id":109,"taxonomy":"brand","description":"M\u00e1xima Seducci\u00f3n","parent":0,"count":31,"filter":"raw"}],"product_brand":[],"product_cat":[102],"product_tag":[],"class_list":{"0":"post-7316","1":"product","2":"type-product","3":"status-publish","4":"has-post-thumbnail","6":"brand-mapale","7":"product_cat-babydolls","9":"first","10":"instock","11":"taxable","12":"shipping-taxable","13":"product-type-variable"},"_links":{"self":[{"href":"https:\/\/evocaecuador.com\/en\/wp-json\/wp\/v2\/product\/7316","targetHints":{"allow":["GET"]}}],"collection":[{"href":"https:\/\/evocaecuador.com\/en\/wp-json\/wp\/v2\/product"}],"about":[{"href":"https:\/\/evocaecuador.com\/en\/wp-json\/wp\/v2\/types\/product"}],"replies":[{"embeddable":true,"href":"https:\/\/evocaecuador.com\/en\/wp-json\/wp\/v2\/comments?post=7316"}],"version-history":[{"count":2,"href":"https:\/\/evocaecuador.com\/en\/wp-json\/wp\/v2\/product\/7316\/revisions"}],"predecessor-version":[{"id":9645,"href":"https:\/\/evocaecuador.com\/en\/wp-json\/wp\/v2\/product\/7316\/revisions\/9645"}],"wp:featuredmedia":[{"embeddable":true,"href":"https:\/\/evocaecuador.com\/en\/wp-json\/wp\/v2\/media\/7312"}],"wp:attachment":[{"href":"https:\/\/evocaecuador.com\/en\/wp-json\/wp\/v2\/media?parent=7316"}],"wp:term":[{"taxonomy":"brand","embeddable":true,"href":"https:\/\/evocaecuador.com\/en\/wp-json\/wp\/v2\/etheme_brands?post=7316"},{"taxonomy":"product_brand","embeddable":true,"href":"https:\/\/evocaecuador.com\/en\/wp-json\/wp\/v2\/product_brand?post=7316"},{"taxonomy":"product_cat","embeddable":true,"href":"https:\/\/evocaecuador.com\/en\/wp-json\/wp\/v2\/product_cat?post=7316"},{"taxonomy":"product_tag","embeddable":true,"href":"https:\/\/evocaecuador.com\/en\/wp-json\/wp\/v2\/product_tag?post=7316"}],"curies":[{"name":"wp","href":"https:\/\/api.w.org\/{rel}","templated":true}]}}