{"id":7289,"date":"2023-08-11T01:32:46","date_gmt":"2023-08-11T01:32:46","guid":{"rendered":"https:\/\/evocaecuador.com\/producto\/conjunto-2729\/"},"modified":"2025-10-13T01:00:48","modified_gmt":"2025-10-13T01:00:48","slug":"conjunto-2729","status":"publish","type":"product","link":"https:\/\/evocaecuador.com\/en\/product\/conjunto-2729\/","title":{"rendered":"Conjunto Mapal\u00e9 2729"},"content":{"rendered":"<p>Irradia poder y fuerza con este conjunto de tres piezas con apariencia de cuero sint\u00e9tico y dise\u00f1o de tiras. Top con aros y tirantes ajustables, tanga y arn\u00e9s ajustables a juego. Art\u00edculo n.\u00ba 2729<\/p>","protected":false},"excerpt":{"rendered":"<ul>\n<li> Irradia poder y fuerza con este conjunto de tres piezas con apariencia de cuero sint\u00e9tico y dise\u00f1o de tiras. Top con aros y tirantes ajustables, tanga y arn\u00e9s ajustables a juego. Art\u00edculo n.\u00ba 2729 <\/li>\n<\/ul>","protected":false},"featured_media":7285,"comment_status":"open","ping_status":"closed","template":"","meta":{"_joinchat":[]},"etheme_brands":[{"term_id":109,"name":"Mapal\u00e9","slug":"mapale","term_group":0,"term_taxonomy_id":109,"taxonomy":"brand","description":"M\u00e1xima Seducci\u00f3n","parent":0,"count":31,"filter":"raw"}],"product_brand":[],"product_cat":[98],"product_tag":[],"class_list":{"0":"post-7289","1":"product","2":"type-product","3":"status-publish","4":"has-post-thumbnail","6":"brand-mapale","7":"product_cat-conjuntos","9":"first","10":"instock","11":"taxable","12":"shipping-taxable","13":"purchasable","14":"product-type-variable"},"_links":{"self":[{"href":"https:\/\/evocaecuador.com\/en\/wp-json\/wp\/v2\/product\/7289","targetHints":{"allow":["GET"]}}],"collection":[{"href":"https:\/\/evocaecuador.com\/en\/wp-json\/wp\/v2\/product"}],"about":[{"href":"https:\/\/evocaecuador.com\/en\/wp-json\/wp\/v2\/types\/product"}],"replies":[{"embeddable":true,"href":"https:\/\/evocaecuador.com\/en\/wp-json\/wp\/v2\/comments?post=7289"}],"version-history":[{"count":2,"href":"https:\/\/evocaecuador.com\/en\/wp-json\/wp\/v2\/product\/7289\/revisions"}],"predecessor-version":[{"id":9490,"href":"https:\/\/evocaecuador.com\/en\/wp-json\/wp\/v2\/product\/7289\/revisions\/9490"}],"wp:featuredmedia":[{"embeddable":true,"href":"https:\/\/evocaecuador.com\/en\/wp-json\/wp\/v2\/media\/7285"}],"wp:attachment":[{"href":"https:\/\/evocaecuador.com\/en\/wp-json\/wp\/v2\/media?parent=7289"}],"wp:term":[{"taxonomy":"brand","embeddable":true,"href":"https:\/\/evocaecuador.com\/en\/wp-json\/wp\/v2\/etheme_brands?post=7289"},{"taxonomy":"product_brand","embeddable":true,"href":"https:\/\/evocaecuador.com\/en\/wp-json\/wp\/v2\/product_brand?post=7289"},{"taxonomy":"product_cat","embeddable":true,"href":"https:\/\/evocaecuador.com\/en\/wp-json\/wp\/v2\/product_cat?post=7289"},{"taxonomy":"product_tag","embeddable":true,"href":"https:\/\/evocaecuador.com\/en\/wp-json\/wp\/v2\/product_tag?post=7289"}],"curies":[{"name":"wp","href":"https:\/\/api.w.org\/{rel}","templated":true}]}}