{"id":7273,"date":"2023-08-10T21:38:45","date_gmt":"2023-08-10T21:38:45","guid":{"rendered":"https:\/\/evocaecuador.com\/producto\/conjunto-2726\/"},"modified":"2025-10-13T01:00:48","modified_gmt":"2025-10-13T01:00:48","slug":"conjunto-2726","status":"publish","type":"product","link":"https:\/\/evocaecuador.com\/en\/product\/conjunto-2726\/","title":{"rendered":"Conjunto Mapal\u00e9 2726"},"content":{"rendered":"<p>Conjunto de tres piezas con dise\u00f1o el\u00e1stico. Top de copa abierta, tirantes ajustables, liguero y tanga a juego. Art\u00edculo n.\u00ba 2726<\/p>","protected":false},"excerpt":{"rendered":"<ul>\n<li> Conjunto de tres piezas con dise\u00f1o el\u00e1stico. Top de copa abierta, tirantes ajustables, liguero y tanga a juego. Art\u00edculo n.\u00ba 2726 <\/li>\n<\/ul>","protected":false},"featured_media":7267,"comment_status":"open","ping_status":"closed","template":"","meta":{"_joinchat":[]},"etheme_brands":[{"term_id":109,"name":"Mapal\u00e9","slug":"mapale","term_group":0,"term_taxonomy_id":109,"taxonomy":"brand","description":"M\u00e1xima Seducci\u00f3n","parent":0,"count":31,"filter":"raw"}],"product_brand":[],"product_cat":[98],"product_tag":[],"class_list":{"0":"post-7273","1":"product","2":"type-product","3":"status-publish","4":"has-post-thumbnail","6":"brand-mapale","7":"product_cat-conjuntos","9":"first","10":"instock","11":"taxable","12":"shipping-taxable","13":"product-type-variable"},"_links":{"self":[{"href":"https:\/\/evocaecuador.com\/en\/wp-json\/wp\/v2\/product\/7273","targetHints":{"allow":["GET"]}}],"collection":[{"href":"https:\/\/evocaecuador.com\/en\/wp-json\/wp\/v2\/product"}],"about":[{"href":"https:\/\/evocaecuador.com\/en\/wp-json\/wp\/v2\/types\/product"}],"replies":[{"embeddable":true,"href":"https:\/\/evocaecuador.com\/en\/wp-json\/wp\/v2\/comments?post=7273"}],"version-history":[{"count":2,"href":"https:\/\/evocaecuador.com\/en\/wp-json\/wp\/v2\/product\/7273\/revisions"}],"predecessor-version":[{"id":9488,"href":"https:\/\/evocaecuador.com\/en\/wp-json\/wp\/v2\/product\/7273\/revisions\/9488"}],"wp:featuredmedia":[{"embeddable":true,"href":"https:\/\/evocaecuador.com\/en\/wp-json\/wp\/v2\/media\/7267"}],"wp:attachment":[{"href":"https:\/\/evocaecuador.com\/en\/wp-json\/wp\/v2\/media?parent=7273"}],"wp:term":[{"taxonomy":"brand","embeddable":true,"href":"https:\/\/evocaecuador.com\/en\/wp-json\/wp\/v2\/etheme_brands?post=7273"},{"taxonomy":"product_brand","embeddable":true,"href":"https:\/\/evocaecuador.com\/en\/wp-json\/wp\/v2\/product_brand?post=7273"},{"taxonomy":"product_cat","embeddable":true,"href":"https:\/\/evocaecuador.com\/en\/wp-json\/wp\/v2\/product_cat?post=7273"},{"taxonomy":"product_tag","embeddable":true,"href":"https:\/\/evocaecuador.com\/en\/wp-json\/wp\/v2\/product_tag?post=7273"}],"curies":[{"name":"wp","href":"https:\/\/api.w.org\/{rel}","templated":true}]}}