{"id":7264,"date":"2023-08-10T17:37:17","date_gmt":"2023-08-10T17:37:17","guid":{"rendered":"https:\/\/evocaecuador.com\/producto\/body-2716\/"},"modified":"2025-10-13T01:00:48","modified_gmt":"2025-10-13T01:00:48","slug":"body-2716","status":"publish","type":"product","link":"https:\/\/evocaecuador.com\/en\/product\/body-2716\/","title":{"rendered":"Body Mapal\u00e9 2716"},"content":{"rendered":"<p>Body transparente de aspecto mojado de Harper. El aspecto mojado, la malla y los cortes dejar\u00e1n tu piel expuesta para hacerte sentir sexy y poderosa. Body con cierre ajustable en entrepierna, cobertura ligera.<\/p>","protected":false},"excerpt":{"rendered":"<ul>\n<li> Body transparente de aspecto mojado de Harper. El aspecto mojado, la malla y los cortes dejar\u00e1n tu piel expuesta para hacerte sentir sexy y poderosa. Body con cierre ajustable en entrepierna, cobertura ligera. <\/li>\n<\/ul>","protected":false},"featured_media":7261,"comment_status":"open","ping_status":"closed","template":"","meta":{"_joinchat":[]},"etheme_brands":[{"term_id":109,"name":"Mapal\u00e9","slug":"mapale","term_group":0,"term_taxonomy_id":109,"taxonomy":"brand","description":"M\u00e1xima Seducci\u00f3n","parent":0,"count":31,"filter":"raw"}],"product_brand":[],"product_cat":[103],"product_tag":[],"class_list":{"0":"post-7264","1":"product","2":"type-product","3":"status-publish","4":"has-post-thumbnail","6":"brand-mapale","7":"product_cat-bodys","9":"first","10":"instock","11":"taxable","12":"shipping-taxable","13":"purchasable","14":"product-type-variable"},"_links":{"self":[{"href":"https:\/\/evocaecuador.com\/en\/wp-json\/wp\/v2\/product\/7264","targetHints":{"allow":["GET"]}}],"collection":[{"href":"https:\/\/evocaecuador.com\/en\/wp-json\/wp\/v2\/product"}],"about":[{"href":"https:\/\/evocaecuador.com\/en\/wp-json\/wp\/v2\/types\/product"}],"replies":[{"embeddable":true,"href":"https:\/\/evocaecuador.com\/en\/wp-json\/wp\/v2\/comments?post=7264"}],"version-history":[{"count":2,"href":"https:\/\/evocaecuador.com\/en\/wp-json\/wp\/v2\/product\/7264\/revisions"}],"predecessor-version":[{"id":9487,"href":"https:\/\/evocaecuador.com\/en\/wp-json\/wp\/v2\/product\/7264\/revisions\/9487"}],"wp:featuredmedia":[{"embeddable":true,"href":"https:\/\/evocaecuador.com\/en\/wp-json\/wp\/v2\/media\/7261"}],"wp:attachment":[{"href":"https:\/\/evocaecuador.com\/en\/wp-json\/wp\/v2\/media?parent=7264"}],"wp:term":[{"taxonomy":"brand","embeddable":true,"href":"https:\/\/evocaecuador.com\/en\/wp-json\/wp\/v2\/etheme_brands?post=7264"},{"taxonomy":"product_brand","embeddable":true,"href":"https:\/\/evocaecuador.com\/en\/wp-json\/wp\/v2\/product_brand?post=7264"},{"taxonomy":"product_cat","embeddable":true,"href":"https:\/\/evocaecuador.com\/en\/wp-json\/wp\/v2\/product_cat?post=7264"},{"taxonomy":"product_tag","embeddable":true,"href":"https:\/\/evocaecuador.com\/en\/wp-json\/wp\/v2\/product_tag?post=7264"}],"curies":[{"name":"wp","href":"https:\/\/api.w.org\/{rel}","templated":true}]}}