{"id":7258,"date":"2023-08-09T23:14:34","date_gmt":"2023-08-09T23:14:34","guid":{"rendered":"https:\/\/evocaecuador.com\/producto\/conjunto-2715\/"},"modified":"2025-10-13T01:00:51","modified_gmt":"2025-10-13T01:00:51","slug":"conjunto-2715","status":"publish","type":"product","link":"https:\/\/evocaecuador.com\/en\/product\/conjunto-2715\/","title":{"rendered":"Conjunto Mapal\u00e9 2715"},"content":{"rendered":"<p>Sencillez y atractivo sexual en una combinaci\u00f3n perfecta. Top efecto mojado con dise\u00f1o underboob y detalle de cierre con cremallera. Tanga de pierna alta a juego. Art\u00edculo n.\u00ba 2715<\/p>","protected":false},"excerpt":{"rendered":"<ul>\n<li> Sencillez y atractivo sexual en una combinaci\u00f3n perfecta. Top efecto mojado con dise\u00f1o underboob y detalle de cierre con cremallera. Tanga de pierna alta a juego. Art\u00edculo n.\u00ba 2715 <\/li>\n<\/ul>","protected":false},"featured_media":7255,"comment_status":"open","ping_status":"closed","template":"","meta":{"_joinchat":[]},"etheme_brands":[{"term_id":109,"name":"Mapal\u00e9","slug":"mapale","term_group":0,"term_taxonomy_id":109,"taxonomy":"brand","description":"M\u00e1xima Seducci\u00f3n","parent":0,"count":31,"filter":"raw"}],"product_brand":[],"product_cat":[101],"product_tag":[],"class_list":{"0":"post-7258","1":"product","2":"type-product","3":"status-publish","4":"has-post-thumbnail","6":"brand-mapale","7":"product_cat-sexy-night","9":"first","10":"instock","11":"taxable","12":"shipping-taxable","13":"purchasable","14":"product-type-variable"},"_links":{"self":[{"href":"https:\/\/evocaecuador.com\/en\/wp-json\/wp\/v2\/product\/7258","targetHints":{"allow":["GET"]}}],"collection":[{"href":"https:\/\/evocaecuador.com\/en\/wp-json\/wp\/v2\/product"}],"about":[{"href":"https:\/\/evocaecuador.com\/en\/wp-json\/wp\/v2\/types\/product"}],"replies":[{"embeddable":true,"href":"https:\/\/evocaecuador.com\/en\/wp-json\/wp\/v2\/comments?post=7258"}],"version-history":[{"count":2,"href":"https:\/\/evocaecuador.com\/en\/wp-json\/wp\/v2\/product\/7258\/revisions"}],"predecessor-version":[{"id":9486,"href":"https:\/\/evocaecuador.com\/en\/wp-json\/wp\/v2\/product\/7258\/revisions\/9486"}],"wp:featuredmedia":[{"embeddable":true,"href":"https:\/\/evocaecuador.com\/en\/wp-json\/wp\/v2\/media\/7255"}],"wp:attachment":[{"href":"https:\/\/evocaecuador.com\/en\/wp-json\/wp\/v2\/media?parent=7258"}],"wp:term":[{"taxonomy":"brand","embeddable":true,"href":"https:\/\/evocaecuador.com\/en\/wp-json\/wp\/v2\/etheme_brands?post=7258"},{"taxonomy":"product_brand","embeddable":true,"href":"https:\/\/evocaecuador.com\/en\/wp-json\/wp\/v2\/product_brand?post=7258"},{"taxonomy":"product_cat","embeddable":true,"href":"https:\/\/evocaecuador.com\/en\/wp-json\/wp\/v2\/product_cat?post=7258"},{"taxonomy":"product_tag","embeddable":true,"href":"https:\/\/evocaecuador.com\/en\/wp-json\/wp\/v2\/product_tag?post=7258"}],"curies":[{"name":"wp","href":"https:\/\/api.w.org\/{rel}","templated":true}]}}