{"id":7009,"date":"2023-07-31T16:49:07","date_gmt":"2023-07-31T16:49:07","guid":{"rendered":"https:\/\/evocaecuador.com\/producto\/kendal-brasier\/"},"modified":"2025-10-13T00:44:58","modified_gmt":"2025-10-13T00:44:58","slug":"kendal-brasier","status":"publish","type":"product","link":"https:\/\/evocaecuador.com\/en\/product\/kendal-brasier\/","title":{"rendered":"Brasier Rosalia Kendal"},"content":{"rendered":"<p>Brasier dise\u00f1ado y pensado especialmente para ti. La comodidad y el soporte de busto son su funci\u00f3n pricipal\u00d1 sin necesidad de copa en espuma.<br \/>\nTiene varilla interna para centrar el busto.<br \/>\nEste brasier viene elaborado en poliamida elastano, totalmente liso, con doble tela en copa y espalda.<br \/>\nLas costuras de este producto, no marcan, ni tallan porque vienen internamente.<br \/>\nEsta copa en doble tela, se proyecta hasta el hombro para un mejor soporte y confort.Complementado con cargaderas graduables que ajustan a tu medida.<br \/>\nLo puedes llevar en set Kendal (bra+panty)<br \/>\nHecho en Colombia<\/p>","protected":false},"excerpt":{"rendered":"<ul>\n<li>Brasier dise\u00f1ado y pensado especialmente para ti. La comodidad y el soporte de busto son su funci\u00f3n pricipal\u00d1 sin necesidad de copa en espuma.<\/li>\n<li>Tiene varilla interna para centrar el busto.<\/li>\n<li>Este brasier viene elaborado en poliamida elastano, totalmente liso, con doble tela en copa y espalda.<\/li>\n<li>Las costuras de este producto, no marcan, ni tallan porque vienen internamente.<\/li>\n<li>Esta copa en doble tela, se proyecta hasta el hombro para un mejor soporte y confort.Complementado con cargaderas graduables que ajustan a tu medida.<\/li>\n<li>Lo puedes llevar en set Kendal (bra+panty)<\/li>\n<li>Hecho en Colombia<\/li>\n<\/ul>","protected":false},"featured_media":9577,"comment_status":"open","ping_status":"closed","template":"","meta":{"_joinchat":[]},"etheme_brands":[{"term_id":107,"name":"Rosalia","slug":"rosalia","term_group":0,"term_taxonomy_id":107,"taxonomy":"brand","description":"Lencer\u00eda \u00fanica para mujeres diferentes","parent":0,"count":89,"filter":"raw"}],"product_brand":[],"product_cat":[99],"product_tag":[],"class_list":{"0":"post-7009","1":"product","2":"type-product","3":"status-publish","4":"has-post-thumbnail","6":"brand-rosalia","7":"product_cat-brasieres","9":"first","10":"instock","11":"taxable","12":"shipping-taxable","13":"purchasable","14":"product-type-variable"},"_links":{"self":[{"href":"https:\/\/evocaecuador.com\/en\/wp-json\/wp\/v2\/product\/7009","targetHints":{"allow":["GET"]}}],"collection":[{"href":"https:\/\/evocaecuador.com\/en\/wp-json\/wp\/v2\/product"}],"about":[{"href":"https:\/\/evocaecuador.com\/en\/wp-json\/wp\/v2\/types\/product"}],"replies":[{"embeddable":true,"href":"https:\/\/evocaecuador.com\/en\/wp-json\/wp\/v2\/comments?post=7009"}],"version-history":[{"count":5,"href":"https:\/\/evocaecuador.com\/en\/wp-json\/wp\/v2\/product\/7009\/revisions"}],"predecessor-version":[{"id":11241,"href":"https:\/\/evocaecuador.com\/en\/wp-json\/wp\/v2\/product\/7009\/revisions\/11241"}],"wp:featuredmedia":[{"embeddable":true,"href":"https:\/\/evocaecuador.com\/en\/wp-json\/wp\/v2\/media\/9577"}],"wp:attachment":[{"href":"https:\/\/evocaecuador.com\/en\/wp-json\/wp\/v2\/media?parent=7009"}],"wp:term":[{"taxonomy":"brand","embeddable":true,"href":"https:\/\/evocaecuador.com\/en\/wp-json\/wp\/v2\/etheme_brands?post=7009"},{"taxonomy":"product_brand","embeddable":true,"href":"https:\/\/evocaecuador.com\/en\/wp-json\/wp\/v2\/product_brand?post=7009"},{"taxonomy":"product_cat","embeddable":true,"href":"https:\/\/evocaecuador.com\/en\/wp-json\/wp\/v2\/product_cat?post=7009"},{"taxonomy":"product_tag","embeddable":true,"href":"https:\/\/evocaecuador.com\/en\/wp-json\/wp\/v2\/product_tag?post=7009"}],"curies":[{"name":"wp","href":"https:\/\/api.w.org\/{rel}","templated":true}]}}