{"id":10298,"date":"2023-11-20T17:32:15","date_gmt":"2023-11-20T17:32:15","guid":{"rendered":"https:\/\/evocaecuador.com\/producto\/paquete-truzas-rosalia-kamala-x2\/"},"modified":"2025-10-13T21:25:57","modified_gmt":"2025-10-13T21:25:57","slug":"paquete-truzas-rosalia-kamala-x2","status":"publish","type":"product","link":"https:\/\/evocaecuador.com\/en\/product\/paquete-truzas-rosalia-kamala-x2\/","title":{"rendered":"Paquete  Tangas  Rosalia Kamala X2"},"content":{"rendered":"<p>\u00b7 Paquete x 2 de Cachetero elaborado en algod\u00f3n elastano (m\u00e1xima frescura).<br \/>\n\u00b7 Franja de encaje en pierna y cintura.<br \/>\n\u00b7 Este paquete tiene un cachetero fondo entero y otro estampado.<br \/>\n\u00b7 S\u00faper c\u00f3modo para todos los d\u00edas!<\/p>","protected":false},"excerpt":{"rendered":"<ul>\n<li>\u00b7 Paquete x 2 de Cachetero elaborado en algod\u00f3n elastano (m\u00e1xima frescura).<\/li>\n<li>\u00b7 Franja de encaje en pierna y cintura.<\/li>\n<li>\u00b7 Este paquete tiene un cachetero fondo entero y otro estampado.<\/li>\n<li>\u00b7 S\u00faper c\u00f3modo para todos los d\u00edas!<\/li>\n<\/ul>","protected":false},"featured_media":10290,"comment_status":"open","ping_status":"closed","template":"","meta":{"_joinchat":[]},"etheme_brands":[{"term_id":107,"name":"Rosalia","slug":"rosalia","term_group":0,"term_taxonomy_id":107,"taxonomy":"brand","description":"Lencer\u00eda \u00fanica para mujeres diferentes","parent":0,"count":89,"filter":"raw"}],"product_brand":[],"product_cat":[100],"product_tag":[],"class_list":{"0":"post-10298","1":"product","2":"type-product","3":"status-publish","4":"has-post-thumbnail","6":"brand-rosalia","7":"product_cat-tangas","9":"first","10":"instock","11":"taxable","12":"shipping-taxable","13":"purchasable","14":"product-type-variable"},"_links":{"self":[{"href":"https:\/\/evocaecuador.com\/en\/wp-json\/wp\/v2\/product\/10298","targetHints":{"allow":["GET"]}}],"collection":[{"href":"https:\/\/evocaecuador.com\/en\/wp-json\/wp\/v2\/product"}],"about":[{"href":"https:\/\/evocaecuador.com\/en\/wp-json\/wp\/v2\/types\/product"}],"replies":[{"embeddable":true,"href":"https:\/\/evocaecuador.com\/en\/wp-json\/wp\/v2\/comments?post=10298"}],"version-history":[{"count":4,"href":"https:\/\/evocaecuador.com\/en\/wp-json\/wp\/v2\/product\/10298\/revisions"}],"predecessor-version":[{"id":11638,"href":"https:\/\/evocaecuador.com\/en\/wp-json\/wp\/v2\/product\/10298\/revisions\/11638"}],"wp:featuredmedia":[{"embeddable":true,"href":"https:\/\/evocaecuador.com\/en\/wp-json\/wp\/v2\/media\/10290"}],"wp:attachment":[{"href":"https:\/\/evocaecuador.com\/en\/wp-json\/wp\/v2\/media?parent=10298"}],"wp:term":[{"taxonomy":"brand","embeddable":true,"href":"https:\/\/evocaecuador.com\/en\/wp-json\/wp\/v2\/etheme_brands?post=10298"},{"taxonomy":"product_brand","embeddable":true,"href":"https:\/\/evocaecuador.com\/en\/wp-json\/wp\/v2\/product_brand?post=10298"},{"taxonomy":"product_cat","embeddable":true,"href":"https:\/\/evocaecuador.com\/en\/wp-json\/wp\/v2\/product_cat?post=10298"},{"taxonomy":"product_tag","embeddable":true,"href":"https:\/\/evocaecuador.com\/en\/wp-json\/wp\/v2\/product_tag?post=10298"}],"curies":[{"name":"wp","href":"https:\/\/api.w.org\/{rel}","templated":true}]}}