{"id":10276,"date":"2023-11-20T16:08:16","date_gmt":"2023-11-20T16:08:16","guid":{"rendered":"https:\/\/evocaecuador.com\/producto\/paquete-truzas-rosalia-melania-x2\/"},"modified":"2025-12-31T01:12:32","modified_gmt":"2025-12-31T01:12:32","slug":"paquete-truzas-rosalia-melania-x2","status":"publish","type":"product","link":"https:\/\/evocaecuador.com\/en\/product\/paquete-truzas-rosalia-melania-x2\/","title":{"rendered":"Paquete  Tangas Rosalia Melania X2"},"content":{"rendered":"<p>\u00b7 Paqueteria x2 de brasilera elaborada en algod\u00f3n elastano.<br \/>\n\u00b7 Franja en cintura de encaje ultra c\u00f3moda en contraste.<br \/>\n\u00b7 Detalle de mini franja en pierna super delicada para mejor comodidad.<br \/>\n\u00b7 Esta paqueter\u00eda siempre tendr\u00e1s una alternativa estampada y otra color s\u00f3lido.<br \/>\n\u00b7 Un b\u00e1sico ideal para todos los d\u00edas.<\/p>","protected":false},"excerpt":{"rendered":"<ul>\n<li>\u00b7 Paqueteria x2 de brasilera elaborada en algod\u00f3n elastano.<\/li>\n<li>\u00b7 Franja en cintura de encaje ultra c\u00f3moda en contraste.<\/li>\n<li>\u00b7 Detalle de mini franja en pierna super delicada para mejor comodidad.<\/li>\n<li>\u00b7 Esta paqueter\u00eda siempre tendr\u00e1s una alternativa estampada y otra color s\u00f3lido.<\/li>\n<li>\u00b7 Un b\u00e1sico ideal para todos los d\u00edas.<\/li>\n<\/ul>","protected":false},"featured_media":10261,"comment_status":"open","ping_status":"closed","template":"","meta":{"_joinchat":[]},"etheme_brands":[{"term_id":107,"name":"Rosalia","slug":"rosalia","term_group":0,"term_taxonomy_id":107,"taxonomy":"brand","description":"Lencer\u00eda \u00fanica para mujeres diferentes","parent":0,"count":89,"filter":"raw"}],"product_brand":[],"product_cat":[100],"product_tag":[],"class_list":{"0":"post-10276","1":"product","2":"type-product","3":"status-publish","4":"has-post-thumbnail","6":"brand-rosalia","7":"product_cat-tangas","9":"first","10":"instock","11":"taxable","12":"shipping-taxable","13":"purchasable","14":"product-type-variable"},"_links":{"self":[{"href":"https:\/\/evocaecuador.com\/en\/wp-json\/wp\/v2\/product\/10276","targetHints":{"allow":["GET"]}}],"collection":[{"href":"https:\/\/evocaecuador.com\/en\/wp-json\/wp\/v2\/product"}],"about":[{"href":"https:\/\/evocaecuador.com\/en\/wp-json\/wp\/v2\/types\/product"}],"replies":[{"embeddable":true,"href":"https:\/\/evocaecuador.com\/en\/wp-json\/wp\/v2\/comments?post=10276"}],"version-history":[{"count":4,"href":"https:\/\/evocaecuador.com\/en\/wp-json\/wp\/v2\/product\/10276\/revisions"}],"predecessor-version":[{"id":11637,"href":"https:\/\/evocaecuador.com\/en\/wp-json\/wp\/v2\/product\/10276\/revisions\/11637"}],"wp:featuredmedia":[{"embeddable":true,"href":"https:\/\/evocaecuador.com\/en\/wp-json\/wp\/v2\/media\/10261"}],"wp:attachment":[{"href":"https:\/\/evocaecuador.com\/en\/wp-json\/wp\/v2\/media?parent=10276"}],"wp:term":[{"taxonomy":"brand","embeddable":true,"href":"https:\/\/evocaecuador.com\/en\/wp-json\/wp\/v2\/etheme_brands?post=10276"},{"taxonomy":"product_brand","embeddable":true,"href":"https:\/\/evocaecuador.com\/en\/wp-json\/wp\/v2\/product_brand?post=10276"},{"taxonomy":"product_cat","embeddable":true,"href":"https:\/\/evocaecuador.com\/en\/wp-json\/wp\/v2\/product_cat?post=10276"},{"taxonomy":"product_tag","embeddable":true,"href":"https:\/\/evocaecuador.com\/en\/wp-json\/wp\/v2\/product_tag?post=10276"}],"curies":[{"name":"wp","href":"https:\/\/api.w.org\/{rel}","templated":true}]}}