{"id":10030,"date":"2023-11-14T02:34:59","date_gmt":"2023-11-14T02:34:59","guid":{"rendered":"https:\/\/evocaecuador.com\/producto\/batola-provocame-mar-12047\/"},"modified":"2025-10-13T01:19:53","modified_gmt":"2025-10-13T01:19:53","slug":"batola-provocame-mar-12047","status":"publish","type":"product","link":"https:\/\/evocaecuador.com\/en\/product\/batola-provocame-mar-12047\/","title":{"rendered":"Batola Provocame Mar 12047"},"content":{"rendered":"<p>Pijama liviana y c\u00f3moda<br \/>\nViene con tensores para ajustar<br \/>\nLa cargadera a tu medida.<br \/>\nDetalles en encaje.<br \/>\nSilueta ajustada.<br \/>\nTallas: S \u00b7 M \u00b7 L \u00b7 XL<br \/>\nComposici\u00f3n: Algod\u00f3n elastano, tacto fr\u00edo<br \/>\nColor: Marfil<\/p>","protected":false},"excerpt":{"rendered":"<ul>\n<li> Pijama liviana y c\u00f3moda <\/li>\n<li> Viene con tensores para ajustar <\/li>\n<li> La cargadera a tu medida. <\/li>\n<li> Detalles en encaje. <\/li>\n<li> Silueta ajustada. <\/li>\n<li> Tallas: S \u00b7 M \u00b7 L \u00b7 XL <\/li>\n<li> Composici\u00f3n: Algod\u00f3n elastano, tacto fr\u00edo <\/li>\n<li> Color: Marfil <\/li>\n<\/ul>","protected":false},"featured_media":10026,"comment_status":"open","ping_status":"closed","template":"","meta":{"_joinchat":[]},"etheme_brands":[{"term_id":108,"name":"Prov\u00f3came","slug":"provocame","term_group":0,"term_taxonomy_id":108,"taxonomy":"brand","description":"Pijamas para el mejor descanso","parent":0,"count":70,"filter":"raw"}],"product_brand":[],"product_cat":[104],"product_tag":[],"class_list":{"0":"post-10030","1":"product","2":"type-product","3":"status-publish","4":"has-post-thumbnail","6":"brand-provocame","7":"product_cat-pijamas","9":"first","10":"instock","11":"taxable","12":"shipping-taxable","13":"purchasable","14":"product-type-variable"},"_links":{"self":[{"href":"https:\/\/evocaecuador.com\/en\/wp-json\/wp\/v2\/product\/10030","targetHints":{"allow":["GET"]}}],"collection":[{"href":"https:\/\/evocaecuador.com\/en\/wp-json\/wp\/v2\/product"}],"about":[{"href":"https:\/\/evocaecuador.com\/en\/wp-json\/wp\/v2\/types\/product"}],"replies":[{"embeddable":true,"href":"https:\/\/evocaecuador.com\/en\/wp-json\/wp\/v2\/comments?post=10030"}],"version-history":[{"count":1,"href":"https:\/\/evocaecuador.com\/en\/wp-json\/wp\/v2\/product\/10030\/revisions"}],"predecessor-version":[{"id":10250,"href":"https:\/\/evocaecuador.com\/en\/wp-json\/wp\/v2\/product\/10030\/revisions\/10250"}],"wp:featuredmedia":[{"embeddable":true,"href":"https:\/\/evocaecuador.com\/en\/wp-json\/wp\/v2\/media\/10026"}],"wp:attachment":[{"href":"https:\/\/evocaecuador.com\/en\/wp-json\/wp\/v2\/media?parent=10030"}],"wp:term":[{"taxonomy":"brand","embeddable":true,"href":"https:\/\/evocaecuador.com\/en\/wp-json\/wp\/v2\/etheme_brands?post=10030"},{"taxonomy":"product_brand","embeddable":true,"href":"https:\/\/evocaecuador.com\/en\/wp-json\/wp\/v2\/product_brand?post=10030"},{"taxonomy":"product_cat","embeddable":true,"href":"https:\/\/evocaecuador.com\/en\/wp-json\/wp\/v2\/product_cat?post=10030"},{"taxonomy":"product_tag","embeddable":true,"href":"https:\/\/evocaecuador.com\/en\/wp-json\/wp\/v2\/product_tag?post=10030"}],"curies":[{"name":"wp","href":"https:\/\/api.w.org\/{rel}","templated":true}]}}