{"id":4745,"date":"2018-08-13T16:00:48","date_gmt":"2018-08-13T16:00:48","guid":{"rendered":"https:\/\/xstore.8theme.com\/?page_id=4745"},"modified":"2023-10-25T00:50:15","modified_gmt":"2023-10-25T00:50:15","slug":"pagoseguro","status":"publish","type":"page","link":"https:\/\/evocaecuador.com\/en\/pagoseguro\/","title":{"rendered":"PAGO SEGURO"},"content":{"rendered":"<div data-elementor-type=\"wp-page\" data-elementor-id=\"4745\" class=\"elementor elementor-4745\">\n\t\t\t\t\t\t<section class=\"elementor-section elementor-top-section elementor-element elementor-element-17013eb elementor-section-boxed elementor-section-height-default elementor-section-height-default\" data-id=\"17013eb\" data-element_type=\"section\">\n\t\t\t\t\t\t<div class=\"elementor-container elementor-column-gap-default\">\n\t\t\t\t\t<div class=\"elementor-column elementor-col-100 elementor-top-column elementor-element elementor-element-394c709\" data-id=\"394c709\" data-element_type=\"column\">\n\t\t\t<div class=\"elementor-widget-wrap elementor-element-populated\">\n\t\t\t\t\t\t<div class=\"elementor-element elementor-element-f327ca2 elementor-widget elementor-widget-text-editor\" data-id=\"f327ca2\" data-element_type=\"widget\" data-widget_type=\"text-editor.default\">\n\t\t\t\t<div class=\"elementor-widget-container\">\n\t\t\t\t\t\t\t\t\t<h2>ACEPTAMOS TODAS LAS TARJETAS DE CR\u00c9<b>DITO Y D\u00c9BITO DE PER\u00da<\/b><\/h2><p>Todos los pagos realizados en nuestra tienda en L\u00ednea son <strong>TOTALMENTE GARANTIZADOS.<\/strong> Nuestra p\u00e1gina tiene seguridad <strong>SSL<\/strong> que nos permite cifrar los datos de su tarjeta de cr\u00e9dito o d\u00e9bito y no tener acceso a ellos. Adem\u00e1s <strong>EUPHORIA<\/strong> no se queda con ning\u00fan dato de las tarjetas de cr\u00e9dito.<\/p><p>Estamos avalados por la plataforma de MERCADO PAGO que nos permite recibir sus pagos sin necesidad de acceder a los datos de su tarjeta de cr\u00e9dito. Aceptamos tambi\u00e9n pagos con transferencia y dep\u00f3sitos directo.<\/p>\t\t\t\t\t\t\t\t<\/div>\n\t\t\t\t<\/div>\n\t\t\t\t<div class=\"elementor-element elementor-element-362c153 elementor-widget elementor-widget-spacer\" data-id=\"362c153\" data-element_type=\"widget\" data-widget_type=\"spacer.default\">\n\t\t\t\t<div class=\"elementor-widget-container\">\n\t\t\t\t\t\t\t<div class=\"elementor-spacer\">\n\t\t\t<div class=\"elementor-spacer-inner\"><\/div>\n\t\t<\/div>\n\t\t\t\t\t\t<\/div>\n\t\t\t\t<\/div>\n\t\t\t\t<div class=\"elementor-element elementor-element-2806197 elementor-widget elementor-widget-etheme_gallery\" data-id=\"2806197\" data-element_type=\"widget\" data-settings=\"{&quot;type&quot;:&quot;justified&quot;,&quot;ideal_row_height&quot;:{&quot;unit&quot;:&quot;px&quot;,&quot;size&quot;:200,&quot;sizes&quot;:[]},&quot;ideal_row_height_tablet&quot;:{&quot;unit&quot;:&quot;px&quot;,&quot;size&quot;:150,&quot;sizes&quot;:[]},&quot;ideal_row_height_mobile&quot;:{&quot;unit&quot;:&quot;px&quot;,&quot;size&quot;:150,&quot;sizes&quot;:[]},&quot;columns_gap&quot;:{&quot;unit&quot;:&quot;px&quot;,&quot;size&quot;:10,&quot;sizes&quot;:[]},&quot;columns_gap_tablet&quot;:{&quot;unit&quot;:&quot;px&quot;,&quot;size&quot;:&quot;&quot;,&quot;sizes&quot;:[]},&quot;columns_gap_mobile&quot;:{&quot;unit&quot;:&quot;px&quot;,&quot;size&quot;:&quot;&quot;,&quot;sizes&quot;:[]},&quot;rows_gap&quot;:{&quot;unit&quot;:&quot;px&quot;,&quot;size&quot;:10,&quot;sizes&quot;:[]},&quot;rows_gap_tablet&quot;:{&quot;unit&quot;:&quot;px&quot;,&quot;size&quot;:&quot;&quot;,&quot;sizes&quot;:[]},&quot;rows_gap_mobile&quot;:{&quot;unit&quot;:&quot;px&quot;,&quot;size&quot;:&quot;&quot;,&quot;sizes&quot;:[]}}\" data-widget_type=\"etheme_gallery.default\">\n\t\t\t\t<div class=\"elementor-widget-container\">\n\t\t\t\t\t        \r\n        <div class=\"etheme-gallery-wrapper\">\r\n            \t            \r\n\t            <div class=\"e-gallery etheme-gallery active\" id=\"etheme-gallery-7269\" data-item-settings=\"{&quot;type&quot;:&quot;justified&quot;}\" data-uniq-id=\"7269\">\r\n                                <div class=\"e-gallery-item etheme-gallery-item\">\r\n                <div class=\"etheme-gallery-item-overlay\">\r\n                    <a data-elementor-open-lightbox=\"yes\" data-elementor-lightbox-slideshow=\"all-2806197\" data-elementor-lightbox-title=\"Logo-Mercado-Pago-fondocrema\" data-e-action-hash=\"#elementor-action%3Aaction%3Dlightbox%26settings%3DeyJpZCI6OTc4MSwidXJsIjoiaHR0cHM6XC9cL2V2b2NhZWN1YWRvci5jb21cL3dwLWNvbnRlbnRcL3VwbG9hZHNcLzIwMjNcLzEwXC9Mb2dvLU1lcmNhZG8tUGFnby1mb25kb2NyZW1hLnBuZyIsInNsaWRlc2hvdyI6ImFsbC0yODA2MTk3In0%3D\" class=\"e-gallery-image etheme-gallery-image elementor-gallery-item__image\" data-thumbnail=\"https:\/\/evocaecuador.com\/wp-content\/uploads\/2023\/10\/Logo-Mercado-Pago-fondocrema.png\" data-width=\"600\" data-height=\"539\" alt=\"\" style=\"background-image: url(&#039;https:\/\/evocaecuador.com\/wp-content\/uploads\/2023\/10\/Logo-Mercado-Pago-fondocrema.png&#039;)\" href=\"https:\/\/evocaecuador.com\/wp-content\/uploads\/2023\/10\/Logo-Mercado-Pago-fondocrema.png\"><\/a>\r\n\t                                <\/div>\r\n\t            <span class=\"etheme-gallery-item-details etheme-gallery-item-details-inside with-alignment\"><span class=\"etheme-gallery-lightbox-icon\">\r\n            <svg version=\"1.1\" xmlns=\"http:\/\/www.w3.org\/2000\/svg\" width=\"1em\" height=\"1em\" viewbox=\"0 0 24 24\" fill=\"currentColor\">\r\n                <path d=\"M23.784 22.8l-6.168-6.144c1.584-1.848 2.448-4.176 2.448-6.576 0-5.52-4.488-10.032-10.032-10.032-5.52 0-10.008 4.488-10.008 10.008s4.488 10.032 10.032 10.032c2.424 0 4.728-0.864 6.576-2.472l6.168 6.144c0.144 0.144 0.312 0.216 0.48 0.216s0.336-0.072 0.456-0.192c0.144-0.12 0.216-0.288 0.24-0.48 0-0.192-0.072-0.384-0.192-0.504zM18.696 10.080c0 4.752-3.888 8.64-8.664 8.64-4.752 0-8.64-3.888-8.64-8.664 0-4.752 3.888-8.64 8.664-8.64s8.64 3.888 8.64 8.664z\"><\/path>\r\n            <\/svg>\r\n        <\/span><\/span>\t                        <\/div>\r\n\t                <div class=\"e-gallery-item etheme-gallery-item\">\r\n                <div class=\"etheme-gallery-item-overlay\">\r\n                    <a data-elementor-open-lightbox=\"yes\" data-elementor-lightbox-slideshow=\"all-2806197\" data-elementor-lightbox-title=\"yape-logo-3E473EE7E5-seeklogo.com_\" data-e-action-hash=\"#elementor-action%3Aaction%3Dlightbox%26settings%3DeyJpZCI6OTc4MywidXJsIjoiaHR0cHM6XC9cL2V2b2NhZWN1YWRvci5jb21cL3dwLWNvbnRlbnRcL3VwbG9hZHNcLzIwMjNcLzEwXC95YXBlLWxvZ28tM0U0NzNFRTdFNS1zZWVrbG9nby5jb21fLnBuZyIsInNsaWRlc2hvdyI6ImFsbC0yODA2MTk3In0%3D\" class=\"e-gallery-image etheme-gallery-image elementor-gallery-item__image\" data-thumbnail=\"https:\/\/evocaecuador.com\/wp-content\/uploads\/2023\/10\/yape-logo-3E473EE7E5-seeklogo.com_.png\" data-width=\"300\" data-height=\"299\" alt=\"\" style=\"background-image: url(&#039;https:\/\/evocaecuador.com\/wp-content\/uploads\/2023\/10\/yape-logo-3E473EE7E5-seeklogo.com_.png&#039;)\" href=\"https:\/\/evocaecuador.com\/wp-content\/uploads\/2023\/10\/yape-logo-3E473EE7E5-seeklogo.com_.png\"><\/a>\r\n\t                                <\/div>\r\n\t            <span class=\"etheme-gallery-item-details etheme-gallery-item-details-inside with-alignment\"><span class=\"etheme-gallery-lightbox-icon\">\r\n            <svg version=\"1.1\" xmlns=\"http:\/\/www.w3.org\/2000\/svg\" width=\"1em\" height=\"1em\" viewbox=\"0 0 24 24\" fill=\"currentColor\">\r\n                <path d=\"M23.784 22.8l-6.168-6.144c1.584-1.848 2.448-4.176 2.448-6.576 0-5.52-4.488-10.032-10.032-10.032-5.52 0-10.008 4.488-10.008 10.008s4.488 10.032 10.032 10.032c2.424 0 4.728-0.864 6.576-2.472l6.168 6.144c0.144 0.144 0.312 0.216 0.48 0.216s0.336-0.072 0.456-0.192c0.144-0.12 0.216-0.288 0.24-0.48 0-0.192-0.072-0.384-0.192-0.504zM18.696 10.080c0 4.752-3.888 8.64-8.664 8.64-4.752 0-8.64-3.888-8.64-8.664 0-4.752 3.888-8.64 8.664-8.64s8.64 3.888 8.64 8.664z\"><\/path>\r\n            <\/svg>\r\n        <\/span><\/span>\t                        <\/div>\r\n\t                <div class=\"e-gallery-item etheme-gallery-item\">\r\n                <div class=\"etheme-gallery-item-overlay\">\r\n                    <a data-elementor-open-lightbox=\"yes\" data-elementor-lightbox-slideshow=\"all-2806197\" data-elementor-lightbox-title=\"visa-logo-transparent-free-png\" data-e-action-hash=\"#elementor-action%3Aaction%3Dlightbox%26settings%3DeyJpZCI6OTc4MiwidXJsIjoiaHR0cHM6XC9cL2V2b2NhZWN1YWRvci5jb21cL3dwLWNvbnRlbnRcL3VwbG9hZHNcLzIwMjNcLzEwXC92aXNhLWxvZ28tdHJhbnNwYXJlbnQtZnJlZS1wbmcucG5nIiwic2xpZGVzaG93IjoiYWxsLTI4MDYxOTcifQ%3D%3D\" class=\"e-gallery-image etheme-gallery-image elementor-gallery-item__image\" data-thumbnail=\"https:\/\/evocaecuador.com\/wp-content\/uploads\/2023\/10\/visa-logo-transparent-free-png.png\" data-width=\"1920\" data-height=\"1920\" alt=\"\" style=\"background-image: url(&#039;https:\/\/evocaecuador.com\/wp-content\/uploads\/2023\/10\/visa-logo-transparent-free-png.png&#039;)\" href=\"https:\/\/evocaecuador.com\/wp-content\/uploads\/2023\/10\/visa-logo-transparent-free-png.png\"><\/a>\r\n\t                                <\/div>\r\n\t            <span class=\"etheme-gallery-item-details etheme-gallery-item-details-inside with-alignment\"><span class=\"etheme-gallery-lightbox-icon\">\r\n            <svg version=\"1.1\" xmlns=\"http:\/\/www.w3.org\/2000\/svg\" width=\"1em\" height=\"1em\" viewbox=\"0 0 24 24\" fill=\"currentColor\">\r\n                <path d=\"M23.784 22.8l-6.168-6.144c1.584-1.848 2.448-4.176 2.448-6.576 0-5.52-4.488-10.032-10.032-10.032-5.52 0-10.008 4.488-10.008 10.008s4.488 10.032 10.032 10.032c2.424 0 4.728-0.864 6.576-2.472l6.168 6.144c0.144 0.144 0.312 0.216 0.48 0.216s0.336-0.072 0.456-0.192c0.144-0.12 0.216-0.288 0.24-0.48 0-0.192-0.072-0.384-0.192-0.504zM18.696 10.080c0 4.752-3.888 8.64-8.664 8.64-4.752 0-8.64-3.888-8.64-8.664 0-4.752 3.888-8.64 8.664-8.64s8.64 3.888 8.64 8.664z\"><\/path>\r\n            <\/svg>\r\n        <\/span><\/span>\t                        <\/div>\r\n\t                <div class=\"e-gallery-item etheme-gallery-item\">\r\n                <div class=\"etheme-gallery-item-overlay\">\r\n                    <a data-elementor-open-lightbox=\"yes\" data-elementor-lightbox-slideshow=\"all-2806197\" data-elementor-lightbox-title=\"logo_mastercard-despues\" data-e-action-hash=\"#elementor-action%3Aaction%3Dlightbox%26settings%3DeyJpZCI6OTc4MCwidXJsIjoiaHR0cHM6XC9cL2V2b2NhZWN1YWRvci5jb21cL3dwLWNvbnRlbnRcL3VwbG9hZHNcLzIwMjNcLzEwXC9sb2dvX21hc3RlcmNhcmQtZGVzcHVlcy5qcGciLCJzbGlkZXNob3ciOiJhbGwtMjgwNjE5NyJ9\" class=\"e-gallery-image etheme-gallery-image elementor-gallery-item__image\" data-thumbnail=\"https:\/\/evocaecuador.com\/wp-content\/uploads\/2023\/10\/logo_mastercard-despues.jpg\" data-width=\"500\" data-height=\"500\" alt=\"\" style=\"background-image: url(&#039;https:\/\/evocaecuador.com\/wp-content\/uploads\/2023\/10\/logo_mastercard-despues.jpg&#039;)\" href=\"https:\/\/evocaecuador.com\/wp-content\/uploads\/2023\/10\/logo_mastercard-despues.jpg\"><\/a>\r\n\t                                <\/div>\r\n\t            <span class=\"etheme-gallery-item-details etheme-gallery-item-details-inside with-alignment\"><span class=\"etheme-gallery-lightbox-icon\">\r\n            <svg version=\"1.1\" xmlns=\"http:\/\/www.w3.org\/2000\/svg\" width=\"1em\" height=\"1em\" viewbox=\"0 0 24 24\" fill=\"currentColor\">\r\n                <path d=\"M23.784 22.8l-6.168-6.144c1.584-1.848 2.448-4.176 2.448-6.576 0-5.52-4.488-10.032-10.032-10.032-5.52 0-10.008 4.488-10.008 10.008s4.488 10.032 10.032 10.032c2.424 0 4.728-0.864 6.576-2.472l6.168 6.144c0.144 0.144 0.312 0.216 0.48 0.216s0.336-0.072 0.456-0.192c0.144-0.12 0.216-0.288 0.24-0.48 0-0.192-0.072-0.384-0.192-0.504zM18.696 10.080c0 4.752-3.888 8.64-8.664 8.64-4.752 0-8.64-3.888-8.64-8.664 0-4.752 3.888-8.64 8.664-8.64s8.64 3.888 8.64 8.664z\"><\/path>\r\n            <\/svg>\r\n        <\/span><\/span>\t                        <\/div>\r\n\t                <div class=\"e-gallery-item etheme-gallery-item\">\r\n                <div class=\"etheme-gallery-item-overlay\">\r\n                    <a data-elementor-open-lightbox=\"yes\" data-elementor-lightbox-slideshow=\"all-2806197\" data-elementor-lightbox-title=\"American_Express_logo_(2018).svg\" data-e-action-hash=\"#elementor-action%3Aaction%3Dlightbox%26settings%3DeyJpZCI6OTc3OSwidXJsIjoiaHR0cHM6XC9cL2V2b2NhZWN1YWRvci5jb21cL3dwLWNvbnRlbnRcL3VwbG9hZHNcLzIwMjNcLzEwXC9BbWVyaWNhbl9FeHByZXNzX2xvZ29fMjAxOC5zdmcucG5nIiwic2xpZGVzaG93IjoiYWxsLTI4MDYxOTcifQ%3D%3D\" class=\"e-gallery-image etheme-gallery-image elementor-gallery-item__image\" data-thumbnail=\"https:\/\/evocaecuador.com\/wp-content\/uploads\/2023\/10\/American_Express_logo_2018.svg.png\" data-width=\"2052\" data-height=\"2048\" alt=\"\" style=\"background-image: url(&#039;https:\/\/evocaecuador.com\/wp-content\/uploads\/2023\/10\/American_Express_logo_2018.svg.png&#039;)\" href=\"https:\/\/evocaecuador.com\/wp-content\/uploads\/2023\/10\/American_Express_logo_2018.svg.png\"><\/a>\r\n\t                                <\/div>\r\n\t            <span class=\"etheme-gallery-item-details etheme-gallery-item-details-inside with-alignment\"><span class=\"etheme-gallery-lightbox-icon\">\r\n            <svg version=\"1.1\" xmlns=\"http:\/\/www.w3.org\/2000\/svg\" width=\"1em\" height=\"1em\" viewbox=\"0 0 24 24\" fill=\"currentColor\">\r\n                <path d=\"M23.784 22.8l-6.168-6.144c1.584-1.848 2.448-4.176 2.448-6.576 0-5.52-4.488-10.032-10.032-10.032-5.52 0-10.008 4.488-10.008 10.008s4.488 10.032 10.032 10.032c2.424 0 4.728-0.864 6.576-2.472l6.168 6.144c0.144 0.144 0.312 0.216 0.48 0.216s0.336-0.072 0.456-0.192c0.144-0.12 0.216-0.288 0.24-0.48 0-0.192-0.072-0.384-0.192-0.504zM18.696 10.080c0 4.752-3.888 8.64-8.664 8.64-4.752 0-8.64-3.888-8.64-8.664 0-4.752 3.888-8.64 8.664-8.64s8.64 3.888 8.64 8.664z\"><\/path>\r\n            <\/svg>\r\n        <\/span><\/span>\t                        <\/div>\r\n\t                    <\/div>\r\n                    <\/div>\r\n        \r\n        \t\t\t\t<\/div>\n\t\t\t\t<\/div>\n\t\t\t\t<div class=\"elementor-element elementor-element-ea5fb04 elementor-widget elementor-widget-etheme_slider\" data-id=\"ea5fb04\" data-element_type=\"widget\" data-widget_type=\"etheme_slider.default\">\n\t\t\t\t<div class=\"elementor-widget-container\">\n\t\t\t\t\t\r\n\t\t<div class=\"swiper-entry et-slider  slider-8903 etheme-css\" data-css=\".slider-8903 .swiper-custom-left,  .slider-8903 .swiper-custom-right{color:#222 !important;background-color: #e1e1e1 !important} .slider-8903 .swiper-custom-left:hover,  .slider-8903 .swiper-custom-right:hover{background-color: #e1e1e1 !important}\">\r\n\t\t\t<div class=\"swiper-container\" data-centeredslides=\"1\" data-breakpoints=\"1\" data-xs-slides=\"1\" data-sm-slides=\"1\" data-md-slides=\"1\" data-lt-slides=\"1\" data-slides-per-view=\"1\" data-space=\"0\" data-autoplay=\"\" data-speed=\"300\" data-effect=\"slide\" data-loop=\"true\">\r\n\t\t\t\t<div class=\"et-loader swiper-lazy-preloader\"><\/div>\r\n\t\t\t\t<!-- Additional required wrapper -->\r\n\t\t\t\t<div class=\"swiper-wrapper\">\r\n\t\t\t\t\t<!-- Slides -->\r\n\t\t\t\t\t<div class=\"swiper-slide\">\t\t<div onclick=\"window.location='https:\/\/evocaecuador.com\/shop\/brand\/mapale\/'\" class=\"slider-item  fadeIn-slide slider-item-7087  elementor-repeater-item-a78b657 cursor-pointer\" data-slide-id=\"7087\">\r\n\r\n\t\t\t\t\t\t\r\n\t\t\t<div class=\"container  justify-content-center align-items-center\">\r\n\r\n\t\t\t\t<div class=\"slide-content\">\r\n\r\n\t\t\t\t\t<h2 class=\"slide-title  animated\">MAPAL\u00c9<\/h2><h2 class=\"slide-subtitle  animated\">Lencer\u00eda Sensual<\/h2>\r\n\t\t\t\t\t<div class=\"description animated\">\r\n\t\t\t\t\t\tLos dise\u00f1os m\u00e1s atrevidos y \u00fanicos! \t\t\r\n\t\t\t\t\t<\/div>\r\n\t\t\r\n\t\t\t\t\t\t\t\t\t\t\t<div onclick=\"window.location='https:\/\/evocaecuador.com\/shop\/brand\/mapale\/'\" class=\"slide-button animated cursor-pointer\">\r\n\t\t\t\t\t\t\tINGRESA AQU\u00ed\t\t\t\t\t\t<\/div>\r\n\t\t\t\t\t\r\n\t\t\t\t<\/div> \r\n\t\t\t<\/div> \r\n\t   \t<\/div> \t    \r\n\t    <\/div><div class=\"swiper-slide\">\t\t<div class=\"slider-item  fadeIn-slide slider-item-7524  elementor-repeater-item-14645cb\" data-slide-id=\"7524\">\r\n\r\n\t\t\t\t\t\t\r\n\t\t\t<div class=\"container  justify-content-center align-items-center\">\r\n\r\n\t\t\t\t<div class=\"slide-content\">\r\n\r\n\t\t\t\t\t<h2 class=\"slide-title  animated\">ROSAL\u00cdA<\/h2><h2 class=\"slide-subtitle  animated\">Lencer\u00eda para enamorar<\/h2>\r\n\t\t\t\t\t<div class=\"description animated\">\r\n\t\t\t\t\t\tConjuntos hechos para sentirte HERMOSA!\t\t\r\n\t\t\t\t\t<\/div>\r\n\t\t\r\n\t\t\t\t\t\t\t\t\t\t\t<div onclick=\"window.location='https:\/\/evocaecuador.com\/shop\/brand\/rosalia\/'\" class=\"slide-button animated cursor-pointer\">\r\n\t\t\t\t\t\t\tINGRESA AQU\u00cd\t\t\t\t\t\t<\/div>\r\n\t\t\t\t\t\r\n\t\t\t\t<\/div> \r\n\t\t\t<\/div> \r\n\t   \t<\/div> \t    \r\n\t    <\/div><div class=\"swiper-slide\">\t\t<div class=\"slider-item  fadeIn-slide slider-item-2580  elementor-repeater-item-45417fe\" data-slide-id=\"2580\">\r\n\r\n\t\t\t\t\t\t\r\n\t\t\t<div class=\"container  justify-content-center align-items-center\">\r\n\r\n\t\t\t\t<div class=\"slide-content\">\r\n\r\n\t\t\t\t\t<h2 class=\"slide-title  animated\">PROV\u00d3CAME<\/h2><h2 class=\"slide-subtitle  animated\">Momentos de descanso \u00fanicos<\/h2>\r\n\t\t\t\t\t<div class=\"description animated\">\r\n\t\t\t\t\t\tPijamar\u00eda Colombiana ahora en PER\u00da\t\t\r\n\t\t\t\t\t<\/div>\r\n\t\t\r\n\t\t\t\t\t\t\t\t\t\t\t<div onclick=\"window.location='https:\/\/evocaecuador.com\/shop\/brand\/provocame\/'\" class=\"slide-button animated cursor-pointer\">\r\n\t\t\t\t\t\t\tINGRESA AQU\u00cd\t\t\t\t\t\t<\/div>\r\n\t\t\t\t\t\r\n\t\t\t\t<\/div> \r\n\t\t\t<\/div> \r\n\t   \t<\/div> \t    \r\n\t    <\/div>\t\t\t\t<\/div>\r\n\t\t\t\t\t\t\t\t\t<div class=\"swiper-pagination swiper-nav\"><\/div>\r\n\t\t\t\t\t\t\t\t\t<div class=\"swiper-custom-left swiper-nav\"><\/div>\r\n\t\t\t\t\t<div class=\"swiper-custom-right swiper-nav\"><\/div>\r\n\t\t\t\t\t\t\t<\/div>\r\n\t\t<\/div>\r\n\r\n\t\t\t\t\t\t<\/div>\n\t\t\t\t<\/div>\n\t\t\t\t\t<\/div>\n\t\t<\/div>\n\t\t\t\t\t<\/div>\n\t\t<\/section>\n\t\t\t\t<\/div>","protected":false},"excerpt":{"rendered":"<p>ACEPTAMOS TODAS LAS TARJETAS DE CR\u00c9DITO Y D\u00c9BITO DE PER\u00da Todos los pagos realizados en nuestra tienda en L\u00ednea son TOTALMENTE GARANTIZADOS. Nuestra p\u00e1gina tiene seguridad SSL que nos permite cifrar los datos de su tarjeta de cr\u00e9dito o d\u00e9bito y no tener acceso a&#8230;<\/p>","protected":false},"author":1,"featured_media":0,"parent":0,"menu_order":0,"comment_status":"closed","ping_status":"closed","template":"","meta":{"_joinchat":[],"footnotes":""},"class_list":["post-4745","page","type-page","status-publish","hentry"],"_links":{"self":[{"href":"https:\/\/evocaecuador.com\/en\/wp-json\/wp\/v2\/pages\/4745","targetHints":{"allow":["GET"]}}],"collection":[{"href":"https:\/\/evocaecuador.com\/en\/wp-json\/wp\/v2\/pages"}],"about":[{"href":"https:\/\/evocaecuador.com\/en\/wp-json\/wp\/v2\/types\/page"}],"author":[{"embeddable":true,"href":"https:\/\/evocaecuador.com\/en\/wp-json\/wp\/v2\/users\/1"}],"replies":[{"embeddable":true,"href":"https:\/\/evocaecuador.com\/en\/wp-json\/wp\/v2\/comments?post=4745"}],"version-history":[{"count":32,"href":"https:\/\/evocaecuador.com\/en\/wp-json\/wp\/v2\/pages\/4745\/revisions"}],"predecessor-version":[{"id":9793,"href":"https:\/\/evocaecuador.com\/en\/wp-json\/wp\/v2\/pages\/4745\/revisions\/9793"}],"wp:attachment":[{"href":"https:\/\/evocaecuador.com\/en\/wp-json\/wp\/v2\/media?parent=4745"}],"curies":[{"name":"wp","href":"https:\/\/api.w.org\/{rel}","templated":true}]}}