{"id":414,"date":"2018-08-03T12:32:40","date_gmt":"2018-08-03T12:32:40","guid":{"rendered":"https:\/\/xstore.8theme.com\/?page_id=414"},"modified":"2023-10-26T18:11:57","modified_gmt":"2023-10-26T18:11:57","slug":"parallax-presentation","status":"publish","type":"page","link":"https:\/\/evocaecuador.com\/en\/parallax-presentation\/","title":{"rendered":"Nuestras Marcas"},"content":{"rendered":"<div data-elementor-type=\"wp-page\" data-elementor-id=\"414\" class=\"elementor elementor-414\">\n\t\t\t\t\t\t<section class=\"elementor-section elementor-top-section elementor-element elementor-element-d983111 elementor-section-stretched elementor-section-full_width elementor-section-content-middle elementor-section-height-default elementor-section-height-default\" data-id=\"d983111\" data-element_type=\"section\" data-settings=\"{&quot;stretch_section&quot;:&quot;section-stretched&quot;}\">\n\t\t\t\t\t\t<div class=\"elementor-container elementor-column-gap-default\">\n\t\t\t\t\t<div class=\"elementor-column elementor-col-50 elementor-top-column elementor-element elementor-element-3e68517\" data-id=\"3e68517\" data-element_type=\"column\" data-settings=\"{&quot;background_background&quot;:&quot;classic&quot;}\">\n\t\t\t<div class=\"elementor-widget-wrap elementor-element-populated\">\n\t\t\t\t\t\t<div class=\"elementor-element elementor-element-41d8cca elementor-widget elementor-widget-spacer\" data-id=\"41d8cca\" data-element_type=\"widget\" data-widget_type=\"spacer.default\">\n\t\t\t\t<div class=\"elementor-widget-container\">\n\t\t\t\t\t\t\t<div class=\"elementor-spacer\">\n\t\t\t<div class=\"elementor-spacer-inner\"><\/div>\n\t\t<\/div>\n\t\t\t\t\t\t<\/div>\n\t\t\t\t<\/div>\n\t\t\t\t\t<\/div>\n\t\t<\/div>\n\t\t\t\t<div class=\"elementor-column elementor-col-50 elementor-top-column elementor-element elementor-element-3acd23b\" data-id=\"3acd23b\" data-element_type=\"column\">\n\t\t\t<div class=\"elementor-widget-wrap elementor-element-populated\">\n\t\t\t\t\t\t<div class=\"elementor-element elementor-element-9de6f5c elementor-widget elementor-widget-heading\" data-id=\"9de6f5c\" data-element_type=\"widget\" data-widget_type=\"heading.default\">\n\t\t\t\t<div class=\"elementor-widget-container\">\n\t\t\t\t\t<h2 class=\"elementor-heading-title elementor-size-default\">ROSALIA\n<\/h2>\t\t\t\t<\/div>\n\t\t\t\t<\/div>\n\t\t\t\t<div class=\"elementor-element elementor-element-8e41ca4 elementor-widget__width-initial elementor-widget elementor-widget-text-editor\" data-id=\"8e41ca4\" data-element_type=\"widget\" data-widget_type=\"text-editor.default\">\n\t\t\t\t<div class=\"elementor-widget-container\">\n\t\t\t\t\t\t\t\t\t<p><img decoding=\"async\" class=\"alignnone wp-image-9958 size-medium\" src=\"https:\/\/evocaecuador.com\/wp-content\/uploads\/2023\/10\/ROSALIA-300x92.png\" alt=\"\" width=\"300\" height=\"92\" srcset=\"https:\/\/evocaecuador.com\/wp-content\/uploads\/2023\/10\/ROSALIA-300x92.png 300w, https:\/\/evocaecuador.com\/wp-content\/uploads\/2023\/10\/ROSALIA-1024x314.png 1024w, https:\/\/evocaecuador.com\/wp-content\/uploads\/2023\/10\/ROSALIA-768x235.png 768w, https:\/\/evocaecuador.com\/wp-content\/uploads\/2023\/10\/ROSALIA-1536x471.png 1536w, https:\/\/evocaecuador.com\/wp-content\/uploads\/2023\/10\/ROSALIA-18x6.png 18w, https:\/\/evocaecuador.com\/wp-content\/uploads\/2023\/10\/ROSALIA-1320x405.png 1320w, https:\/\/evocaecuador.com\/wp-content\/uploads\/2023\/10\/ROSALIA-600x184.png 600w, https:\/\/evocaecuador.com\/wp-content\/uploads\/2023\/10\/ROSALIA-1x1.png 1w, https:\/\/evocaecuador.com\/wp-content\/uploads\/2023\/10\/ROSALIA-10x3.png 10w, https:\/\/evocaecuador.com\/wp-content\/uploads\/2023\/10\/ROSALIA.png 2016w\" sizes=\"(max-width: 300px) 100vw, 300px\" \/> \u00a0<\/p><p>Esta es una marca que tiene en el mercado varios a\u00f1os con presencia en varios pa\u00edses de Am\u00e9rica Latina. Producida en Medell\u00edn (Colombia) busca resaltar la belleza y la sensualidad de la mujer latina a trav\u00e9s de dise\u00f1os innovadores de lecer\u00eda, ropa interior, pijamas y conjuntos de noche como baby dolls, bodys o conjuntos seductores.<\/p><p>Cada dise\u00f1o ser\u00e1 especial y \u00fanico y se convertir\u00e1 en la segunda piel de nuestras clientes. Recuerda que enviamos a todo Per\u00fa<span style=\"color: inherit; font-family: inherit; font-size: inherit; background-color: var(--et_container-bg-color,transparent);\">.<\/span><\/p>\t\t\t\t\t\t\t\t<\/div>\n\t\t\t\t<\/div>\n\t\t\t\t\t<\/div>\n\t\t<\/div>\n\t\t\t\t\t<\/div>\n\t\t<\/section>\n\t\t\t\t<section class=\"elementor-section elementor-top-section elementor-element elementor-element-de0c1fc elementor-section-stretched elementor-section-full_width elementor-section-content-middle elementor-reverse-mobile elementor-section-height-default elementor-section-height-default\" data-id=\"de0c1fc\" data-element_type=\"section\" data-settings=\"{&quot;stretch_section&quot;:&quot;section-stretched&quot;}\">\n\t\t\t\t\t\t<div class=\"elementor-container elementor-column-gap-default\">\n\t\t\t\t\t<div class=\"elementor-column elementor-col-50 elementor-top-column elementor-element elementor-element-be8c710\" data-id=\"be8c710\" data-element_type=\"column\">\n\t\t\t<div class=\"elementor-widget-wrap elementor-element-populated\">\n\t\t\t\t\t\t<div class=\"elementor-element elementor-element-33e89f2 elementor-widget elementor-widget-heading\" data-id=\"33e89f2\" data-element_type=\"widget\" data-widget_type=\"heading.default\">\n\t\t\t\t<div class=\"elementor-widget-container\">\n\t\t\t\t\t<h2 class=\"elementor-heading-title elementor-size-default\">PROV\u00d3CAME.<\/h2>\t\t\t\t<\/div>\n\t\t\t\t<\/div>\n\t\t\t\t<div class=\"elementor-element elementor-element-265c5d5 elementor-widget elementor-widget-text-editor\" data-id=\"265c5d5\" data-element_type=\"widget\" data-widget_type=\"text-editor.default\">\n\t\t\t\t<div class=\"elementor-widget-container\">\n\t\t\t\t\t\t\t\t\t<p><img decoding=\"async\" class=\"alignnone size-medium wp-image-9960\" src=\"https:\/\/evocaecuador.com\/wp-content\/uploads\/2023\/10\/PROVOCAME-300x92.png\" alt=\"\" width=\"300\" height=\"92\" srcset=\"https:\/\/evocaecuador.com\/wp-content\/uploads\/2023\/10\/PROVOCAME-300x92.png 300w, https:\/\/evocaecuador.com\/wp-content\/uploads\/2023\/10\/PROVOCAME-1024x314.png 1024w, https:\/\/evocaecuador.com\/wp-content\/uploads\/2023\/10\/PROVOCAME-768x235.png 768w, https:\/\/evocaecuador.com\/wp-content\/uploads\/2023\/10\/PROVOCAME-1536x471.png 1536w, https:\/\/evocaecuador.com\/wp-content\/uploads\/2023\/10\/PROVOCAME-18x6.png 18w, https:\/\/evocaecuador.com\/wp-content\/uploads\/2023\/10\/PROVOCAME-1320x405.png 1320w, https:\/\/evocaecuador.com\/wp-content\/uploads\/2023\/10\/PROVOCAME-600x184.png 600w, https:\/\/evocaecuador.com\/wp-content\/uploads\/2023\/10\/PROVOCAME-1x1.png 1w, https:\/\/evocaecuador.com\/wp-content\/uploads\/2023\/10\/PROVOCAME-10x3.png 10w, https:\/\/evocaecuador.com\/wp-content\/uploads\/2023\/10\/PROVOCAME.png 2016w\" sizes=\"(max-width: 300px) 100vw, 300px\" \/><\/p><p><span style=\"color: inherit; font-family: inherit; font-size: inherit; background-color: var(--et_container-bg-color,transparent);\">Marca de referencia de pijamas COLOMBIANAS. Con presencia en toda Am\u00e9rica Latina. Siempre ha buscando la comodidad de la mujer latina sin perder los detalles de la confecci\u00f3n, los colores de moda y los materiales m\u00e1s adecuados para el descando.<\/span><\/p><p>Tambi\u00e9n cuenta con una l\u00ednea de lencer\u00eda en la que se destaca los Bodys, Baby Dolls y las Pijamas coquetas. Es la l\u00ednea perfecta para que la mujer peruana la tenga como referencia en su closet para el descanso diario.<\/p>\t\t\t\t\t\t\t\t<\/div>\n\t\t\t\t<\/div>\n\t\t\t\t\t<\/div>\n\t\t<\/div>\n\t\t\t\t<div class=\"elementor-column elementor-col-50 elementor-top-column elementor-element elementor-element-27a4903\" data-id=\"27a4903\" data-element_type=\"column\" data-settings=\"{&quot;background_background&quot;:&quot;classic&quot;}\">\n\t\t\t<div class=\"elementor-widget-wrap elementor-element-populated\">\n\t\t\t\t\t\t<div class=\"elementor-element elementor-element-192a71c elementor-widget elementor-widget-spacer\" data-id=\"192a71c\" data-element_type=\"widget\" data-widget_type=\"spacer.default\">\n\t\t\t\t<div class=\"elementor-widget-container\">\n\t\t\t\t\t\t\t<div class=\"elementor-spacer\">\n\t\t\t<div class=\"elementor-spacer-inner\"><\/div>\n\t\t<\/div>\n\t\t\t\t\t\t<\/div>\n\t\t\t\t<\/div>\n\t\t\t\t\t<\/div>\n\t\t<\/div>\n\t\t\t\t\t<\/div>\n\t\t<\/section>\n\t\t\t\t<section class=\"elementor-section elementor-top-section elementor-element elementor-element-f9a0885 elementor-section-stretched elementor-section-full_width elementor-section-content-middle elementor-section-height-default elementor-section-height-default\" data-id=\"f9a0885\" data-element_type=\"section\" data-settings=\"{&quot;stretch_section&quot;:&quot;section-stretched&quot;}\">\n\t\t\t\t\t\t<div class=\"elementor-container elementor-column-gap-default\">\n\t\t\t\t\t<div class=\"elementor-column elementor-col-50 elementor-top-column elementor-element elementor-element-559b73b\" data-id=\"559b73b\" data-element_type=\"column\" data-settings=\"{&quot;background_background&quot;:&quot;classic&quot;}\">\n\t\t\t<div class=\"elementor-widget-wrap elementor-element-populated\">\n\t\t\t\t\t\t<div class=\"elementor-element elementor-element-96b2fa7 elementor-widget elementor-widget-spacer\" data-id=\"96b2fa7\" data-element_type=\"widget\" data-widget_type=\"spacer.default\">\n\t\t\t\t<div class=\"elementor-widget-container\">\n\t\t\t\t\t\t\t<div class=\"elementor-spacer\">\n\t\t\t<div class=\"elementor-spacer-inner\"><\/div>\n\t\t<\/div>\n\t\t\t\t\t\t<\/div>\n\t\t\t\t<\/div>\n\t\t\t\t\t<\/div>\n\t\t<\/div>\n\t\t\t\t<div class=\"elementor-column elementor-col-50 elementor-top-column elementor-element elementor-element-f879167\" data-id=\"f879167\" data-element_type=\"column\">\n\t\t\t<div class=\"elementor-widget-wrap elementor-element-populated\">\n\t\t\t\t\t\t<div class=\"elementor-element elementor-element-6102861 elementor-widget elementor-widget-heading\" data-id=\"6102861\" data-element_type=\"widget\" data-widget_type=\"heading.default\">\n\t\t\t\t<div class=\"elementor-widget-container\">\n\t\t\t\t\t<h2 class=\"elementor-heading-title elementor-size-default\">MAPAL\u00c9.<\/h2>\t\t\t\t<\/div>\n\t\t\t\t<\/div>\n\t\t\t\t<div class=\"elementor-element elementor-element-a808dc6 elementor-widget elementor-widget-text-editor\" data-id=\"a808dc6\" data-element_type=\"widget\" data-widget_type=\"text-editor.default\">\n\t\t\t\t<div class=\"elementor-widget-container\">\n\t\t\t\t\t\t\t\t\t<p><img decoding=\"async\" class=\"alignnone size-medium wp-image-9959\" src=\"https:\/\/evocaecuador.com\/wp-content\/uploads\/2023\/10\/MAPALE-300x92.png\" alt=\"\" width=\"300\" height=\"92\" srcset=\"https:\/\/evocaecuador.com\/wp-content\/uploads\/2023\/10\/MAPALE-300x92.png 300w, https:\/\/evocaecuador.com\/wp-content\/uploads\/2023\/10\/MAPALE-1024x314.png 1024w, https:\/\/evocaecuador.com\/wp-content\/uploads\/2023\/10\/MAPALE-768x235.png 768w, https:\/\/evocaecuador.com\/wp-content\/uploads\/2023\/10\/MAPALE-1536x471.png 1536w, https:\/\/evocaecuador.com\/wp-content\/uploads\/2023\/10\/MAPALE-18x6.png 18w, https:\/\/evocaecuador.com\/wp-content\/uploads\/2023\/10\/MAPALE-1320x405.png 1320w, https:\/\/evocaecuador.com\/wp-content\/uploads\/2023\/10\/MAPALE-600x184.png 600w, https:\/\/evocaecuador.com\/wp-content\/uploads\/2023\/10\/MAPALE-1x1.png 1w, https:\/\/evocaecuador.com\/wp-content\/uploads\/2023\/10\/MAPALE-10x3.png 10w, https:\/\/evocaecuador.com\/wp-content\/uploads\/2023\/10\/MAPALE.png 2016w\" sizes=\"(max-width: 300px) 100vw, 300px\" \/><\/p><p>\u00a0<\/p><p>La marca M\u00c1S SEXY de Am\u00e9rica llega a Per\u00fa. Dise\u00f1os totalmente atrevidos e imaginativos te der\u00e1n la opotunidad de sentirte hermosa, sensual y \u00fanica. Conjuntos, Ropa interior, Lencer\u00eda, Baby Dolls, Bodys y una serie de prendas que despertar\u00e1n tu imaginaci\u00f3n y la de tu pareja.<\/p><p>Dise\u00f1ada y elaborada en COLOMBIA y distribuida para el mundo desde MIAMI, Mapal\u00e9 es \u00fanica y diferente como las mujeres que se atreven a sentirse as\u00ed.<\/p>\t\t\t\t\t\t\t\t<\/div>\n\t\t\t\t<\/div>\n\t\t\t\t\t<\/div>\n\t\t<\/div>\n\t\t\t\t\t<\/div>\n\t\t<\/section>\n\t\t\t\t<\/div>","protected":false},"excerpt":{"rendered":"<p>ROSALIA Esta es una marca que tiene en el mercado varios a\u00f1os con presencia en varios pa\u00edses de Am\u00e9rica Latina. Producida en Medell\u00edn (Colombia) busca resaltar la belleza y la sensualidad de la mujer latina a trav\u00e9s de dise\u00f1os innovadores de lecer\u00eda, ropa interior, pijamas&#8230;<\/p>","protected":false},"author":1,"featured_media":0,"parent":0,"menu_order":0,"comment_status":"closed","ping_status":"closed","template":"","meta":{"_joinchat":[],"footnotes":""},"class_list":["post-414","page","type-page","status-publish","hentry"],"_links":{"self":[{"href":"https:\/\/evocaecuador.com\/en\/wp-json\/wp\/v2\/pages\/414","targetHints":{"allow":["GET"]}}],"collection":[{"href":"https:\/\/evocaecuador.com\/en\/wp-json\/wp\/v2\/pages"}],"about":[{"href":"https:\/\/evocaecuador.com\/en\/wp-json\/wp\/v2\/types\/page"}],"author":[{"embeddable":true,"href":"https:\/\/evocaecuador.com\/en\/wp-json\/wp\/v2\/users\/1"}],"replies":[{"embeddable":true,"href":"https:\/\/evocaecuador.com\/en\/wp-json\/wp\/v2\/comments?post=414"}],"version-history":[{"count":8,"href":"https:\/\/evocaecuador.com\/en\/wp-json\/wp\/v2\/pages\/414\/revisions"}],"predecessor-version":[{"id":9969,"href":"https:\/\/evocaecuador.com\/en\/wp-json\/wp\/v2\/pages\/414\/revisions\/9969"}],"wp:attachment":[{"href":"https:\/\/evocaecuador.com\/en\/wp-json\/wp\/v2\/media?parent=414"}],"curies":[{"name":"wp","href":"https:\/\/api.w.org\/{rel}","templated":true}]}}