{"id":4084,"date":"2016-05-23T12:03:26","date_gmt":"2016-05-23T12:03:26","guid":{"rendered":"http:\/\/8theme.com\/import\/xstore\/?page_id=4084"},"modified":"2023-10-25T00:43:17","modified_gmt":"2023-10-25T00:43:17","slug":"nuestraempresa","status":"publish","type":"page","link":"https:\/\/evocaecuador.com\/en\/nuestraempresa\/","title":{"rendered":"Nuestra Empresa"},"content":{"rendered":"<div data-elementor-type=\"wp-page\" data-elementor-id=\"4084\" class=\"elementor elementor-4084\">\n\t\t\t\t\t\t<section class=\"elementor-section elementor-top-section elementor-element elementor-element-1fd4cb6 elementor-section-stretched elementor-section-content-middle elementor-section-boxed elementor-section-height-default elementor-section-height-default\" data-id=\"1fd4cb6\" data-element_type=\"section\" data-settings=\"{&quot;stretch_section&quot;:&quot;section-stretched&quot;,&quot;background_background&quot;:&quot;classic&quot;}\">\n\t\t\t\t\t\t<div class=\"elementor-container elementor-column-gap-default\">\n\t\t\t\t\t<div class=\"elementor-column elementor-col-33 elementor-top-column elementor-element elementor-element-fd32f9a\" data-id=\"fd32f9a\" data-element_type=\"column\">\n\t\t\t<div class=\"elementor-widget-wrap elementor-element-populated\">\n\t\t\t\t\t\t<div class=\"elementor-element elementor-element-6ea7511 elementor-widget elementor-widget-heading\" data-id=\"6ea7511\" data-element_type=\"widget\" data-widget_type=\"heading.default\">\n\t\t\t\t<div class=\"elementor-widget-container\">\n\t\t\t\t\t<h2 class=\"elementor-heading-title elementor-size-default\">NUESTRA EMPRESA<\/h2>\t\t\t\t<\/div>\n\t\t\t\t<\/div>\n\t\t\t\t<div class=\"elementor-element elementor-element-478166e elementor-widget elementor-widget-text-editor\" data-id=\"478166e\" data-element_type=\"widget\" data-widget_type=\"text-editor.default\">\n\t\t\t\t<div class=\"elementor-widget-container\">\n\t\t\t\t\t\t\t\t\t<p>Euphria Per\u00fa es una empresa que se fund\u00f3 en el a\u00f1o 2019 con el OBJETIVO \u00fanico de ofrecer las mejores marcas de LENCER\u00cdA y ROPA INTERIOR importada para la MUJER PERUANA<\/p>\t\t\t\t\t\t\t\t<\/div>\n\t\t\t\t<\/div>\n\t\t\t\t\t<\/div>\n\t\t<\/div>\n\t\t\t\t<div class=\"elementor-column elementor-col-66 elementor-top-column elementor-element elementor-element-872529d\" data-id=\"872529d\" data-element_type=\"column\">\n\t\t\t<div class=\"elementor-widget-wrap\">\n\t\t\t\t\t\t\t<\/div>\n\t\t<\/div>\n\t\t\t\t\t<\/div>\n\t\t<\/section>\n\t\t\t\t<section class=\"elementor-section elementor-top-section elementor-element elementor-element-9c55c6d elementor-section-content-middle elementor-section-boxed elementor-section-height-default elementor-section-height-default\" data-id=\"9c55c6d\" data-element_type=\"section\">\n\t\t\t\t\t\t<div class=\"elementor-container elementor-column-gap-default\">\n\t\t\t\t\t<div class=\"elementor-column elementor-col-50 elementor-top-column elementor-element elementor-element-cca836e\" data-id=\"cca836e\" data-element_type=\"column\">\n\t\t\t<div class=\"elementor-widget-wrap elementor-element-populated\">\n\t\t\t\t\t\t<div class=\"elementor-element elementor-element-317c117 elementor-widget elementor-widget-image\" data-id=\"317c117\" data-element_type=\"widget\" data-widget_type=\"image.default\">\n\t\t\t\t<div class=\"elementor-widget-container\">\n\t\t\t\t\t\t\t\t\t\t\t\t\t\t\t<img fetchpriority=\"high\" decoding=\"async\" width=\"1024\" height=\"642\" src=\"https:\/\/evocaecuador.com\/wp-content\/uploads\/2023\/10\/ROSALIA-001-1024x642.jpg\" class=\"attachment-large size-large wp-image-9158\" alt=\"\" srcset=\"https:\/\/evocaecuador.com\/wp-content\/uploads\/2023\/10\/ROSALIA-001-1024x642.jpg 1024w, https:\/\/evocaecuador.com\/wp-content\/uploads\/2023\/10\/ROSALIA-001-300x188.jpg 300w, https:\/\/evocaecuador.com\/wp-content\/uploads\/2023\/10\/ROSALIA-001-768x482.jpg 768w, https:\/\/evocaecuador.com\/wp-content\/uploads\/2023\/10\/ROSALIA-001-1536x964.jpg 1536w, https:\/\/evocaecuador.com\/wp-content\/uploads\/2023\/10\/ROSALIA-001-1320x828.jpg 1320w, https:\/\/evocaecuador.com\/wp-content\/uploads\/2023\/10\/ROSALIA-001-600x376.jpg 600w, https:\/\/evocaecuador.com\/wp-content\/uploads\/2023\/10\/ROSALIA-001-1x1.jpg 1w, https:\/\/evocaecuador.com\/wp-content\/uploads\/2023\/10\/ROSALIA-001-10x6.jpg 10w, https:\/\/evocaecuador.com\/wp-content\/uploads\/2023\/10\/ROSALIA-001.jpg 1696w\" sizes=\"(max-width: 1024px) 100vw, 1024px\" \/>\t\t\t\t\t\t\t\t\t\t\t\t\t\t\t<\/div>\n\t\t\t\t<\/div>\n\t\t\t\t\t<\/div>\n\t\t<\/div>\n\t\t\t\t<div class=\"elementor-column elementor-col-50 elementor-top-column elementor-element elementor-element-315abcc\" data-id=\"315abcc\" data-element_type=\"column\">\n\t\t\t<div class=\"elementor-widget-wrap elementor-element-populated\">\n\t\t\t\t\t\t<div class=\"elementor-element elementor-element-2520e57 elementor-widget elementor-widget-heading\" data-id=\"2520e57\" data-element_type=\"widget\" data-widget_type=\"heading.default\">\n\t\t\t\t<div class=\"elementor-widget-container\">\n\t\t\t\t\t<h2 class=\"elementor-heading-title elementor-size-default\">CANALES DE VENTA<\/h2>\t\t\t\t<\/div>\n\t\t\t\t<\/div>\n\t\t\t\t<div class=\"elementor-element elementor-element-94e99d4 elementor-widget elementor-widget-text-editor\" data-id=\"94e99d4\" data-element_type=\"widget\" data-widget_type=\"text-editor.default\">\n\t\t\t\t<div class=\"elementor-widget-container\">\n\t\t\t\t\t\t\t\t\t<p>EUPHORIA vende sus productos a trav\u00e9s de medios digitales: Tienda en L\u00ednea, P\u00e1ginas de Instagram , Facebook y Whatsapp enviando todos sus productos a cualquier lugar del Per\u00fa de manera garantizada<\/p>\t\t\t\t\t\t\t\t<\/div>\n\t\t\t\t<\/div>\n\t\t\t\t\t<\/div>\n\t\t<\/div>\n\t\t\t\t\t<\/div>\n\t\t<\/section>\n\t\t\t\t<section class=\"elementor-section elementor-top-section elementor-element elementor-element-5ae637c elementor-section-content-middle elementor-reverse-mobile elementor-section-boxed elementor-section-height-default elementor-section-height-default\" data-id=\"5ae637c\" data-element_type=\"section\">\n\t\t\t\t\t\t<div class=\"elementor-container elementor-column-gap-default\">\n\t\t\t\t\t<div class=\"elementor-column elementor-col-50 elementor-top-column elementor-element elementor-element-4f20723\" data-id=\"4f20723\" data-element_type=\"column\">\n\t\t\t<div class=\"elementor-widget-wrap elementor-element-populated\">\n\t\t\t\t\t\t<div class=\"elementor-element elementor-element-424b53d elementor-widget elementor-widget-heading\" data-id=\"424b53d\" data-element_type=\"widget\" data-widget_type=\"heading.default\">\n\t\t\t\t<div class=\"elementor-widget-container\">\n\t\t\t\t\t<h2 class=\"elementor-heading-title elementor-size-default\">MARKET PLACES<\/h2>\t\t\t\t<\/div>\n\t\t\t\t<\/div>\n\t\t\t\t<div class=\"elementor-element elementor-element-21f3808 elementor-widget elementor-widget-text-editor\" data-id=\"21f3808\" data-element_type=\"widget\" data-widget_type=\"text-editor.default\">\n\t\t\t\t<div class=\"elementor-widget-container\">\n\t\t\t\t\t\t\t\t\t<p>Poseemos la distribuci\u00f3n AUTORIZADA de nuestras marcas y tambi\u00e9n las comercializamos por los principales MARKET PLACES de Per\u00fa: FALABELLA, RIPLEY, MERCADO LIBRE, entre otros.<\/p>\t\t\t\t\t\t\t\t<\/div>\n\t\t\t\t<\/div>\n\t\t\t\t\t<\/div>\n\t\t<\/div>\n\t\t\t\t<div class=\"elementor-column elementor-col-50 elementor-top-column elementor-element elementor-element-dc8cc7f\" data-id=\"dc8cc7f\" data-element_type=\"column\">\n\t\t\t<div class=\"elementor-widget-wrap elementor-element-populated\">\n\t\t\t\t\t\t<div class=\"elementor-element elementor-element-290dfb5 elementor-widget elementor-widget-image\" data-id=\"290dfb5\" data-element_type=\"widget\" data-widget_type=\"image.default\">\n\t\t\t\t<div class=\"elementor-widget-container\">\n\t\t\t\t\t\t\t\t\t\t\t\t\t\t\t<img decoding=\"async\" width=\"1024\" height=\"642\" src=\"https:\/\/evocaecuador.com\/wp-content\/uploads\/2023\/07\/PROVOCAME-001-1024x642.jpg\" class=\"attachment-large size-large wp-image-7207\" alt=\"\" srcset=\"https:\/\/evocaecuador.com\/wp-content\/uploads\/2023\/07\/PROVOCAME-001-1024x642.jpg 1024w, https:\/\/evocaecuador.com\/wp-content\/uploads\/2023\/07\/PROVOCAME-001-300x188.jpg 300w, https:\/\/evocaecuador.com\/wp-content\/uploads\/2023\/07\/PROVOCAME-001-768x482.jpg 768w, https:\/\/evocaecuador.com\/wp-content\/uploads\/2023\/07\/PROVOCAME-001-1536x964.jpg 1536w, https:\/\/evocaecuador.com\/wp-content\/uploads\/2023\/07\/PROVOCAME-001-600x376.jpg 600w, https:\/\/evocaecuador.com\/wp-content\/uploads\/2023\/07\/PROVOCAME-001-1x1.jpg 1w, https:\/\/evocaecuador.com\/wp-content\/uploads\/2023\/07\/PROVOCAME-001-10x6.jpg 10w, https:\/\/evocaecuador.com\/wp-content\/uploads\/2023\/07\/PROVOCAME-001.jpg 1696w\" sizes=\"(max-width: 1024px) 100vw, 1024px\" \/>\t\t\t\t\t\t\t\t\t\t\t\t\t\t\t<\/div>\n\t\t\t\t<\/div>\n\t\t\t\t\t<\/div>\n\t\t<\/div>\n\t\t\t\t\t<\/div>\n\t\t<\/section>\n\t\t\t\t<section class=\"elementor-section elementor-top-section elementor-element elementor-element-4174b50 elementor-section-stretched elementor-section-boxed elementor-section-height-default elementor-section-height-default\" data-id=\"4174b50\" data-element_type=\"section\" data-settings=\"{&quot;stretch_section&quot;:&quot;section-stretched&quot;,&quot;background_background&quot;:&quot;classic&quot;}\">\n\t\t\t\t\t\t<div class=\"elementor-container elementor-column-gap-default\">\n\t\t\t\t\t<div class=\"elementor-column elementor-col-100 elementor-top-column elementor-element elementor-element-3d5d909\" data-id=\"3d5d909\" data-element_type=\"column\">\n\t\t\t<div class=\"elementor-widget-wrap elementor-element-populated\">\n\t\t\t\t\t\t<div class=\"elementor-element elementor-element-78ac0c0 elementor-widget elementor-widget-etheme_brands\" data-id=\"78ac0c0\" data-element_type=\"widget\" data-widget_type=\"etheme_brands.default\">\n\t\t\t\t<div class=\"elementor-widget-container\">\n\t\t\t\t\t        <link rel=\"stylesheet\" href=\"https:\/\/evocaecuador.com\/wp-content\/themes\/xstore\/css\/modules\/woocommerce\/brands-carousel.min.css\" type=\"text\/css\" media=\"all\" \/> \t\t\r\n            <div class=\"swiper-entry brands-carousel middle arrows-hover\">\r\n\r\n                <div class=\"swiper-container  brands-carousel-5790 stop-on-hover\" data-breakpoints=\"1\" data-xs-slides=\"1\" data-sm-slides=\"3\" data-md-slides=\"4\" data-lt-slides=\"4\" data-slides-per-view=\"4\" data-space=\"30\" data-autoplay=\"4000\" data-slides-per-group=\"1\" data-speed=\"300\" data-loop=\"true\">\r\n\r\n                    <div class=\"swiper-wrapper\">\r\n\r\n\t\t\t\t\t\t\r\n                            <div class=\"swiper-slide\">\r\n\r\n                            <div class=\"categories-mask\">\r\n\r\n\t\t\t\t\t\t\t\r\n                            <a href=\"https:\/\/evocaecuador.com\/en\/shop\/brand\/mapale\/\" title=\"Mapal\u00e9\">\r\n\r\n\t\t\t\t\t\t\t\t<img decoding=\"async\" width=\"300\" height=\"92\" src=\"https:\/\/evocaecuador.com\/wp-content\/uploads\/2023\/07\/MAPALE-300x92.png\" class=\"\" alt=\"\" srcset=\"https:\/\/evocaecuador.com\/wp-content\/uploads\/2023\/07\/MAPALE-300x92.png 300w, https:\/\/evocaecuador.com\/wp-content\/uploads\/2023\/07\/MAPALE-1024x314.png 1024w, https:\/\/evocaecuador.com\/wp-content\/uploads\/2023\/07\/MAPALE-768x235.png 768w, https:\/\/evocaecuador.com\/wp-content\/uploads\/2023\/07\/MAPALE-1536x471.png 1536w, https:\/\/evocaecuador.com\/wp-content\/uploads\/2023\/07\/MAPALE-600x184.png 600w, https:\/\/evocaecuador.com\/wp-content\/uploads\/2023\/07\/MAPALE-1x1.png 1w, https:\/\/evocaecuador.com\/wp-content\/uploads\/2023\/07\/MAPALE-10x3.png 10w, https:\/\/evocaecuador.com\/wp-content\/uploads\/2023\/07\/MAPALE.png 2016w\" sizes=\"(max-width: 300px) 100vw, 300px\" \/>\r\n                            <\/a>\r\n\r\n\t\t\t\t\t\t\r\n                            <\/div>\r\n                            <\/div>\r\n\t\t\t\t\t\t\t\r\n                            <div class=\"swiper-slide\">\r\n\r\n                            <div class=\"categories-mask\">\r\n\r\n\t\t\t\t\t\t\t\r\n                            <a href=\"https:\/\/evocaecuador.com\/en\/shop\/brand\/provocame\/\" title=\"Prov\u00f3came\">\r\n\r\n\t\t\t\t\t\t\t\t<img loading=\"lazy\" decoding=\"async\" width=\"300\" height=\"92\" src=\"https:\/\/evocaecuador.com\/wp-content\/uploads\/2023\/07\/PROVOCAME-300x92.png\" class=\"\" alt=\"\" srcset=\"https:\/\/evocaecuador.com\/wp-content\/uploads\/2023\/07\/PROVOCAME-300x92.png 300w, https:\/\/evocaecuador.com\/wp-content\/uploads\/2023\/07\/PROVOCAME-1024x314.png 1024w, https:\/\/evocaecuador.com\/wp-content\/uploads\/2023\/07\/PROVOCAME-768x235.png 768w, https:\/\/evocaecuador.com\/wp-content\/uploads\/2023\/07\/PROVOCAME-1536x471.png 1536w, https:\/\/evocaecuador.com\/wp-content\/uploads\/2023\/07\/PROVOCAME-600x184.png 600w, https:\/\/evocaecuador.com\/wp-content\/uploads\/2023\/07\/PROVOCAME-1x1.png 1w, https:\/\/evocaecuador.com\/wp-content\/uploads\/2023\/07\/PROVOCAME-10x3.png 10w, https:\/\/evocaecuador.com\/wp-content\/uploads\/2023\/07\/PROVOCAME.png 2016w\" sizes=\"(max-width: 300px) 100vw, 300px\" \/>\r\n                            <\/a>\r\n\r\n\t\t\t\t\t\t\r\n                            <\/div>\r\n                            <\/div>\r\n\t\t\t\t\t\t\t\r\n                            <div class=\"swiper-slide\">\r\n\r\n                            <div class=\"categories-mask\">\r\n\r\n\t\t\t\t\t\t\t\r\n                            <a href=\"https:\/\/evocaecuador.com\/en\/shop\/brand\/rosalia\/\" title=\"Rosalia\">\r\n\r\n\t\t\t\t\t\t\t\t<img loading=\"lazy\" decoding=\"async\" width=\"300\" height=\"92\" src=\"https:\/\/evocaecuador.com\/wp-content\/uploads\/2023\/07\/ROSALIA-300x92.png\" class=\"\" alt=\"\" srcset=\"https:\/\/evocaecuador.com\/wp-content\/uploads\/2023\/07\/ROSALIA-300x92.png 300w, https:\/\/evocaecuador.com\/wp-content\/uploads\/2023\/07\/ROSALIA-1024x314.png 1024w, https:\/\/evocaecuador.com\/wp-content\/uploads\/2023\/07\/ROSALIA-768x235.png 768w, https:\/\/evocaecuador.com\/wp-content\/uploads\/2023\/07\/ROSALIA-1536x471.png 1536w, https:\/\/evocaecuador.com\/wp-content\/uploads\/2023\/07\/ROSALIA-600x184.png 600w, https:\/\/evocaecuador.com\/wp-content\/uploads\/2023\/07\/ROSALIA-1x1.png 1w, https:\/\/evocaecuador.com\/wp-content\/uploads\/2023\/07\/ROSALIA-10x3.png 10w, https:\/\/evocaecuador.com\/wp-content\/uploads\/2023\/07\/ROSALIA.png 2016w\" sizes=\"(max-width: 300px) 100vw, 300px\" \/>\r\n                            <\/a>\r\n\r\n\t\t\t\t\t\t\r\n                            <\/div>\r\n                            <\/div>\r\n\t\t\t\t\t\t\t\r\n                    <\/div>\r\n\t\t\t\t\t\r\n                <\/div>\r\n\r\n\t\t\t\t\r\n                    <div class=\"swiper-button-prev swiper-custom-left swiper-nav et-swiper-elementor-nav type-arrow style-1\"><\/div>\r\n                    <div class=\"swiper-button-next swiper-custom-right swiper-nav et-swiper-elementor-nav type-arrow style-1\"><\/div>\r\n\r\n\t\t\t\t\t\t\t\t\t            <\/div>\r\n\r\n\t\t\t\t\t\t<\/div>\n\t\t\t\t<\/div>\n\t\t\t\t\t<\/div>\n\t\t<\/div>\n\t\t\t\t\t<\/div>\n\t\t<\/section>\n\t\t\t\t<\/div>","protected":false},"excerpt":{"rendered":"<p>NUESTRA EMPRESA Euphria Per\u00fa es una empresa que se fund\u00f3 en el a\u00f1o 2019 con el OBJETIVO \u00fanico de ofrecer las mejores marcas de LENCER\u00cdA y ROPA INTERIOR importada para la MUJER PERUANA CANALES DE VENTA EUPHORIA vende sus productos a trav\u00e9s de medios digitales:&#8230;<\/p>","protected":false},"author":1,"featured_media":0,"parent":0,"menu_order":0,"comment_status":"closed","ping_status":"closed","template":"","meta":{"_joinchat":[],"footnotes":""},"class_list":["post-4084","page","type-page","status-publish","hentry"],"_links":{"self":[{"href":"https:\/\/evocaecuador.com\/en\/wp-json\/wp\/v2\/pages\/4084","targetHints":{"allow":["GET"]}}],"collection":[{"href":"https:\/\/evocaecuador.com\/en\/wp-json\/wp\/v2\/pages"}],"about":[{"href":"https:\/\/evocaecuador.com\/en\/wp-json\/wp\/v2\/types\/page"}],"author":[{"embeddable":true,"href":"https:\/\/evocaecuador.com\/en\/wp-json\/wp\/v2\/users\/1"}],"replies":[{"embeddable":true,"href":"https:\/\/evocaecuador.com\/en\/wp-json\/wp\/v2\/comments?post=4084"}],"version-history":[{"count":8,"href":"https:\/\/evocaecuador.com\/en\/wp-json\/wp\/v2\/pages\/4084\/revisions"}],"predecessor-version":[{"id":9717,"href":"https:\/\/evocaecuador.com\/en\/wp-json\/wp\/v2\/pages\/4084\/revisions\/9717"}],"wp:attachment":[{"href":"https:\/\/evocaecuador.com\/en\/wp-json\/wp\/v2\/media?parent=4084"}],"curies":[{"name":"wp","href":"https:\/\/api.w.org\/{rel}","templated":true}]}}