{"id":39,"date":"2023-10-23T21:26:53","date_gmt":"2023-10-23T21:26:53","guid":{"rendered":"https:\/\/evocaecuador.com\/?page_id=39"},"modified":"2023-10-24T19:50:57","modified_gmt":"2023-10-24T19:50:57","slug":"reembolso_devoluciones","status":"publish","type":"page","link":"https:\/\/evocaecuador.com\/en\/reembolso_devoluciones\/","title":{"rendered":"Pol\u00edtica de Devoluciones y Reembolsos"},"content":{"rendered":"<h1 style=\"text-align: center;\"><strong>POL\u00cdTICAS DE CAMBIOS Y DEVOLUCIONES<\/strong><\/h1>\r\n\r\n\r\n\r\n<ul>\r\n<li>Nuestras pol\u00edticas de cambios de tallas son aceptadas s\u00f3lo hasta <strong>72 horas despu\u00e9s<\/strong> de que las prendas hayan llegado a las manos del cliente.<\/li>\r\n<li>Para ser elegible para el cambio las prendas deben estar sin usar y en la misma condici\u00f3n en la que fueron enviadas desde la tienda de <strong>EUPHORIA PERU<\/strong>, incluye tambi\u00e9n el empaque original de la prenda.<\/li>\r\n<li>Los cambio proceden \u00fanicamente en lo que tiene que ver a <strong>BRASIERES<\/strong> (Prendas superiores). Por higiene y salud las prendas inferiores<strong> NO SE CAMBIAN<\/strong>. Tampoco se aceptan devoluciones de BODYS y CONJUNTOS SEDUCTORES.<\/li>\r\n<li>No se aceptan prendas lavadas, rasgadas, manchadas o con manipulaci\u00f3n de cualquier tipo, as\u00ed como prendas sin etiquetas y sin la envoltura original de la prenda.<\/li>\r\n<li>NO existe devoluci\u00f3n de dinero, con la \u00fanica excepci\u00f3n de que haya ocurrido alg\u00fan error verificable en nuestra p\u00e1gina web.<\/li>\r\n<li>Los productos que est\u00e1n en <strong>OFERTA<\/strong> no son sujetos de cambio de <strong>NING\u00daN TIPO.<\/strong><\/li>\r\n<li>Para el cambio de prenda la cliente debe cubrir el <strong>COSTO<\/strong> del env\u00edo del producto y el retorno del mismo a sus manos.<\/li>\r\n<li>No olvide que para cualquier cambio es necesario la presentaci\u00f3n de su factura o cualquiere documento de venta<\/li>\r\n<\/ul>\r\n<p style=\"text-align: center;\"><strong>\u00bfNECESITAS M\u00c1S AYUDA O ACLARACIONES?<\/strong><\/p>\r\n<p>Escr\u00edbenos a nuestra l\u00ednea de atenci\u00f3n al cliente: 932 299 377 o a nuestra direcci\u00f3n de correo electr\u00f3nico: ventas@euphoria.pe<\/p>","protected":false},"excerpt":{"rendered":"<p>POL\u00cdTICAS DE CAMBIOS Y DEVOLUCIONES Nuestras pol\u00edticas de cambios de tallas son aceptadas s\u00f3lo hasta 72 horas despu\u00e9s de que las prendas hayan llegado a las manos del cliente. Para ser elegible para el cambio las prendas deben estar sin usar y en la misma&#8230;<\/p>","protected":false},"author":1,"featured_media":0,"parent":0,"menu_order":0,"comment_status":"closed","ping_status":"closed","template":"","meta":{"_joinchat":[],"footnotes":""},"class_list":["post-39","page","type-page","status-publish","hentry"],"_links":{"self":[{"href":"https:\/\/evocaecuador.com\/en\/wp-json\/wp\/v2\/pages\/39","targetHints":{"allow":["GET"]}}],"collection":[{"href":"https:\/\/evocaecuador.com\/en\/wp-json\/wp\/v2\/pages"}],"about":[{"href":"https:\/\/evocaecuador.com\/en\/wp-json\/wp\/v2\/types\/page"}],"author":[{"embeddable":true,"href":"https:\/\/evocaecuador.com\/en\/wp-json\/wp\/v2\/users\/1"}],"replies":[{"embeddable":true,"href":"https:\/\/evocaecuador.com\/en\/wp-json\/wp\/v2\/comments?post=39"}],"version-history":[{"count":1,"href":"https:\/\/evocaecuador.com\/en\/wp-json\/wp\/v2\/pages\/39\/revisions"}],"predecessor-version":[{"id":9728,"href":"https:\/\/evocaecuador.com\/en\/wp-json\/wp\/v2\/pages\/39\/revisions\/9728"}],"wp:attachment":[{"href":"https:\/\/evocaecuador.com\/en\/wp-json\/wp\/v2\/media?parent=39"}],"curies":[{"name":"wp","href":"https:\/\/api.w.org\/{rel}","templated":true}]}}