{"id":2,"date":"2023-07-27T20:31:37","date_gmt":"2023-07-27T20:31:37","guid":{"rendered":"https:\/\/evocaecuador.com\/?page_id=2"},"modified":"2023-10-25T00:50:18","modified_gmt":"2023-10-25T00:50:18","slug":"terminosycondiciones","status":"publish","type":"page","link":"https:\/\/evocaecuador.com\/en\/terminosycondiciones\/","title":{"rendered":"Terminos y Condiciones"},"content":{"rendered":"<div data-elementor-type=\"wp-page\" data-elementor-id=\"2\" class=\"elementor elementor-2\">\n\t\t\t\t\t\t<section class=\"elementor-section elementor-top-section elementor-element elementor-element-1c3f0b5f elementor-section-boxed elementor-section-height-default elementor-section-height-default\" data-id=\"1c3f0b5f\" data-element_type=\"section\">\n\t\t\t\t\t\t<div class=\"elementor-container elementor-column-gap-default\">\n\t\t\t\t\t<div class=\"elementor-column elementor-col-100 elementor-top-column elementor-element elementor-element-4d7aa82e\" data-id=\"4d7aa82e\" data-element_type=\"column\">\n\t\t\t<div class=\"elementor-widget-wrap elementor-element-populated\">\n\t\t\t\t\t\t<div class=\"elementor-element elementor-element-eee0ed8 elementor-widget elementor-widget-image\" data-id=\"eee0ed8\" data-element_type=\"widget\" data-widget_type=\"image.default\">\n\t\t\t\t<div class=\"elementor-widget-container\">\n\t\t\t\t\t\t\t\t\t\t\t\t\t\t\t<img fetchpriority=\"high\" decoding=\"async\" width=\"1024\" height=\"395\" src=\"https:\/\/evocaecuador.com\/wp-content\/uploads\/2023\/10\/001-CORTADO-1024x395.png\" class=\"attachment-large size-large wp-image-9708\" alt=\"\" srcset=\"https:\/\/evocaecuador.com\/wp-content\/uploads\/2023\/10\/001-CORTADO-1024x395.png 1024w, https:\/\/evocaecuador.com\/wp-content\/uploads\/2023\/10\/001-CORTADO-300x116.png 300w, https:\/\/evocaecuador.com\/wp-content\/uploads\/2023\/10\/001-CORTADO-768x297.png 768w, https:\/\/evocaecuador.com\/wp-content\/uploads\/2023\/10\/001-CORTADO-600x232.png 600w, https:\/\/evocaecuador.com\/wp-content\/uploads\/2023\/10\/001-CORTADO-1x1.png 1w, https:\/\/evocaecuador.com\/wp-content\/uploads\/2023\/10\/001-CORTADO-10x4.png 10w, https:\/\/evocaecuador.com\/wp-content\/uploads\/2023\/10\/001-CORTADO.png 1080w\" sizes=\"(max-width: 1024px) 100vw, 1024px\" \/>\t\t\t\t\t\t\t\t\t\t\t\t\t\t\t<\/div>\n\t\t\t\t<\/div>\n\t\t\t\t<div class=\"elementor-element elementor-element-3899b0d3 elementor-widget elementor-widget-text-editor\" data-id=\"3899b0d3\" data-element_type=\"widget\" data-widget_type=\"text-editor.default\">\n\t\t\t\t<div class=\"elementor-widget-container\">\n\t\t\t\t\t\t\t\t\t<p><\/p>\n<p><strong>ACEPTACI\u00d3N<\/strong><\/p>\n<p>Los t\u00e9rminos y condiciones de este documento ser\u00e1n aplicables a los servicios provistos en www.<a href=\"https:\/\/rosaliaperu.com\" target=\"_blank\" rel=\"noopener\">e<\/a>uphoria.pe\u00a0Al ingresar a nuestra tienda en l\u00ednea, el usuario admite haber le\u00eddo, entendido y aceptado los t\u00e9rminos y condiciones descritos en este documento. Los presentes t\u00e9rminos y condiciones pueden estar sujetos a cambios sin previo aviso en cualquier momento y las transacciones u operaciones efectuadas por el usuario en el sitio web se regir\u00e1n al documento vigente.<\/p>\n<p><strong>\u00a0<\/strong><\/p>\n<p><strong>PRECIOS, PROMOCIONES Y PRODUCTOS EXCLUSIVOS<\/strong><\/p>\n<p>Las actividades comerciales realizadas en este sitio web www.<a href=\"https:\/\/rosaliaperu.com\" target=\"_blank\" rel=\"noopener\">e<\/a>uphoria.pe\u00a0 podr\u00edan ser exclusivas y no aplicables en la cadena de tiendas de ROSALIA a nivel nacional o en cualquier otro canal de ventas usado para comercializar la marca ROSALIA. La vigencia de las promociones estar\u00e1 debidamente comunicadas en las piezas gr\u00e1ficas o hasta agotarse el stock, lo que suceda primero. Eventualmente cualquier promoci\u00f3n, producto o precio especial exhibido en el sitio web podr\u00eda encontrarse en nuestras tiendas f\u00edsicas, previamente comunicados en los diferentes medios, tanto digitales como convencionales.<br \/>Finalmente debe entenderse que puede suceder un error tipogr\u00e1fico en la exhibici\u00f3n del precio del producto o promoci\u00f3n, EUPHORIA contactar\u00e1 al cliente antes de realizar su despacho, cancelando el pedido y notific\u00e1ndolo acerca de esta situaci\u00f3n.<\/p>\n<p><strong>DEVOLUCIONES Y CAMBIOS DE PRODUCTO<\/strong><\/p>\n<ul>\n<li>Los cambios permitidos en las prendas son, \u00fanicamente de TALLAS DE LA MISMA REFERENCIA y siempre y cuando se disponga del STOCK.<\/li>\n<li>Los cambios se har\u00e1n solamente del BRASIER (prenda superior). Por higiene y por salud las prendas inferiores no se cambian.<\/li>\n<li>Para el cambio, las prendas deben estar en \u00d3PTIMAS CONDICIONES. NO se aceptar\u00e1n prendas manchadas, sin etiquetas o\u00a0 lavadas y deben ser enviadas en una caja a la oficina de EUPHORIA para que no sufra ning\u00fan tipo de da\u00f1o.<\/li>\n<li>NO existe DEVOLUCI\u00d3N DE DINERO (excepto por problemas generados en la tienda en l\u00ednea)<\/li>\n<li>Se aceptan cambios durante las 72 HORAS H\u00c1BILES despu\u00e9s de que el pedido haya llegado al cliente.<\/li>\n<li>En trajes de ba\u00f1o, bikinis, salidas de playa, pijamas y conjuntos seductores es necesario enviar todo el conjunto para PROCEDER al CAMBIO DE TALLA.<\/li>\n<\/ul>\n<p><strong>RECHAZO DE ORDEN DE COMPRA<\/strong><\/p>\n<p>El rechazo por parte de EUPHORIA a una compra realizada por un cliente se podr\u00e1 llevar a cabo cuando la validaci\u00f3n y aceptaci\u00f3n del pago no sea autorizada por el tercero recaudador que hemos contratado (Tarjeta de cr\u00e9dito \/ Transferencia o Dep\u00f3sito realizado<\/p>\n<p><strong>ENTREGA A DOMICILIO<\/strong><\/p>\n<p><span style=\"color: var( --e-global-color-text ); font-family: var( --e-global-typography-text-font-family ), Sans-serif; font-weight: var( --e-global-typography-text-font-weight ); background-color: var(--et_container-bg-color,transparent);\">EUPHORIA<\/span>\u00a0har\u00e1 entregas a domicilio a todo el Per\u00fa con su operador log\u00edstico. Las condiciones de cobertura estar\u00e1n sujetas a modificaciones seg\u00fan las restricciones de su operador log\u00edstico. Es responsabilidad absoluta del cliente que la direcci\u00f3n sea completa y correcta para facilitar la entrega por parte del operador log\u00edstico. El cliente acepta que tanto\u00a0<span style=\"color: var( --e-global-color-text ); font-family: var( --e-global-typography-text-font-family ), Sans-serif; font-weight: var( --e-global-typography-text-font-weight ); background-color: var(--et_container-bg-color,transparent);\">EUPHORIA<\/span><span style=\"color: inherit; font-family: inherit; font-size: inherit; font-weight: var( --e-global-typography-text-font-weight ); background-color: var(--et_container-bg-color,transparent);\">\u00a0como el operador log\u00edstico, puedan contactarlo a trav\u00e9s de llamadas telef\u00f3nicas, emails u otros medios para poder llevar a cabo un servicio oportuno y de calidad. Las entregas se har\u00e1n dentro de una fecha l\u00edmite que se le comunicar\u00e1 al cliente, sin una hora exacta. Este plazo se cumplir\u00e1 siempre y cuando las condiciones de seguridad y acceso lo permitan, y cuando no se presente un motivo de fuerza mayor. El operador log\u00edstico tiene la responsabilidad de entregar el producto que se describe en la gu\u00eda de remisi\u00f3n, en su empaque original, en buen estado y totalmente sellado y revisarlo est\u00e9ticamente al momento de la entrega. La direcci\u00f3n de env\u00edo nunca podr\u00e1 ser alterada una vez hecha la compra, por motivos de seguridad, los cambios de direcci\u00f3n se dan \u00fanicamente a trav\u00e9s el operador producto o al inmueble. (nota: si el lugar dispuesto por el cliente es de dif\u00edcil acceso el operador deja el producto dentro del domicilio donde lo indique el cliente, no hace intentos que pongan en riesgo su integridad ni la del producto, ej: ingreso por techos o terrazas con sogas, andamios, escaleras, etc.) El operador no puede hacer ninguna actividad adicional a la de entregar el producto con las consideraciones se\u00f1aladas. El valor del despacho a la direcci\u00f3n del cliente depender\u00e1 de la localizaci\u00f3n de la ciudad y del tipo de producto, y ser\u00e1 asumido por el cliente, a menos que se defina de otra manera. El cliente tendr\u00e1 conocimiento de ese valor antes de aceptar la compra. Si en el momento de hacer el env\u00edo no hay nadie quien reciba el producto, este retornar\u00e1 con el operador log\u00edstico y el cliente debe comunicarse con nosotros para reprogramar la entrega. En este caso, se informar\u00e1 al cliente un n\u00famero de cuenta bancaria de\u00a0<\/span><span style=\"color: var( --e-global-color-text ); font-family: var( --e-global-typography-text-font-family ), Sans-serif; font-weight: var( --e-global-typography-text-font-weight ); background-color: var(--et_container-bg-color,transparent);\">EUPHORIA<\/span><span style=\"background-color: var(--et_container-bg-color,transparent); color: inherit; font-family: inherit; font-size: inherit; font-weight: var( --e-global-typography-text-font-weight );\">\u00a0para que cancele el valor correspondiente al despacho, y el cliente deber\u00e1 enviar al email ventas@euphoria.pe, el soporte del pago para reprogramar el env\u00edo. Una vez recibido a satisfacci\u00f3n el producto, nadie est\u00e1 autorizado a retirarlo del sitio de entrega. Es responsabilidad del cliente cualquier autorizaci\u00f3n de movilizar el art\u00edculo, una vez el operador log\u00edstico reciba la gu\u00eda firmada y aceptada.<\/span><\/p>\n<p><strong>POLITICAS DE GARANT\u00cdA<\/strong><\/p>\n<p>Es importante entender que las garant\u00edas no cubren da\u00f1os causados por mal uso o mala manipulaci\u00f3n, as\u00ed como tampoco el desgaste natural del producto causado por el uso normal del mismo.Tu aplicaci\u00f3n de garant\u00eda debe realizarse dentro del tiempo v\u00e1lido posterior a la compra del producto (72 HORAS LUEGO DE HABER RECIBIDO EL PRODUCTO), pasado este tiempo, no se aceptar\u00e1 ning\u00fan reclamo.Los cambios de productos ser\u00e1n v\u00e1lidos \u00fanicamente cuando el producto presente falla de f\u00e1brica en su confecci\u00f3n.\u00a0 El cambio de producto est\u00e1 sujeto a disponibilidad en Stock, en caso de no tener existencias se realizar\u00e1 el env\u00edo cuando la prenda llegue a nuestras bodegas, si la prenda ya no va a llegar a nuestras bodegas se emitir\u00e1 una nota de cr\u00e9dito. La devoluci\u00f3n no incluir\u00e1 el transporte.Es indispensable que el cliente conserve la factura original para realizar la aplicaci\u00f3n de garant\u00eda, EUPHORIA PERU\u00a0 puede requerir este documento en cualquier parte del proceso. Cualquier solicitud de cambio deber\u00e1 ser realizado al correo electr\u00f3nico ventas@euphoria.pe<\/p>\n<p><strong>POL\u00cdTICAS DE PRIVACIDAD<\/strong><\/p>\n<p>La informaci\u00f3n personal proporcionada a\u00a0<span style=\"color: var( --e-global-color-text ); font-family: var( --e-global-typography-text-font-family ), Sans-serif; font-weight: var( --e-global-typography-text-font-weight ); background-color: var(--et_container-bg-color,transparent);\">EUPHORIA<\/span><span style=\"color: inherit; font-family: inherit; font-size: inherit; font-weight: var( --e-global-typography-text-font-weight ); background-color: var(--et_container-bg-color,transparent);\">\u00a0PERU es confidencial y no puede ser comercializada o compartida con personas externas a la organizaci\u00f3n. Respetamos y protegemos su privacidad y reconocemos los derechos que le amparan bajo la normativa existente de Protecci\u00f3n y Pol\u00edtica sobre Tratamiento de Datos Personales.<\/span><\/p>\n<p>La suscripci\u00f3n implica el env\u00edo a su correo electr\u00f3nico de correos con los contenidos de la p\u00e1gina web. Puede, en segundo t\u00e9rmino recibir correos informativos sobre actualizaci\u00f3n de contenidos y\/o servicios y en \u00faltima instancia recibir material promocional de lanzamientos y nuevas colecciones.<\/p>\n<p>Si en alg\u00fan momento no quieres recibir m\u00e1s nuestra informaci\u00f3n todos nuestros correos puedes acceder al enlace de desuscripci\u00f3n al final de cada correo, conociendo que eso implica dejar de recibir los contenidos de\u00a0<span style=\"color: var( --e-global-color-text ); font-family: var( --e-global-typography-text-font-family ), Sans-serif; font-weight: var( --e-global-typography-text-font-weight ); background-color: var(--et_container-bg-color,transparent);\">EUPHORIA<\/span><span style=\"color: inherit; font-family: inherit; font-size: inherit; font-weight: var( --e-global-typography-text-font-weight ); background-color: var(--et_container-bg-color,transparent);\">\u00a0PERU.<\/span><\/p>\n<p><strong>PROPIEDAD INTELECTUAL<\/strong><\/p>\n<p>El contenido publicado en www.euphoria.pe, fotos, marcas, \u00edconos, textos, im\u00e1genes, audios, videos y cualquier informaci\u00f3n en general, son de propiedad exclusiva de EUPHORIA\u00a0y de los proveedores que suministran sus productos. Por este motivo los usuarios de este sitio web, tienen prohibido copiar, modificar, sustraerse, reproducir o reutilizar dicho material para la publicaci\u00f3n en otros sitios web o publicidad en general sin el consentimiento previo de\u00a0<span style=\"color: var( --e-global-color-text ); font-family: var( --e-global-typography-text-font-family ), Sans-serif; font-weight: var( --e-global-typography-text-font-weight ); background-color: var(--et_container-bg-color,transparent);\">EUPHORIA<\/span><span style=\"color: inherit; font-family: inherit; font-size: inherit; font-weight: var( --e-global-typography-text-font-weight ); background-color: var(--et_container-bg-color,transparent);\">.<\/span><\/p>\n<p><strong>T\u00c9RMINOS DE LEY<\/strong><\/p>\n<p>Este documento estar\u00e1 interpretado de acuerdo a las leyes de Per\u00fa, sin dar efecto a cualquier principio de conflictos de ley. Cualquier controversia que genere este documento se someter\u00e1 a la legislaci\u00f3n Peruana y tanto EUPHORIA como el cliente renuncian expresamente a cualquier otra acci\u00f3n que pudiera corresponderles en relaci\u00f3n a su domicilio presente o futuro.<\/p>\n<p><\/p>\t\t\t\t\t\t\t\t<\/div>\n\t\t\t\t<\/div>\n\t\t\t\t\t<\/div>\n\t\t<\/div>\n\t\t\t\t\t<\/div>\n\t\t<\/section>\n\t\t\t\t<\/div>","protected":false},"excerpt":{"rendered":"<p>ACEPTACI\u00d3N Los t\u00e9rminos y condiciones de este documento ser\u00e1n aplicables a los servicios provistos en www.euphoria.pe\u00a0Al ingresar a nuestra tienda en l\u00ednea, el usuario admite haber le\u00eddo, entendido y aceptado los t\u00e9rminos y condiciones descritos en este documento. Los presentes t\u00e9rminos y condiciones pueden estar&#8230;<\/p>","protected":false},"author":1,"featured_media":0,"parent":0,"menu_order":0,"comment_status":"closed","ping_status":"open","template":"","meta":{"_joinchat":[],"footnotes":""},"class_list":["post-2","page","type-page","status-publish","hentry"],"_links":{"self":[{"href":"https:\/\/evocaecuador.com\/en\/wp-json\/wp\/v2\/pages\/2","targetHints":{"allow":["GET"]}}],"collection":[{"href":"https:\/\/evocaecuador.com\/en\/wp-json\/wp\/v2\/pages"}],"about":[{"href":"https:\/\/evocaecuador.com\/en\/wp-json\/wp\/v2\/types\/page"}],"author":[{"embeddable":true,"href":"https:\/\/evocaecuador.com\/en\/wp-json\/wp\/v2\/users\/1"}],"replies":[{"embeddable":true,"href":"https:\/\/evocaecuador.com\/en\/wp-json\/wp\/v2\/comments?post=2"}],"version-history":[{"count":8,"href":"https:\/\/evocaecuador.com\/en\/wp-json\/wp\/v2\/pages\/2\/revisions"}],"predecessor-version":[{"id":9850,"href":"https:\/\/evocaecuador.com\/en\/wp-json\/wp\/v2\/pages\/2\/revisions\/9850"}],"wp:attachment":[{"href":"https:\/\/evocaecuador.com\/en\/wp-json\/wp\/v2\/media?parent=2"}],"curies":[{"name":"wp","href":"https:\/\/api.w.org\/{rel}","templated":true}]}}